{"id":26851,"date":"2021-05-13T13:47:26","date_gmt":"2021-05-13T10:47:26","guid":{"rendered":"https:\/\/hunaja.fi\/?post_type=product&#038;p=26851"},"modified":"2024-03-25T08:25:49","modified_gmt":"2024-03-25T06:25:49","slug":"mehilaispesa-italialaisrotuinen-kahdella-farrar-osastolla-ekm-vapaa","status":"publish","type":"product","link":"https:\/\/hunaja.fi\/en\/tuote\/mehilaispesa-italialaisrotuinen-kahdella-farrar-osastolla-ekm-vapaa\/","title":{"rendered":"Mehil\u00e4ispes\u00e4, italialaisrotuinen yhdell\u00e4 langstroth-osastolla, EKM-vapaa"},"content":{"rendered":"<p>Vahvasti talvehtineet pes\u00e4t ovat yksiosastoisia. Pesiss\u00e4 on hyv\u00e4kuntoiset Langstroth-keh\u00e4t, joissa asuu heti tuotantokuntoisia italialaisrotuisia mehil\u00e4isi\u00e4. Pesi\u00e4 on hoidettu normaalien kev\u00e4thoitotoimenpiteiden mukaan ja varsinaisen kev\u00e4ttarkastuksen suoritamme viel\u00e4 kaikkiin pesiin toukokuun aikana.<\/p>\n<p>Hunajayhtym\u00e4n pesill\u00e4 p\u00e4\u00e4set alkuun harrastuksessa tai t\u00e4ydenn\u00e4t ammattimaista kalustoasi. Pes\u00e4t ovat Hunajayhtym\u00e4n l\u00e4hist\u00f6ll\u00e4 Loimaan seudulla valmiina kuljetuskunnossa. Pes\u00e4n arvolis\u00e4verollinen hinta on 340,00 \u20ac kpl. Pesist\u00e4 on EKM-todistus. Myyt\u00e4vi\u00e4 pesi\u00e4 on rajoitettu m\u00e4\u00e4r\u00e4, ota yhteytt\u00e4 meihin pian.<\/p>\n<p class=\"has-normal-font-size\"><strong>Pesi\u00e4 koskevat tiedustelut:<\/strong><\/p>\n<p class=\"has-normal-font-size\">Hunajayhtym\u00e4n Tuotanto Oy<br \/>\n0400 330 471<br \/>\nhunaja@hunaja.fi<\/p>\n<p class=\"has-normal-font-size\">Hunajayhtym\u00e4, myym\u00e4l\u00e4<br \/>\n040 820 9495<\/p>\n<p>Lis\u00e4\u00e4 tietoa my\u00f6s sivuillamme kohdassa <strong><a href=\"https:\/\/hunaja.fi\/tuottajille\/mehilaispesien-myynti\/\" target=\"_blank\" rel=\"noopener\">mehil\u00e4ispesien myynti<\/a><\/strong>.<\/p>\n","protected":false},"excerpt":{"rendered":"<p>Vahvasti talvehtineet pes\u00e4t ovat yksiosastoisia. Pesiss\u00e4 on hyv\u00e4kuntoiset Langstroth-keh\u00e4t, joissa asuu heti tuotantokuntoisia italialaisrotuisia mehil\u00e4isi\u00e4. Pesi\u00e4 on hoidettu normaalien kev\u00e4thoitotoimenpiteiden mukaan ja varsinaisen kev\u00e4ttarkastuksen suoritamme viel\u00e4 kaikkiin pesiin toukokuun aikana. Hunajayhtym\u00e4n pesill\u00e4 p\u00e4\u00e4set alkuun harrastuksessa tai t\u00e4ydenn\u00e4t ammattimaista kalustoasi. Pes\u00e4t ovat Hunajayhtym\u00e4n l\u00e4hist\u00f6ll\u00e4 Loimaan seudulla valmiina kuljetuskunnossa. Pes\u00e4n arvolis\u00e4verollinen hinta on 340,00 \u20ac kpl. Pesist\u00e4 [&hellip;]<\/p>\n","protected":false},"featured_media":26811,"template":"","meta":{"_acf_changed":false,"_improvement_type_select":"improve_an_existing","_thumb_yes_seoaic":false,"_frame_yes_seoaic":false,"seoaic_generate_description":"","seoaic_improve_instructions_prompt":"","seoaic_rollback_content_improvement":"","seoaic_idea_thumbnail_generator":"","thumbnail_generated":false,"thumbnail_generate_prompt":"","seoaic_article_description":"","site-sidebar-layout":"default","site-content-layout":"default","ast-site-content-layout":"default","site-content-style":"default","site-sidebar-style":"default","ast-global-header-display":"","ast-banner-title-visibility":"","ast-main-header-display":"","ast-hfb-above-header-display":"","ast-hfb-below-header-display":"","ast-hfb-mobile-header-display":"","site-post-title":"","ast-breadcrumbs-content":"","ast-featured-img":"","footer-sml-layout":"","ast-disable-related-posts":"","theme-transparent-header-meta":"default","adv-header-id-meta":"","stick-header-meta":"default","header-above-stick-meta":"","header-main-stick-meta":"","header-below-stick-meta":"","astra-migrate-meta-layouts":"set","ast-page-background-enabled":"default","ast-page-background-meta":{"desktop":{"background-color":"","background-image":"","background-repeat":"repeat","background-position":"center center","background-size":"auto","background-attachment":"scroll","background-type":"","background-media":"","overlay-type":"","overlay-color":"","overlay-opacity":"","overlay-gradient":""},"tablet":{"background-color":"","background-image":"","background-repeat":"repeat","background-position":"center center","background-size":"auto","background-attachment":"scroll","background-type":"","background-media":"","overlay-type":"","overlay-color":"","overlay-opacity":"","overlay-gradient":""},"mobile":{"background-color":"","background-image":"","background-repeat":"repeat","background-position":"center center","background-size":"auto","background-attachment":"scroll","background-type":"","background-media":"","overlay-type":"","overlay-color":"","overlay-opacity":"","overlay-gradient":""}},"ast-content-background-meta":{"desktop":{"background-color":"var(--ast-global-color-5)","background-image":"","background-repeat":"repeat","background-position":"center center","background-size":"auto","background-attachment":"scroll","background-type":"","background-media":"","overlay-type":"","overlay-color":"","overlay-opacity":"","overlay-gradient":""},"tablet":{"background-color":"var(--ast-global-color-5)","background-image":"","background-repeat":"repeat","background-position":"center center","background-size":"auto","background-attachment":"scroll","background-type":"","background-media":"","overlay-type":"","overlay-color":"","overlay-opacity":"","overlay-gradient":""},"mobile":{"background-color":"var(--ast-global-color-5)","background-image":"","background-repeat":"repeat","background-position":"center center","background-size":"auto","background-attachment":"scroll","background-type":"","background-media":"","overlay-type":"","overlay-color":"","overlay-opacity":"","overlay-gradient":""}}},"product_brand":[],"product_cat":[1640],"product_tag":[1641,1642],"class_list":{"0":"post-26851","1":"product","2":"type-product","3":"status-publish","4":"has-post-thumbnail","6":"product_cat-elava-elainaines","7":"product_tag-mehilaispesa","8":"product_tag-mehilaisyhdyskunta","9":"desktop-align-center","10":"tablet-align-center","11":"mobile-align-center","12":"ast-product-gallery-layout-horizontal","13":"ast-product-gallery-with-no-image","14":"ast-magnify-disabled","15":"ast-product-tabs-layout-horizontal","17":"first","18":"outofstock","19":"shipping-taxable","20":"purchasable","21":"product-type-simple"},"acf":[],"yoast_head":"<!-- This site is optimized with the Yoast SEO plugin v26.7 - https:\/\/yoast.com\/wordpress\/plugins\/seo\/ -->\n<title>Mehil\u00e4ispes\u00e4, italialaisrotuinen yhdell\u00e4 langstroth-osastolla, EKM-vapaa - Hunajayhtym\u00e4 Oy<\/title>\n<meta name=\"description\" content=\"Vahvasti talvehtineet pes\u00e4t ovat yksiosastoisia. Pesiss\u00e4 on hyv\u00e4kuntoiset Langstroth-keh\u00e4t, joissa asuu heti tuotantokuntoisia italialaisrotuisia\" \/>\n<meta name=\"robots\" content=\"index, follow, max-snippet:-1, max-image-preview:large, max-video-preview:-1\" \/>\n<link rel=\"canonical\" href=\"https:\/\/hunaja.fi\/tuote\/mehilaispesa-italialaisrotuinen-kahdella-farrar-osastolla-ekm-vapaa\/\" \/>\n<meta property=\"og:locale\" content=\"en_US\" \/>\n<meta property=\"og:type\" content=\"article\" \/>\n<meta property=\"og:title\" content=\"Mehil\u00e4ispes\u00e4, italialaisrotuinen yhdell\u00e4 langstroth-osastolla, EKM-vapaa - Hunajayhtym\u00e4 Oy\" \/>\n<meta property=\"og:description\" content=\"Vahvasti talvehtineet pes\u00e4t ovat yksiosastoisia. Pesiss\u00e4 on hyv\u00e4kuntoiset Langstroth-keh\u00e4t, joissa asuu heti tuotantokuntoisia italialaisrotuisia\" \/>\n<meta property=\"og:url\" content=\"https:\/\/hunaja.fi\/tuote\/mehilaispesa-italialaisrotuinen-kahdella-farrar-osastolla-ekm-vapaa\/\" \/>\n<meta property=\"og:site_name\" content=\"Hunajayhtym\u00e4 Oy\" \/>\n<meta property=\"article:modified_time\" content=\"2024-03-25T06:25:49+00:00\" \/>\n<meta property=\"og:image\" content=\"https:\/\/hunaja.fi\/wp-content\/uploads\/2021\/05\/pesat4.jpg\" \/>\n\t<meta property=\"og:image:width\" content=\"1200\" \/>\n\t<meta property=\"og:image:height\" content=\"1600\" \/>\n\t<meta property=\"og:image:type\" content=\"image\/jpeg\" \/>\n<meta name=\"twitter:card\" content=\"summary_large_image\" \/>\n<meta name=\"twitter:label1\" content=\"Est. reading time\" \/>\n\t<meta name=\"twitter:data1\" content=\"1 minute\" \/>\n<script type=\"application\/ld+json\" class=\"yoast-schema-graph\">{\"@context\":\"https:\/\/schema.org\",\"@graph\":[{\"@type\":\"WebPage\",\"@id\":\"https:\/\/hunaja.fi\/tuote\/mehilaispesa-italialaisrotuinen-kahdella-farrar-osastolla-ekm-vapaa\/\",\"url\":\"https:\/\/hunaja.fi\/tuote\/mehilaispesa-italialaisrotuinen-kahdella-farrar-osastolla-ekm-vapaa\/\",\"name\":\"Mehil\u00e4ispes\u00e4, italialaisrotuinen yhdell\u00e4 langstroth-osastolla, EKM-vapaa - Hunajayhtym\u00e4 Oy\",\"isPartOf\":{\"@id\":\"https:\/\/hunaja.fi\/#website\"},\"primaryImageOfPage\":{\"@id\":\"https:\/\/hunaja.fi\/tuote\/mehilaispesa-italialaisrotuinen-kahdella-farrar-osastolla-ekm-vapaa\/#primaryimage\"},\"image\":{\"@id\":\"https:\/\/hunaja.fi\/tuote\/mehilaispesa-italialaisrotuinen-kahdella-farrar-osastolla-ekm-vapaa\/#primaryimage\"},\"thumbnailUrl\":\"https:\/\/hunaja.fi\/wp-content\/uploads\/2021\/05\/pesat4.jpg\",\"datePublished\":\"2021-05-13T10:47:26+00:00\",\"dateModified\":\"2024-03-25T06:25:49+00:00\",\"description\":\"Vahvasti talvehtineet pes\u00e4t ovat yksiosastoisia. Pesiss\u00e4 on hyv\u00e4kuntoiset Langstroth-keh\u00e4t, joissa asuu heti tuotantokuntoisia italialaisrotuisia\",\"breadcrumb\":{\"@id\":\"https:\/\/hunaja.fi\/tuote\/mehilaispesa-italialaisrotuinen-kahdella-farrar-osastolla-ekm-vapaa\/#breadcrumb\"},\"inLanguage\":\"en-US\",\"potentialAction\":[{\"@type\":\"ReadAction\",\"target\":[\"https:\/\/hunaja.fi\/tuote\/mehilaispesa-italialaisrotuinen-kahdella-farrar-osastolla-ekm-vapaa\/\"]}]},{\"@type\":\"ImageObject\",\"inLanguage\":\"en-US\",\"@id\":\"https:\/\/hunaja.fi\/tuote\/mehilaispesa-italialaisrotuinen-kahdella-farrar-osastolla-ekm-vapaa\/#primaryimage\",\"url\":\"https:\/\/hunaja.fi\/wp-content\/uploads\/2021\/05\/pesat4.jpg\",\"contentUrl\":\"https:\/\/hunaja.fi\/wp-content\/uploads\/2021\/05\/pesat4.jpg\",\"width\":1200,\"height\":1600,\"caption\":\"Mehil\u00e4ispesien myynti\"},{\"@type\":\"BreadcrumbList\",\"@id\":\"https:\/\/hunaja.fi\/tuote\/mehilaispesa-italialaisrotuinen-kahdella-farrar-osastolla-ekm-vapaa\/#breadcrumb\",\"itemListElement\":[{\"@type\":\"ListItem\",\"position\":1,\"name\":\"Etusivu\",\"item\":\"https:\/\/hunaja.fi\/en\/\"},{\"@type\":\"ListItem\",\"position\":2,\"name\":\"Tuotteet\",\"item\":\"https:\/\/hunaja.fi\/kauppapaikka\/tuotteet\/\"},{\"@type\":\"ListItem\",\"position\":3,\"name\":\"El\u00e4v\u00e4 el\u00e4inaines\",\"item\":\"https:\/\/hunaja.fi\/ja\/tuote-osasto\/elava-elainaines\/\"},{\"@type\":\"ListItem\",\"position\":4,\"name\":\"Mehil\u00e4ispes\u00e4, italialaisrotuinen yhdell\u00e4 langstroth-osastolla, EKM-vapaa\"}]},{\"@type\":\"WebSite\",\"@id\":\"https:\/\/hunaja.fi\/#website\",\"url\":\"https:\/\/hunaja.fi\/\",\"name\":\"Hunajayhtym\u00e4 Oy\",\"description\":\"Nature Loves Finnish Floral Honey\",\"publisher\":{\"@id\":\"https:\/\/hunaja.fi\/#organization\"},\"potentialAction\":[{\"@type\":\"SearchAction\",\"target\":{\"@type\":\"EntryPoint\",\"urlTemplate\":\"https:\/\/hunaja.fi\/?s={search_term_string}\"},\"query-input\":{\"@type\":\"PropertyValueSpecification\",\"valueRequired\":true,\"valueName\":\"search_term_string\"}}],\"inLanguage\":\"en-US\"},{\"@type\":\"Organization\",\"@id\":\"https:\/\/hunaja.fi\/#organization\",\"name\":\"Hunajayhtym\u00e4 Oy\",\"url\":\"https:\/\/hunaja.fi\/\",\"logo\":{\"@type\":\"ImageObject\",\"inLanguage\":\"en-US\",\"@id\":\"https:\/\/hunaja.fi\/#\/schema\/logo\/image\/\",\"url\":\"https:\/\/hunaja.fi\/wp-content\/uploads\/2021\/07\/Hunajayhtyma_Logo_VAAKA_slogan_cmyk-01.png\",\"contentUrl\":\"https:\/\/hunaja.fi\/wp-content\/uploads\/2021\/07\/Hunajayhtyma_Logo_VAAKA_slogan_cmyk-01.png\",\"width\":656,\"height\":242,\"caption\":\"Hunajayhtym\u00e4 Oy\"},\"image\":{\"@id\":\"https:\/\/hunaja.fi\/#\/schema\/logo\/image\/\"}}]}<\/script>\n<!-- \/ Yoast SEO plugin. -->","yoast_head_json":{"title":"Mehil\u00e4ispes\u00e4, italialaisrotuinen yhdell\u00e4 langstroth-osastolla, EKM-vapaa - Hunajayhtym\u00e4 Oy","description":"Vahvasti talvehtineet pes\u00e4t ovat yksiosastoisia. Pesiss\u00e4 on hyv\u00e4kuntoiset Langstroth-keh\u00e4t, joissa asuu heti tuotantokuntoisia italialaisrotuisia","robots":{"index":"index","follow":"follow","max-snippet":"max-snippet:-1","max-image-preview":"max-image-preview:large","max-video-preview":"max-video-preview:-1"},"canonical":"https:\/\/hunaja.fi\/tuote\/mehilaispesa-italialaisrotuinen-kahdella-farrar-osastolla-ekm-vapaa\/","og_locale":"en_US","og_type":"article","og_title":"Mehil\u00e4ispes\u00e4, italialaisrotuinen yhdell\u00e4 langstroth-osastolla, EKM-vapaa - Hunajayhtym\u00e4 Oy","og_description":"Vahvasti talvehtineet pes\u00e4t ovat yksiosastoisia. Pesiss\u00e4 on hyv\u00e4kuntoiset Langstroth-keh\u00e4t, joissa asuu heti tuotantokuntoisia italialaisrotuisia","og_url":"https:\/\/hunaja.fi\/tuote\/mehilaispesa-italialaisrotuinen-kahdella-farrar-osastolla-ekm-vapaa\/","og_site_name":"Hunajayhtym\u00e4 Oy","article_modified_time":"2024-03-25T06:25:49+00:00","og_image":[{"width":1200,"height":1600,"url":"https:\/\/hunaja.fi\/wp-content\/uploads\/2021\/05\/pesat4.jpg","type":"image\/jpeg"}],"twitter_card":"summary_large_image","twitter_misc":{"Est. reading time":"1 minute"},"schema":{"@context":"https:\/\/schema.org","@graph":[{"@type":"WebPage","@id":"https:\/\/hunaja.fi\/tuote\/mehilaispesa-italialaisrotuinen-kahdella-farrar-osastolla-ekm-vapaa\/","url":"https:\/\/hunaja.fi\/tuote\/mehilaispesa-italialaisrotuinen-kahdella-farrar-osastolla-ekm-vapaa\/","name":"Mehil\u00e4ispes\u00e4, italialaisrotuinen yhdell\u00e4 langstroth-osastolla, EKM-vapaa - Hunajayhtym\u00e4 Oy","isPartOf":{"@id":"https:\/\/hunaja.fi\/#website"},"primaryImageOfPage":{"@id":"https:\/\/hunaja.fi\/tuote\/mehilaispesa-italialaisrotuinen-kahdella-farrar-osastolla-ekm-vapaa\/#primaryimage"},"image":{"@id":"https:\/\/hunaja.fi\/tuote\/mehilaispesa-italialaisrotuinen-kahdella-farrar-osastolla-ekm-vapaa\/#primaryimage"},"thumbnailUrl":"https:\/\/hunaja.fi\/wp-content\/uploads\/2021\/05\/pesat4.jpg","datePublished":"2021-05-13T10:47:26+00:00","dateModified":"2024-03-25T06:25:49+00:00","description":"Vahvasti talvehtineet pes\u00e4t ovat yksiosastoisia. Pesiss\u00e4 on hyv\u00e4kuntoiset Langstroth-keh\u00e4t, joissa asuu heti tuotantokuntoisia italialaisrotuisia","breadcrumb":{"@id":"https:\/\/hunaja.fi\/tuote\/mehilaispesa-italialaisrotuinen-kahdella-farrar-osastolla-ekm-vapaa\/#breadcrumb"},"inLanguage":"en-US","potentialAction":[{"@type":"ReadAction","target":["https:\/\/hunaja.fi\/tuote\/mehilaispesa-italialaisrotuinen-kahdella-farrar-osastolla-ekm-vapaa\/"]}]},{"@type":"ImageObject","inLanguage":"en-US","@id":"https:\/\/hunaja.fi\/tuote\/mehilaispesa-italialaisrotuinen-kahdella-farrar-osastolla-ekm-vapaa\/#primaryimage","url":"https:\/\/hunaja.fi\/wp-content\/uploads\/2021\/05\/pesat4.jpg","contentUrl":"https:\/\/hunaja.fi\/wp-content\/uploads\/2021\/05\/pesat4.jpg","width":1200,"height":1600,"caption":"Mehil\u00e4ispesien myynti"},{"@type":"BreadcrumbList","@id":"https:\/\/hunaja.fi\/tuote\/mehilaispesa-italialaisrotuinen-kahdella-farrar-osastolla-ekm-vapaa\/#breadcrumb","itemListElement":[{"@type":"ListItem","position":1,"name":"Etusivu","item":"https:\/\/hunaja.fi\/en\/"},{"@type":"ListItem","position":2,"name":"Tuotteet","item":"https:\/\/hunaja.fi\/kauppapaikka\/tuotteet\/"},{"@type":"ListItem","position":3,"name":"El\u00e4v\u00e4 el\u00e4inaines","item":"https:\/\/hunaja.fi\/ja\/tuote-osasto\/elava-elainaines\/"},{"@type":"ListItem","position":4,"name":"Mehil\u00e4ispes\u00e4, italialaisrotuinen yhdell\u00e4 langstroth-osastolla, EKM-vapaa"}]},{"@type":"WebSite","@id":"https:\/\/hunaja.fi\/#website","url":"https:\/\/hunaja.fi\/","name":"Hunajayhtym\u00e4 Oy","description":"Nature Loves Finnish Floral Honey","publisher":{"@id":"https:\/\/hunaja.fi\/#organization"},"potentialAction":[{"@type":"SearchAction","target":{"@type":"EntryPoint","urlTemplate":"https:\/\/hunaja.fi\/?s={search_term_string}"},"query-input":{"@type":"PropertyValueSpecification","valueRequired":true,"valueName":"search_term_string"}}],"inLanguage":"en-US"},{"@type":"Organization","@id":"https:\/\/hunaja.fi\/#organization","name":"Hunajayhtym\u00e4 Oy","url":"https:\/\/hunaja.fi\/","logo":{"@type":"ImageObject","inLanguage":"en-US","@id":"https:\/\/hunaja.fi\/#\/schema\/logo\/image\/","url":"https:\/\/hunaja.fi\/wp-content\/uploads\/2021\/07\/Hunajayhtyma_Logo_VAAKA_slogan_cmyk-01.png","contentUrl":"https:\/\/hunaja.fi\/wp-content\/uploads\/2021\/07\/Hunajayhtyma_Logo_VAAKA_slogan_cmyk-01.png","width":656,"height":242,"caption":"Hunajayhtym\u00e4 Oy"},"image":{"@id":"https:\/\/hunaja.fi\/#\/schema\/logo\/image\/"}}]}},"_links":{"self":[{"href":"https:\/\/hunaja.fi\/en\/wp-json\/wp\/v2\/product\/26851","targetHints":{"allow":["GET"]}}],"collection":[{"href":"https:\/\/hunaja.fi\/en\/wp-json\/wp\/v2\/product"}],"about":[{"href":"https:\/\/hunaja.fi\/en\/wp-json\/wp\/v2\/types\/product"}],"wp:featuredmedia":[{"embeddable":true,"href":"https:\/\/hunaja.fi\/en\/wp-json\/wp\/v2\/media\/26811"}],"wp:attachment":[{"href":"https:\/\/hunaja.fi\/en\/wp-json\/wp\/v2\/media?parent=26851"}],"wp:term":[{"taxonomy":"product_brand","embeddable":true,"href":"https:\/\/hunaja.fi\/en\/wp-json\/wp\/v2\/product_brand?post=26851"},{"taxonomy":"product_cat","embeddable":true,"href":"https:\/\/hunaja.fi\/en\/wp-json\/wp\/v2\/product_cat?post=26851"},{"taxonomy":"product_tag","embeddable":true,"href":"https:\/\/hunaja.fi\/en\/wp-json\/wp\/v2\/product_tag?post=26851"}],"curies":[{"name":"wp","href":"https:\/\/api.w.org\/{rel}","templated":true}]}}