{"id":2671,"date":"2013-11-22T00:00:00","date_gmt":"2013-11-21T22:00:00","guid":{"rendered":"https:\/\/www.hunaja.fi\/tuote\/suojakasineet-kovikevarsi\/"},"modified":"2026-04-14T08:24:56","modified_gmt":"2026-04-14T05:24:56","slug":"suojakasineet-imgut-kovikevarsi","status":"publish","type":"product","link":"https:\/\/hunaja.fi\/en\/tuote\/suojakasineet-imgut-kovikevarsi\/","title":{"rendered":"Suojak\u00e4sineet Imgut, kovikevarsi"},"content":{"rendered":"<p>Nahkak\u00e4sineet, jossa pitk\u00e4t varret on vahvistettu ranteiden kohdalta. Napakka ja paksu nahka suojaa k\u00e4mmenosaa.<\/p>\n<p><strong>Hanskojen numerokokomerkint\u00e4 vastaa yleens\u00e4 k\u00e4mmenen ymp\u00e4rysmittaa leveimm\u00e4st\u00e4 kohtaa tuumina. Hanskojen kokomerkinn\u00e4t saattavat vaihdella jonkin verran eri valmistajien v\u00e4lill\u00e4.<\/strong><\/p>\n","protected":false},"excerpt":{"rendered":"<p>Nahkak\u00e4sineet, jossa pitk\u00e4t varret on vahvistettu ranteiden kohdalta. Napakka ja paksu nahka suojaa k\u00e4mmenosaa. Hanskojen numerokokomerkint\u00e4 vastaa yleens\u00e4 k\u00e4mmenen ymp\u00e4rysmittaa leveimm\u00e4st\u00e4 kohtaa tuumina. Hanskojen kokomerkinn\u00e4t saattavat vaihdella jonkin verran eri valmistajien v\u00e4lill\u00e4.<\/p>\n","protected":false},"featured_media":9630,"template":"","meta":{"_acf_changed":false,"_improvement_type_select":"improve_an_existing","_thumb_yes_seoaic":false,"_frame_yes_seoaic":false,"seoaic_generate_description":"","seoaic_improve_instructions_prompt":"","seoaic_rollback_content_improvement":"","seoaic_idea_thumbnail_generator":"","thumbnail_generated":false,"thumbnail_generate_prompt":"","seoaic_article_description":"","site-sidebar-layout":"default","site-content-layout":"default","ast-site-content-layout":"default","site-content-style":"default","site-sidebar-style":"default","ast-global-header-display":"","ast-banner-title-visibility":"","ast-main-header-display":"","ast-hfb-above-header-display":"","ast-hfb-below-header-display":"","ast-hfb-mobile-header-display":"","site-post-title":"","ast-breadcrumbs-content":"","ast-featured-img":"","footer-sml-layout":"","ast-disable-related-posts":"","theme-transparent-header-meta":"default","adv-header-id-meta":"","stick-header-meta":"default","header-above-stick-meta":"","header-main-stick-meta":"","header-below-stick-meta":"","astra-migrate-meta-layouts":"set","ast-page-background-enabled":"default","ast-page-background-meta":{"desktop":{"background-color":"","background-image":"","background-repeat":"repeat","background-position":"center center","background-size":"auto","background-attachment":"scroll","background-type":"","background-media":"","overlay-type":"","overlay-color":"","overlay-opacity":"","overlay-gradient":""},"tablet":{"background-color":"","background-image":"","background-repeat":"repeat","background-position":"center center","background-size":"auto","background-attachment":"scroll","background-type":"","background-media":"","overlay-type":"","overlay-color":"","overlay-opacity":"","overlay-gradient":""},"mobile":{"background-color":"","background-image":"","background-repeat":"repeat","background-position":"center center","background-size":"auto","background-attachment":"scroll","background-type":"","background-media":"","overlay-type":"","overlay-color":"","overlay-opacity":"","overlay-gradient":""}},"ast-content-background-meta":{"desktop":{"background-color":"var(--ast-global-color-5)","background-image":"","background-repeat":"repeat","background-position":"center center","background-size":"auto","background-attachment":"scroll","background-type":"","background-media":"","overlay-type":"","overlay-color":"","overlay-opacity":"","overlay-gradient":""},"tablet":{"background-color":"var(--ast-global-color-5)","background-image":"","background-repeat":"repeat","background-position":"center center","background-size":"auto","background-attachment":"scroll","background-type":"","background-media":"","overlay-type":"","overlay-color":"","overlay-opacity":"","overlay-gradient":""},"mobile":{"background-color":"var(--ast-global-color-5)","background-image":"","background-repeat":"repeat","background-position":"center center","background-size":"auto","background-attachment":"scroll","background-type":"","background-media":"","overlay-type":"","overlay-color":"","overlay-opacity":"","overlay-gradient":""}}},"product_brand":[],"product_cat":[2035,15],"product_tag":[],"class_list":{"0":"post-2671","1":"product","2":"type-product","3":"status-publish","4":"has-post-thumbnail","6":"product_cat-suojakasineet","7":"product_cat-suojaasut","8":"pa_koko-548","9":"pa_koko-549","10":"pa_koko-550","11":"pa_koko-1137","12":"pa_koko-543","13":"pa_koko-544","14":"pa_koko-547","15":"desktop-align-center","16":"tablet-align-center","17":"mobile-align-center","18":"ast-product-gallery-layout-horizontal","19":"ast-product-gallery-with-no-image","20":"ast-magnify-disabled","21":"ast-product-single-variable","22":"ast-product-tabs-layout-horizontal","24":"first","25":"instock","26":"shipping-taxable","27":"purchasable","28":"product-type-variable"},"acf":[],"yoast_head":"<!-- This site is optimized with the Yoast SEO plugin v26.7 - https:\/\/yoast.com\/wordpress\/plugins\/seo\/ -->\n<title>Suojak\u00e4sineet Imgut, kovikevarsi - Hunajayhtym\u00e4 Oy<\/title>\n<meta name=\"description\" content=\"Nahkak\u00e4sineet, jossa pitk\u00e4t varret on vahvistettu ranteiden kohdalta. Napakka ja paksu nahka suojaa k\u00e4mmenosaa. Hanskojen numerokokomerkint\u00e4 vastaa\" \/>\n<meta name=\"robots\" content=\"index, follow, max-snippet:-1, max-image-preview:large, max-video-preview:-1\" \/>\n<link rel=\"canonical\" href=\"https:\/\/hunaja.fi\/tuote\/suojakasineet-imgut-kovikevarsi\/\" \/>\n<meta property=\"og:locale\" content=\"en_US\" \/>\n<meta property=\"og:type\" content=\"article\" \/>\n<meta property=\"og:title\" content=\"Suojak\u00e4sineet Imgut, kovikevarsi - Hunajayhtym\u00e4 Oy\" \/>\n<meta property=\"og:description\" content=\"Nahkak\u00e4sineet, jossa pitk\u00e4t varret on vahvistettu ranteiden kohdalta. Napakka ja paksu nahka suojaa k\u00e4mmenosaa. Hanskojen numerokokomerkint\u00e4 vastaa\" \/>\n<meta property=\"og:url\" content=\"https:\/\/hunaja.fi\/tuote\/suojakasineet-imgut-kovikevarsi\/\" \/>\n<meta property=\"og:site_name\" content=\"Hunajayhtym\u00e4 Oy\" \/>\n<meta property=\"article:modified_time\" content=\"2026-04-14T05:24:56+00:00\" \/>\n<meta property=\"og:image\" content=\"https:\/\/hunaja.fi\/wp-content\/uploads\/2013\/11\/suojakasine_imgut.jpg\" \/>\n\t<meta property=\"og:image:width\" content=\"500\" \/>\n\t<meta property=\"og:image:height\" content=\"500\" \/>\n\t<meta property=\"og:image:type\" content=\"image\/jpeg\" \/>\n<meta name=\"twitter:card\" content=\"summary_large_image\" \/>\n<meta name=\"twitter:label1\" content=\"Est. reading time\" \/>\n\t<meta name=\"twitter:data1\" content=\"1 minute\" \/>\n<script type=\"application\/ld+json\" class=\"yoast-schema-graph\">{\"@context\":\"https:\/\/schema.org\",\"@graph\":[{\"@type\":\"WebPage\",\"@id\":\"https:\/\/hunaja.fi\/tuote\/suojakasineet-imgut-kovikevarsi\/\",\"url\":\"https:\/\/hunaja.fi\/tuote\/suojakasineet-imgut-kovikevarsi\/\",\"name\":\"Suojak\u00e4sineet Imgut, kovikevarsi - Hunajayhtym\u00e4 Oy\",\"isPartOf\":{\"@id\":\"https:\/\/hunaja.fi\/#website\"},\"primaryImageOfPage\":{\"@id\":\"https:\/\/hunaja.fi\/tuote\/suojakasineet-imgut-kovikevarsi\/#primaryimage\"},\"image\":{\"@id\":\"https:\/\/hunaja.fi\/tuote\/suojakasineet-imgut-kovikevarsi\/#primaryimage\"},\"thumbnailUrl\":\"https:\/\/hunaja.fi\/wp-content\/uploads\/2013\/11\/suojakasine_imgut.jpg\",\"datePublished\":\"2013-11-21T22:00:00+00:00\",\"dateModified\":\"2026-04-14T05:24:56+00:00\",\"description\":\"Nahkak\u00e4sineet, jossa pitk\u00e4t varret on vahvistettu ranteiden kohdalta. Napakka ja paksu nahka suojaa k\u00e4mmenosaa. Hanskojen numerokokomerkint\u00e4 vastaa\",\"breadcrumb\":{\"@id\":\"https:\/\/hunaja.fi\/tuote\/suojakasineet-imgut-kovikevarsi\/#breadcrumb\"},\"inLanguage\":\"en-US\",\"potentialAction\":[{\"@type\":\"ReadAction\",\"target\":[\"https:\/\/hunaja.fi\/tuote\/suojakasineet-imgut-kovikevarsi\/\"]}]},{\"@type\":\"ImageObject\",\"inLanguage\":\"en-US\",\"@id\":\"https:\/\/hunaja.fi\/tuote\/suojakasineet-imgut-kovikevarsi\/#primaryimage\",\"url\":\"https:\/\/hunaja.fi\/wp-content\/uploads\/2013\/11\/suojakasine_imgut.jpg\",\"contentUrl\":\"https:\/\/hunaja.fi\/wp-content\/uploads\/2013\/11\/suojakasine_imgut.jpg\",\"width\":500,\"height\":500},{\"@type\":\"BreadcrumbList\",\"@id\":\"https:\/\/hunaja.fi\/tuote\/suojakasineet-imgut-kovikevarsi\/#breadcrumb\",\"itemListElement\":[{\"@type\":\"ListItem\",\"position\":1,\"name\":\"Etusivu\",\"item\":\"https:\/\/hunaja.fi\/en\/\"},{\"@type\":\"ListItem\",\"position\":2,\"name\":\"Tuotteet\",\"item\":\"https:\/\/hunaja.fi\/kauppapaikka\/tuotteet\/\"},{\"@type\":\"ListItem\",\"position\":3,\"name\":\"Suoja-asut\",\"item\":\"https:\/\/hunaja.fi\/tuote-osasto\/suojaasut\/\"},{\"@type\":\"ListItem\",\"position\":4,\"name\":\"Suojak\u00e4sineet\",\"item\":\"https:\/\/hunaja.fi\/tuote-osasto\/suojaasut\/suojakasineet\/\"},{\"@type\":\"ListItem\",\"position\":5,\"name\":\"Suojak\u00e4sineet Imgut, kovikevarsi\"}]},{\"@type\":\"WebSite\",\"@id\":\"https:\/\/hunaja.fi\/#website\",\"url\":\"https:\/\/hunaja.fi\/\",\"name\":\"Hunajayhtym\u00e4 Oy\",\"description\":\"Nature Loves Finnish Floral Honey\",\"publisher\":{\"@id\":\"https:\/\/hunaja.fi\/#organization\"},\"potentialAction\":[{\"@type\":\"SearchAction\",\"target\":{\"@type\":\"EntryPoint\",\"urlTemplate\":\"https:\/\/hunaja.fi\/?s={search_term_string}\"},\"query-input\":{\"@type\":\"PropertyValueSpecification\",\"valueRequired\":true,\"valueName\":\"search_term_string\"}}],\"inLanguage\":\"en-US\"},{\"@type\":\"Organization\",\"@id\":\"https:\/\/hunaja.fi\/#organization\",\"name\":\"Hunajayhtym\u00e4 Oy\",\"url\":\"https:\/\/hunaja.fi\/\",\"logo\":{\"@type\":\"ImageObject\",\"inLanguage\":\"en-US\",\"@id\":\"https:\/\/hunaja.fi\/#\/schema\/logo\/image\/\",\"url\":\"https:\/\/hunaja.fi\/wp-content\/uploads\/2021\/07\/Hunajayhtyma_Logo_VAAKA_slogan_cmyk-01.png\",\"contentUrl\":\"https:\/\/hunaja.fi\/wp-content\/uploads\/2021\/07\/Hunajayhtyma_Logo_VAAKA_slogan_cmyk-01.png\",\"width\":656,\"height\":242,\"caption\":\"Hunajayhtym\u00e4 Oy\"},\"image\":{\"@id\":\"https:\/\/hunaja.fi\/#\/schema\/logo\/image\/\"}}]}<\/script>\n<!-- \/ Yoast SEO plugin. -->","yoast_head_json":{"title":"Suojak\u00e4sineet Imgut, kovikevarsi - Hunajayhtym\u00e4 Oy","description":"Nahkak\u00e4sineet, jossa pitk\u00e4t varret on vahvistettu ranteiden kohdalta. Napakka ja paksu nahka suojaa k\u00e4mmenosaa. Hanskojen numerokokomerkint\u00e4 vastaa","robots":{"index":"index","follow":"follow","max-snippet":"max-snippet:-1","max-image-preview":"max-image-preview:large","max-video-preview":"max-video-preview:-1"},"canonical":"https:\/\/hunaja.fi\/tuote\/suojakasineet-imgut-kovikevarsi\/","og_locale":"en_US","og_type":"article","og_title":"Suojak\u00e4sineet Imgut, kovikevarsi - Hunajayhtym\u00e4 Oy","og_description":"Nahkak\u00e4sineet, jossa pitk\u00e4t varret on vahvistettu ranteiden kohdalta. Napakka ja paksu nahka suojaa k\u00e4mmenosaa. Hanskojen numerokokomerkint\u00e4 vastaa","og_url":"https:\/\/hunaja.fi\/tuote\/suojakasineet-imgut-kovikevarsi\/","og_site_name":"Hunajayhtym\u00e4 Oy","article_modified_time":"2026-04-14T05:24:56+00:00","og_image":[{"width":500,"height":500,"url":"https:\/\/hunaja.fi\/wp-content\/uploads\/2013\/11\/suojakasine_imgut.jpg","type":"image\/jpeg"}],"twitter_card":"summary_large_image","twitter_misc":{"Est. reading time":"1 minute"},"schema":{"@context":"https:\/\/schema.org","@graph":[{"@type":"WebPage","@id":"https:\/\/hunaja.fi\/tuote\/suojakasineet-imgut-kovikevarsi\/","url":"https:\/\/hunaja.fi\/tuote\/suojakasineet-imgut-kovikevarsi\/","name":"Suojak\u00e4sineet Imgut, kovikevarsi - Hunajayhtym\u00e4 Oy","isPartOf":{"@id":"https:\/\/hunaja.fi\/#website"},"primaryImageOfPage":{"@id":"https:\/\/hunaja.fi\/tuote\/suojakasineet-imgut-kovikevarsi\/#primaryimage"},"image":{"@id":"https:\/\/hunaja.fi\/tuote\/suojakasineet-imgut-kovikevarsi\/#primaryimage"},"thumbnailUrl":"https:\/\/hunaja.fi\/wp-content\/uploads\/2013\/11\/suojakasine_imgut.jpg","datePublished":"2013-11-21T22:00:00+00:00","dateModified":"2026-04-14T05:24:56+00:00","description":"Nahkak\u00e4sineet, jossa pitk\u00e4t varret on vahvistettu ranteiden kohdalta. Napakka ja paksu nahka suojaa k\u00e4mmenosaa. Hanskojen numerokokomerkint\u00e4 vastaa","breadcrumb":{"@id":"https:\/\/hunaja.fi\/tuote\/suojakasineet-imgut-kovikevarsi\/#breadcrumb"},"inLanguage":"en-US","potentialAction":[{"@type":"ReadAction","target":["https:\/\/hunaja.fi\/tuote\/suojakasineet-imgut-kovikevarsi\/"]}]},{"@type":"ImageObject","inLanguage":"en-US","@id":"https:\/\/hunaja.fi\/tuote\/suojakasineet-imgut-kovikevarsi\/#primaryimage","url":"https:\/\/hunaja.fi\/wp-content\/uploads\/2013\/11\/suojakasine_imgut.jpg","contentUrl":"https:\/\/hunaja.fi\/wp-content\/uploads\/2013\/11\/suojakasine_imgut.jpg","width":500,"height":500},{"@type":"BreadcrumbList","@id":"https:\/\/hunaja.fi\/tuote\/suojakasineet-imgut-kovikevarsi\/#breadcrumb","itemListElement":[{"@type":"ListItem","position":1,"name":"Etusivu","item":"https:\/\/hunaja.fi\/en\/"},{"@type":"ListItem","position":2,"name":"Tuotteet","item":"https:\/\/hunaja.fi\/kauppapaikka\/tuotteet\/"},{"@type":"ListItem","position":3,"name":"Suoja-asut","item":"https:\/\/hunaja.fi\/tuote-osasto\/suojaasut\/"},{"@type":"ListItem","position":4,"name":"Suojak\u00e4sineet","item":"https:\/\/hunaja.fi\/tuote-osasto\/suojaasut\/suojakasineet\/"},{"@type":"ListItem","position":5,"name":"Suojak\u00e4sineet Imgut, kovikevarsi"}]},{"@type":"WebSite","@id":"https:\/\/hunaja.fi\/#website","url":"https:\/\/hunaja.fi\/","name":"Hunajayhtym\u00e4 Oy","description":"Nature Loves Finnish Floral Honey","publisher":{"@id":"https:\/\/hunaja.fi\/#organization"},"potentialAction":[{"@type":"SearchAction","target":{"@type":"EntryPoint","urlTemplate":"https:\/\/hunaja.fi\/?s={search_term_string}"},"query-input":{"@type":"PropertyValueSpecification","valueRequired":true,"valueName":"search_term_string"}}],"inLanguage":"en-US"},{"@type":"Organization","@id":"https:\/\/hunaja.fi\/#organization","name":"Hunajayhtym\u00e4 Oy","url":"https:\/\/hunaja.fi\/","logo":{"@type":"ImageObject","inLanguage":"en-US","@id":"https:\/\/hunaja.fi\/#\/schema\/logo\/image\/","url":"https:\/\/hunaja.fi\/wp-content\/uploads\/2021\/07\/Hunajayhtyma_Logo_VAAKA_slogan_cmyk-01.png","contentUrl":"https:\/\/hunaja.fi\/wp-content\/uploads\/2021\/07\/Hunajayhtyma_Logo_VAAKA_slogan_cmyk-01.png","width":656,"height":242,"caption":"Hunajayhtym\u00e4 Oy"},"image":{"@id":"https:\/\/hunaja.fi\/#\/schema\/logo\/image\/"}}]}},"_links":{"self":[{"href":"https:\/\/hunaja.fi\/en\/wp-json\/wp\/v2\/product\/2671","targetHints":{"allow":["GET"]}}],"collection":[{"href":"https:\/\/hunaja.fi\/en\/wp-json\/wp\/v2\/product"}],"about":[{"href":"https:\/\/hunaja.fi\/en\/wp-json\/wp\/v2\/types\/product"}],"wp:featuredmedia":[{"embeddable":true,"href":"https:\/\/hunaja.fi\/en\/wp-json\/wp\/v2\/media\/9630"}],"wp:attachment":[{"href":"https:\/\/hunaja.fi\/en\/wp-json\/wp\/v2\/media?parent=2671"}],"wp:term":[{"taxonomy":"product_brand","embeddable":true,"href":"https:\/\/hunaja.fi\/en\/wp-json\/wp\/v2\/product_brand?post=2671"},{"taxonomy":"product_cat","embeddable":true,"href":"https:\/\/hunaja.fi\/en\/wp-json\/wp\/v2\/product_cat?post=2671"},{"taxonomy":"product_tag","embeddable":true,"href":"https:\/\/hunaja.fi\/en\/wp-json\/wp\/v2\/product_tag?post=2671"}],"curies":[{"name":"wp","href":"https:\/\/api.w.org\/{rel}","templated":true}]}}