{"id":2653,"date":"2013-11-22T00:00:00","date_gmt":"2013-11-21T22:00:00","guid":{"rendered":"https:\/\/www.hunaja.fi\/tuote\/kynttilavahapohjuke-kg-2\/"},"modified":"2026-01-19T10:04:52","modified_gmt":"2026-01-19T08:04:52","slug":"kynttilavahapohjuke-varillinen-kg","status":"publish","type":"product","link":"https:\/\/hunaja.fi\/en\/tuote\/kynttilavahapohjuke-varillinen-kg\/","title":{"rendered":"Kynttil\u00e4vahapohjuke v\u00e4rillinen \/ kg"},"content":{"rendered":"<p>V\u00e4rj\u00e4tty vahapohjuke kynttil\u00f6iden valmistukseen. Levyt myyd\u00e4\u00e4n kiloittain. Yhdess\u00e4 kilogrammassa on noin 12 levy\u00e4. Levyjen m\u00e4\u00e4r\u00e4 vaihtelee johtuen vahalevyjen paksuuden vaihtelusta.<\/p>\n<p>Levy on sellaisenaan melko taipuisa. Varovasti l\u00e4mmitt\u00e4m\u00e4ll\u00e4 (esim. hiustenkuivaajalla) vahalevy\u00e4, saat siit\u00e4 viel\u00e4 helpommin k\u00e4sitelt\u00e4v\u00e4n esimerkiksi rullatessasi kynttil\u00f6it\u00e4.<\/p>\n<p>38*22 cm<\/p>\n","protected":false},"excerpt":{"rendered":"<p>V\u00e4rj\u00e4tty vahapohjuke kynttil\u00f6iden valmistukseen. Levyt myyd\u00e4\u00e4n kiloittain. Yhdess\u00e4 kilogrammassa on noin 12 levy\u00e4. Levyjen m\u00e4\u00e4r\u00e4 vaihtelee johtuen vahalevyjen paksuuden vaihtelusta. Levy on sellaisenaan melko taipuisa. Varovasti l\u00e4mmitt\u00e4m\u00e4ll\u00e4 (esim. hiustenkuivaajalla) vahalevy\u00e4, saat siit\u00e4 viel\u00e4 helpommin k\u00e4sitelt\u00e4v\u00e4n esimerkiksi rullatessasi kynttil\u00f6it\u00e4. 38*22 cm<\/p>\n","protected":false},"featured_media":15634,"template":"","meta":{"_acf_changed":false,"_improvement_type_select":"improve_an_existing","_thumb_yes_seoaic":false,"_frame_yes_seoaic":false,"seoaic_generate_description":"","seoaic_improve_instructions_prompt":"","seoaic_rollback_content_improvement":"","seoaic_idea_thumbnail_generator":"","thumbnail_generated":false,"thumbnail_generate_prompt":"","seoaic_article_description":"","site-sidebar-layout":"default","site-content-layout":"default","ast-site-content-layout":"default","site-content-style":"default","site-sidebar-style":"default","ast-global-header-display":"","ast-banner-title-visibility":"","ast-main-header-display":"","ast-hfb-above-header-display":"","ast-hfb-below-header-display":"","ast-hfb-mobile-header-display":"","site-post-title":"","ast-breadcrumbs-content":"","ast-featured-img":"","footer-sml-layout":"","ast-disable-related-posts":"","theme-transparent-header-meta":"default","adv-header-id-meta":"","stick-header-meta":"default","header-above-stick-meta":"","header-main-stick-meta":"","header-below-stick-meta":"","astra-migrate-meta-layouts":"set","ast-page-background-enabled":"default","ast-page-background-meta":{"desktop":{"background-color":"","background-image":"","background-repeat":"repeat","background-position":"center center","background-size":"auto","background-attachment":"scroll","background-type":"","background-media":"","overlay-type":"","overlay-color":"","overlay-opacity":"","overlay-gradient":""},"tablet":{"background-color":"","background-image":"","background-repeat":"repeat","background-position":"center center","background-size":"auto","background-attachment":"scroll","background-type":"","background-media":"","overlay-type":"","overlay-color":"","overlay-opacity":"","overlay-gradient":""},"mobile":{"background-color":"","background-image":"","background-repeat":"repeat","background-position":"center center","background-size":"auto","background-attachment":"scroll","background-type":"","background-media":"","overlay-type":"","overlay-color":"","overlay-opacity":"","overlay-gradient":""}},"ast-content-background-meta":{"desktop":{"background-color":"var(--ast-global-color-5)","background-image":"","background-repeat":"repeat","background-position":"center center","background-size":"auto","background-attachment":"scroll","background-type":"","background-media":"","overlay-type":"","overlay-color":"","overlay-opacity":"","overlay-gradient":""},"tablet":{"background-color":"var(--ast-global-color-5)","background-image":"","background-repeat":"repeat","background-position":"center center","background-size":"auto","background-attachment":"scroll","background-type":"","background-media":"","overlay-type":"","overlay-color":"","overlay-opacity":"","overlay-gradient":""},"mobile":{"background-color":"var(--ast-global-color-5)","background-image":"","background-repeat":"repeat","background-position":"center center","background-size":"auto","background-attachment":"scroll","background-type":"","background-media":"","overlay-type":"","overlay-color":"","overlay-opacity":"","overlay-gradient":""}}},"product_brand":[],"product_cat":[2243,574],"product_tag":[],"class_list":{"0":"post-2653","1":"product","2":"type-product","3":"status-publish","4":"has-post-thumbnail","6":"product_cat-kynttilavahat","7":"product_cat-kynttilatarvikkeet","8":"pa_vari-yon-sininen","9":"pa_vari-harmaa","10":"pa_vari-joulunvihrea","11":"pa_vari-keltainen","12":"pa_vari-luonnonvalkoinen","13":"pa_vari-meripihka","14":"pa_vari-musta","15":"pa_vari-omenanvihrea","16":"pa_vari-oranssi","17":"pa_vari-petrooli","18":"pa_vari-punainen","19":"pa_vari-roosa","20":"pa_vari-sininen","21":"pa_vari-toffee","22":"pa_vari-tummanpunainen","23":"pa_vari-vaalea-malva","24":"pa_vari-violetti","25":"desktop-align-center","26":"tablet-align-center","27":"mobile-align-center","28":"ast-product-gallery-layout-horizontal","29":"ast-product-gallery-with-no-image","30":"ast-magnify-disabled","31":"ast-product-single-variable","32":"ast-product-tabs-layout-horizontal","34":"first","35":"instock","36":"shipping-taxable","37":"purchasable","38":"product-type-variable"},"acf":[],"yoast_head":"<!-- This site is optimized with the Yoast SEO plugin v26.7 - https:\/\/yoast.com\/wordpress\/plugins\/seo\/ -->\n<title>Kynttil\u00e4vahapohjuke v\u00e4rillinen \/ kg - Hunajayhtym\u00e4 Oy<\/title>\n<meta name=\"description\" content=\"V\u00e4rj\u00e4tty vahapohjuke kynttil\u00f6iden valmistukseen. Levyt myyd\u00e4\u00e4n kiloittain. Yhdess\u00e4 kilogrammassa on noin 12 levy\u00e4. Levyjen m\u00e4\u00e4r\u00e4 vaihtelee johtuen\" \/>\n<meta name=\"robots\" content=\"index, follow, max-snippet:-1, max-image-preview:large, max-video-preview:-1\" \/>\n<link rel=\"canonical\" href=\"https:\/\/hunaja.fi\/tuote\/kynttilavahapohjuke-varillinen-kg\/\" \/>\n<meta property=\"og:locale\" content=\"en_US\" \/>\n<meta property=\"og:type\" content=\"article\" \/>\n<meta property=\"og:title\" content=\"Kynttil\u00e4vahapohjuke v\u00e4rillinen \/ kg - Hunajayhtym\u00e4 Oy\" \/>\n<meta property=\"og:description\" content=\"V\u00e4rj\u00e4tty vahapohjuke kynttil\u00f6iden valmistukseen. Levyt myyd\u00e4\u00e4n kiloittain. Yhdess\u00e4 kilogrammassa on noin 12 levy\u00e4. Levyjen m\u00e4\u00e4r\u00e4 vaihtelee johtuen\" \/>\n<meta property=\"og:url\" content=\"https:\/\/hunaja.fi\/tuote\/kynttilavahapohjuke-varillinen-kg\/\" \/>\n<meta property=\"og:site_name\" content=\"Hunajayhtym\u00e4 Oy\" \/>\n<meta property=\"article:modified_time\" content=\"2026-01-19T08:04:52+00:00\" \/>\n<meta property=\"og:image\" content=\"https:\/\/hunaja.fi\/wp-content\/uploads\/2013\/11\/kyntilavahapohjuke.jpg\" \/>\n\t<meta property=\"og:image:width\" content=\"500\" \/>\n\t<meta property=\"og:image:height\" content=\"391\" \/>\n\t<meta property=\"og:image:type\" content=\"image\/jpeg\" \/>\n<meta name=\"twitter:card\" content=\"summary_large_image\" \/>\n<meta name=\"twitter:label1\" content=\"Est. reading time\" \/>\n\t<meta name=\"twitter:data1\" content=\"1 minute\" \/>\n<script type=\"application\/ld+json\" class=\"yoast-schema-graph\">{\"@context\":\"https:\/\/schema.org\",\"@graph\":[{\"@type\":\"WebPage\",\"@id\":\"https:\/\/hunaja.fi\/tuote\/kynttilavahapohjuke-varillinen-kg\/\",\"url\":\"https:\/\/hunaja.fi\/tuote\/kynttilavahapohjuke-varillinen-kg\/\",\"name\":\"Kynttil\u00e4vahapohjuke v\u00e4rillinen \/ kg - Hunajayhtym\u00e4 Oy\",\"isPartOf\":{\"@id\":\"https:\/\/hunaja.fi\/#website\"},\"primaryImageOfPage\":{\"@id\":\"https:\/\/hunaja.fi\/tuote\/kynttilavahapohjuke-varillinen-kg\/#primaryimage\"},\"image\":{\"@id\":\"https:\/\/hunaja.fi\/tuote\/kynttilavahapohjuke-varillinen-kg\/#primaryimage\"},\"thumbnailUrl\":\"https:\/\/hunaja.fi\/wp-content\/uploads\/2013\/11\/kyntilavahapohjuke.jpg\",\"datePublished\":\"2013-11-21T22:00:00+00:00\",\"dateModified\":\"2026-01-19T08:04:52+00:00\",\"description\":\"V\u00e4rj\u00e4tty vahapohjuke kynttil\u00f6iden valmistukseen. Levyt myyd\u00e4\u00e4n kiloittain. Yhdess\u00e4 kilogrammassa on noin 12 levy\u00e4. Levyjen m\u00e4\u00e4r\u00e4 vaihtelee johtuen\",\"breadcrumb\":{\"@id\":\"https:\/\/hunaja.fi\/tuote\/kynttilavahapohjuke-varillinen-kg\/#breadcrumb\"},\"inLanguage\":\"en-US\",\"potentialAction\":[{\"@type\":\"ReadAction\",\"target\":[\"https:\/\/hunaja.fi\/tuote\/kynttilavahapohjuke-varillinen-kg\/\"]}]},{\"@type\":\"ImageObject\",\"inLanguage\":\"en-US\",\"@id\":\"https:\/\/hunaja.fi\/tuote\/kynttilavahapohjuke-varillinen-kg\/#primaryimage\",\"url\":\"https:\/\/hunaja.fi\/wp-content\/uploads\/2013\/11\/kyntilavahapohjuke.jpg\",\"contentUrl\":\"https:\/\/hunaja.fi\/wp-content\/uploads\/2013\/11\/kyntilavahapohjuke.jpg\",\"width\":500,\"height\":391},{\"@type\":\"BreadcrumbList\",\"@id\":\"https:\/\/hunaja.fi\/tuote\/kynttilavahapohjuke-varillinen-kg\/#breadcrumb\",\"itemListElement\":[{\"@type\":\"ListItem\",\"position\":1,\"name\":\"Etusivu\",\"item\":\"https:\/\/hunaja.fi\/en\/\"},{\"@type\":\"ListItem\",\"position\":2,\"name\":\"Tuotteet\",\"item\":\"https:\/\/hunaja.fi\/kauppapaikka\/tuotteet\/\"},{\"@type\":\"ListItem\",\"position\":3,\"name\":\"Kynttil\u00e4tarvikkeet\",\"item\":\"https:\/\/hunaja.fi\/tuote-osasto\/kynttilatarvikkeet\/\"},{\"@type\":\"ListItem\",\"position\":4,\"name\":\"Kynttil\u00e4vahapohjuke v\u00e4rillinen \/ kg\"}]},{\"@type\":\"WebSite\",\"@id\":\"https:\/\/hunaja.fi\/#website\",\"url\":\"https:\/\/hunaja.fi\/\",\"name\":\"Hunajayhtym\u00e4 Oy\",\"description\":\"Nature Loves Finnish Floral Honey\",\"publisher\":{\"@id\":\"https:\/\/hunaja.fi\/#organization\"},\"potentialAction\":[{\"@type\":\"SearchAction\",\"target\":{\"@type\":\"EntryPoint\",\"urlTemplate\":\"https:\/\/hunaja.fi\/?s={search_term_string}\"},\"query-input\":{\"@type\":\"PropertyValueSpecification\",\"valueRequired\":true,\"valueName\":\"search_term_string\"}}],\"inLanguage\":\"en-US\"},{\"@type\":\"Organization\",\"@id\":\"https:\/\/hunaja.fi\/#organization\",\"name\":\"Hunajayhtym\u00e4 Oy\",\"url\":\"https:\/\/hunaja.fi\/\",\"logo\":{\"@type\":\"ImageObject\",\"inLanguage\":\"en-US\",\"@id\":\"https:\/\/hunaja.fi\/#\/schema\/logo\/image\/\",\"url\":\"https:\/\/hunaja.fi\/wp-content\/uploads\/2021\/07\/Hunajayhtyma_Logo_VAAKA_slogan_cmyk-01.png\",\"contentUrl\":\"https:\/\/hunaja.fi\/wp-content\/uploads\/2021\/07\/Hunajayhtyma_Logo_VAAKA_slogan_cmyk-01.png\",\"width\":656,\"height\":242,\"caption\":\"Hunajayhtym\u00e4 Oy\"},\"image\":{\"@id\":\"https:\/\/hunaja.fi\/#\/schema\/logo\/image\/\"}}]}<\/script>\n<!-- \/ Yoast SEO plugin. -->","yoast_head_json":{"title":"Kynttil\u00e4vahapohjuke v\u00e4rillinen \/ kg - Hunajayhtym\u00e4 Oy","description":"V\u00e4rj\u00e4tty vahapohjuke kynttil\u00f6iden valmistukseen. Levyt myyd\u00e4\u00e4n kiloittain. Yhdess\u00e4 kilogrammassa on noin 12 levy\u00e4. Levyjen m\u00e4\u00e4r\u00e4 vaihtelee johtuen","robots":{"index":"index","follow":"follow","max-snippet":"max-snippet:-1","max-image-preview":"max-image-preview:large","max-video-preview":"max-video-preview:-1"},"canonical":"https:\/\/hunaja.fi\/tuote\/kynttilavahapohjuke-varillinen-kg\/","og_locale":"en_US","og_type":"article","og_title":"Kynttil\u00e4vahapohjuke v\u00e4rillinen \/ kg - Hunajayhtym\u00e4 Oy","og_description":"V\u00e4rj\u00e4tty vahapohjuke kynttil\u00f6iden valmistukseen. Levyt myyd\u00e4\u00e4n kiloittain. Yhdess\u00e4 kilogrammassa on noin 12 levy\u00e4. Levyjen m\u00e4\u00e4r\u00e4 vaihtelee johtuen","og_url":"https:\/\/hunaja.fi\/tuote\/kynttilavahapohjuke-varillinen-kg\/","og_site_name":"Hunajayhtym\u00e4 Oy","article_modified_time":"2026-01-19T08:04:52+00:00","og_image":[{"width":500,"height":391,"url":"https:\/\/hunaja.fi\/wp-content\/uploads\/2013\/11\/kyntilavahapohjuke.jpg","type":"image\/jpeg"}],"twitter_card":"summary_large_image","twitter_misc":{"Est. reading time":"1 minute"},"schema":{"@context":"https:\/\/schema.org","@graph":[{"@type":"WebPage","@id":"https:\/\/hunaja.fi\/tuote\/kynttilavahapohjuke-varillinen-kg\/","url":"https:\/\/hunaja.fi\/tuote\/kynttilavahapohjuke-varillinen-kg\/","name":"Kynttil\u00e4vahapohjuke v\u00e4rillinen \/ kg - Hunajayhtym\u00e4 Oy","isPartOf":{"@id":"https:\/\/hunaja.fi\/#website"},"primaryImageOfPage":{"@id":"https:\/\/hunaja.fi\/tuote\/kynttilavahapohjuke-varillinen-kg\/#primaryimage"},"image":{"@id":"https:\/\/hunaja.fi\/tuote\/kynttilavahapohjuke-varillinen-kg\/#primaryimage"},"thumbnailUrl":"https:\/\/hunaja.fi\/wp-content\/uploads\/2013\/11\/kyntilavahapohjuke.jpg","datePublished":"2013-11-21T22:00:00+00:00","dateModified":"2026-01-19T08:04:52+00:00","description":"V\u00e4rj\u00e4tty vahapohjuke kynttil\u00f6iden valmistukseen. Levyt myyd\u00e4\u00e4n kiloittain. Yhdess\u00e4 kilogrammassa on noin 12 levy\u00e4. Levyjen m\u00e4\u00e4r\u00e4 vaihtelee johtuen","breadcrumb":{"@id":"https:\/\/hunaja.fi\/tuote\/kynttilavahapohjuke-varillinen-kg\/#breadcrumb"},"inLanguage":"en-US","potentialAction":[{"@type":"ReadAction","target":["https:\/\/hunaja.fi\/tuote\/kynttilavahapohjuke-varillinen-kg\/"]}]},{"@type":"ImageObject","inLanguage":"en-US","@id":"https:\/\/hunaja.fi\/tuote\/kynttilavahapohjuke-varillinen-kg\/#primaryimage","url":"https:\/\/hunaja.fi\/wp-content\/uploads\/2013\/11\/kyntilavahapohjuke.jpg","contentUrl":"https:\/\/hunaja.fi\/wp-content\/uploads\/2013\/11\/kyntilavahapohjuke.jpg","width":500,"height":391},{"@type":"BreadcrumbList","@id":"https:\/\/hunaja.fi\/tuote\/kynttilavahapohjuke-varillinen-kg\/#breadcrumb","itemListElement":[{"@type":"ListItem","position":1,"name":"Etusivu","item":"https:\/\/hunaja.fi\/en\/"},{"@type":"ListItem","position":2,"name":"Tuotteet","item":"https:\/\/hunaja.fi\/kauppapaikka\/tuotteet\/"},{"@type":"ListItem","position":3,"name":"Kynttil\u00e4tarvikkeet","item":"https:\/\/hunaja.fi\/tuote-osasto\/kynttilatarvikkeet\/"},{"@type":"ListItem","position":4,"name":"Kynttil\u00e4vahapohjuke v\u00e4rillinen \/ kg"}]},{"@type":"WebSite","@id":"https:\/\/hunaja.fi\/#website","url":"https:\/\/hunaja.fi\/","name":"Hunajayhtym\u00e4 Oy","description":"Nature Loves Finnish Floral Honey","publisher":{"@id":"https:\/\/hunaja.fi\/#organization"},"potentialAction":[{"@type":"SearchAction","target":{"@type":"EntryPoint","urlTemplate":"https:\/\/hunaja.fi\/?s={search_term_string}"},"query-input":{"@type":"PropertyValueSpecification","valueRequired":true,"valueName":"search_term_string"}}],"inLanguage":"en-US"},{"@type":"Organization","@id":"https:\/\/hunaja.fi\/#organization","name":"Hunajayhtym\u00e4 Oy","url":"https:\/\/hunaja.fi\/","logo":{"@type":"ImageObject","inLanguage":"en-US","@id":"https:\/\/hunaja.fi\/#\/schema\/logo\/image\/","url":"https:\/\/hunaja.fi\/wp-content\/uploads\/2021\/07\/Hunajayhtyma_Logo_VAAKA_slogan_cmyk-01.png","contentUrl":"https:\/\/hunaja.fi\/wp-content\/uploads\/2021\/07\/Hunajayhtyma_Logo_VAAKA_slogan_cmyk-01.png","width":656,"height":242,"caption":"Hunajayhtym\u00e4 Oy"},"image":{"@id":"https:\/\/hunaja.fi\/#\/schema\/logo\/image\/"}}]}},"_links":{"self":[{"href":"https:\/\/hunaja.fi\/en\/wp-json\/wp\/v2\/product\/2653","targetHints":{"allow":["GET"]}}],"collection":[{"href":"https:\/\/hunaja.fi\/en\/wp-json\/wp\/v2\/product"}],"about":[{"href":"https:\/\/hunaja.fi\/en\/wp-json\/wp\/v2\/types\/product"}],"wp:featuredmedia":[{"embeddable":true,"href":"https:\/\/hunaja.fi\/en\/wp-json\/wp\/v2\/media\/15634"}],"wp:attachment":[{"href":"https:\/\/hunaja.fi\/en\/wp-json\/wp\/v2\/media?parent=2653"}],"wp:term":[{"taxonomy":"product_brand","embeddable":true,"href":"https:\/\/hunaja.fi\/en\/wp-json\/wp\/v2\/product_brand?post=2653"},{"taxonomy":"product_cat","embeddable":true,"href":"https:\/\/hunaja.fi\/en\/wp-json\/wp\/v2\/product_cat?post=2653"},{"taxonomy":"product_tag","embeddable":true,"href":"https:\/\/hunaja.fi\/en\/wp-json\/wp\/v2\/product_tag?post=2653"}],"curies":[{"name":"wp","href":"https:\/\/api.w.org\/{rel}","templated":true}]}}