{"id":25277,"date":"2020-10-30T09:01:57","date_gmt":"2020-10-30T07:01:57","guid":{"rendered":"https:\/\/hunaja.fi\/?post_type=product&#038;p=25277"},"modified":"2025-06-02T11:21:15","modified_gmt":"2025-06-02T08:21:15","slug":"kirkas-hunajatolkki-450-g-kansi-laatikoittain","status":"publish","type":"product","link":"https:\/\/hunaja.fi\/en\/tuote\/kirkas-hunajatolkki-450-g-kansi-laatikoittain\/","title":{"rendered":"Kirkas hunajat\u00f6lkki 450 g + kansi Laatikoittain"},"content":{"rendered":"<p>Kirkas hunajat\u00f6lkki, johon mahtuu 450 g hunajaa. Hinta sis\u00e4lt\u00e4\u00e4 valkoisen kannen. Laatikossa 646 kpl<\/p>\n<p>Hinta kpl 0,21<\/p>\n","protected":false},"excerpt":{"rendered":"<p>Kirkas hunajat\u00f6lkki, johon mahtuu 450 g hunajaa. Hinta sis\u00e4lt\u00e4\u00e4 valkoisen kannen. Laatikossa 646 kpl Hinta kpl 0,21<\/p>\n","protected":false},"featured_media":11220,"template":"","meta":{"_acf_changed":false,"_improvement_type_select":"improve_an_existing","_thumb_yes_seoaic":false,"_frame_yes_seoaic":false,"seoaic_generate_description":"","seoaic_improve_instructions_prompt":"","seoaic_rollback_content_improvement":"","seoaic_idea_thumbnail_generator":"","thumbnail_generated":false,"thumbnail_generate_prompt":"","seoaic_article_description":"","site-sidebar-layout":"default","site-content-layout":"","ast-site-content-layout":"default","site-content-style":"default","site-sidebar-style":"default","ast-global-header-display":"","ast-banner-title-visibility":"","ast-main-header-display":"","ast-hfb-above-header-display":"","ast-hfb-below-header-display":"","ast-hfb-mobile-header-display":"","site-post-title":"","ast-breadcrumbs-content":"","ast-featured-img":"","footer-sml-layout":"","ast-disable-related-posts":"","theme-transparent-header-meta":"default","adv-header-id-meta":"","stick-header-meta":"default","header-above-stick-meta":"","header-main-stick-meta":"","header-below-stick-meta":"","astra-migrate-meta-layouts":"set","ast-page-background-enabled":"default","ast-page-background-meta":{"desktop":{"background-color":"","background-image":"","background-repeat":"repeat","background-position":"center center","background-size":"auto","background-attachment":"scroll","background-type":"","background-media":"","overlay-type":"","overlay-color":"","overlay-opacity":"","overlay-gradient":""},"tablet":{"background-color":"","background-image":"","background-repeat":"repeat","background-position":"center center","background-size":"auto","background-attachment":"scroll","background-type":"","background-media":"","overlay-type":"","overlay-color":"","overlay-opacity":"","overlay-gradient":""},"mobile":{"background-color":"","background-image":"","background-repeat":"repeat","background-position":"center center","background-size":"auto","background-attachment":"scroll","background-type":"","background-media":"","overlay-type":"","overlay-color":"","overlay-opacity":"","overlay-gradient":""}},"ast-content-background-meta":{"desktop":{"background-color":"var(--ast-global-color-5)","background-image":"","background-repeat":"repeat","background-position":"center center","background-size":"auto","background-attachment":"scroll","background-type":"","background-media":"","overlay-type":"","overlay-color":"","overlay-opacity":"","overlay-gradient":""},"tablet":{"background-color":"var(--ast-global-color-5)","background-image":"","background-repeat":"repeat","background-position":"center center","background-size":"auto","background-attachment":"scroll","background-type":"","background-media":"","overlay-type":"","overlay-color":"","overlay-opacity":"","overlay-gradient":""},"mobile":{"background-color":"var(--ast-global-color-5)","background-image":"","background-repeat":"repeat","background-position":"center center","background-size":"auto","background-attachment":"scroll","background-type":"","background-media":"","overlay-type":"","overlay-color":"","overlay-opacity":"","overlay-gradient":""}}},"product_brand":[],"product_cat":[1893,1567],"product_tag":[],"class_list":{"0":"post-25277","1":"product","2":"type-product","3":"status-publish","4":"has-post-thumbnail","6":"product_cat-tolkitjapullot2","7":"product_cat-muovitolkit","8":"desktop-align-center","9":"tablet-align-center","10":"mobile-align-center","11":"ast-product-gallery-layout-horizontal","12":"ast-product-gallery-with-no-image","13":"ast-magnify-disabled","14":"ast-product-tabs-layout-horizontal","16":"first","17":"instock","18":"shipping-taxable","19":"purchasable","20":"product-type-simple"},"acf":[],"yoast_head":"<!-- This site is optimized with the Yoast SEO plugin v26.7 - https:\/\/yoast.com\/wordpress\/plugins\/seo\/ -->\n<title>Kirkas hunajat\u00f6lkki 450 g + kansi Laatikoittain - Hunajayhtym\u00e4 Oy<\/title>\n<meta name=\"description\" content=\"Kirkas hunajat\u00f6lkki, johon mahtuu 450 g hunajaa. Hinta sis\u00e4lt\u00e4\u00e4 valkoisen kannen. Laatikossa 646 kpl  Hinta kpl 0,21\" \/>\n<meta name=\"robots\" content=\"index, follow, max-snippet:-1, max-image-preview:large, max-video-preview:-1\" \/>\n<link rel=\"canonical\" href=\"https:\/\/hunaja.fi\/tuote\/kirkas-hunajatolkki-450-g-kansi-laatikoittain\/\" \/>\n<meta property=\"og:locale\" content=\"en_US\" \/>\n<meta property=\"og:type\" content=\"article\" \/>\n<meta property=\"og:title\" content=\"Kirkas hunajat\u00f6lkki 450 g + kansi Laatikoittain - Hunajayhtym\u00e4 Oy\" \/>\n<meta property=\"og:description\" content=\"Kirkas hunajat\u00f6lkki, johon mahtuu 450 g hunajaa. Hinta sis\u00e4lt\u00e4\u00e4 valkoisen kannen. Laatikossa 646 kpl  Hinta kpl 0,21\" \/>\n<meta property=\"og:url\" content=\"https:\/\/hunaja.fi\/tuote\/kirkas-hunajatolkki-450-g-kansi-laatikoittain\/\" \/>\n<meta property=\"og:site_name\" content=\"Hunajayhtym\u00e4 Oy\" \/>\n<meta property=\"article:modified_time\" content=\"2025-06-02T08:21:15+00:00\" \/>\n<meta property=\"og:image\" content=\"https:\/\/hunaja.fi\/wp-content\/uploads\/2016\/05\/kirkastolkki450g.jpg\" \/>\n\t<meta property=\"og:image:width\" content=\"1708\" \/>\n\t<meta property=\"og:image:height\" content=\"1688\" \/>\n\t<meta property=\"og:image:type\" content=\"image\/jpeg\" \/>\n<meta name=\"twitter:card\" content=\"summary_large_image\" \/>\n<meta name=\"twitter:label1\" content=\"Est. reading time\" \/>\n\t<meta name=\"twitter:data1\" content=\"1 minute\" \/>\n<script type=\"application\/ld+json\" class=\"yoast-schema-graph\">{\"@context\":\"https:\/\/schema.org\",\"@graph\":[{\"@type\":\"WebPage\",\"@id\":\"https:\/\/hunaja.fi\/tuote\/kirkas-hunajatolkki-450-g-kansi-laatikoittain\/\",\"url\":\"https:\/\/hunaja.fi\/tuote\/kirkas-hunajatolkki-450-g-kansi-laatikoittain\/\",\"name\":\"Kirkas hunajat\u00f6lkki 450 g + kansi Laatikoittain - Hunajayhtym\u00e4 Oy\",\"isPartOf\":{\"@id\":\"https:\/\/hunaja.fi\/#website\"},\"primaryImageOfPage\":{\"@id\":\"https:\/\/hunaja.fi\/tuote\/kirkas-hunajatolkki-450-g-kansi-laatikoittain\/#primaryimage\"},\"image\":{\"@id\":\"https:\/\/hunaja.fi\/tuote\/kirkas-hunajatolkki-450-g-kansi-laatikoittain\/#primaryimage\"},\"thumbnailUrl\":\"https:\/\/hunaja.fi\/wp-content\/uploads\/2016\/05\/kirkastolkki450g.jpg\",\"datePublished\":\"2020-10-30T07:01:57+00:00\",\"dateModified\":\"2025-06-02T08:21:15+00:00\",\"description\":\"Kirkas hunajat\u00f6lkki, johon mahtuu 450 g hunajaa. Hinta sis\u00e4lt\u00e4\u00e4 valkoisen kannen. Laatikossa 646 kpl Hinta kpl 0,21\",\"breadcrumb\":{\"@id\":\"https:\/\/hunaja.fi\/tuote\/kirkas-hunajatolkki-450-g-kansi-laatikoittain\/#breadcrumb\"},\"inLanguage\":\"en-US\",\"potentialAction\":[{\"@type\":\"ReadAction\",\"target\":[\"https:\/\/hunaja.fi\/tuote\/kirkas-hunajatolkki-450-g-kansi-laatikoittain\/\"]}]},{\"@type\":\"ImageObject\",\"inLanguage\":\"en-US\",\"@id\":\"https:\/\/hunaja.fi\/tuote\/kirkas-hunajatolkki-450-g-kansi-laatikoittain\/#primaryimage\",\"url\":\"https:\/\/hunaja.fi\/wp-content\/uploads\/2016\/05\/kirkastolkki450g.jpg\",\"contentUrl\":\"https:\/\/hunaja.fi\/wp-content\/uploads\/2016\/05\/kirkastolkki450g.jpg\",\"width\":1708,\"height\":1688},{\"@type\":\"BreadcrumbList\",\"@id\":\"https:\/\/hunaja.fi\/tuote\/kirkas-hunajatolkki-450-g-kansi-laatikoittain\/#breadcrumb\",\"itemListElement\":[{\"@type\":\"ListItem\",\"position\":1,\"name\":\"Etusivu\",\"item\":\"https:\/\/hunaja.fi\/en\/\"},{\"@type\":\"ListItem\",\"position\":2,\"name\":\"Tuotteet\",\"item\":\"https:\/\/hunaja.fi\/kauppapaikka\/tuotteet\/\"},{\"@type\":\"ListItem\",\"position\":3,\"name\":\"Pakkaustarvikkeet\",\"item\":\"https:\/\/hunaja.fi\/tuote-osasto\/pakkaustarvikkeet\/\"},{\"@type\":\"ListItem\",\"position\":4,\"name\":\"Muovit\u00f6lkit ja Pullot\",\"item\":\"https:\/\/hunaja.fi\/tuote-osasto\/pakkaustarvikkeet\/muovitolkit\/\"},{\"@type\":\"ListItem\",\"position\":5,\"name\":\"Kirkas hunajat\u00f6lkki 450 g + kansi Laatikoittain\"}]},{\"@type\":\"WebSite\",\"@id\":\"https:\/\/hunaja.fi\/#website\",\"url\":\"https:\/\/hunaja.fi\/\",\"name\":\"Hunajayhtym\u00e4 Oy\",\"description\":\"Nature Loves Finnish Floral Honey\",\"publisher\":{\"@id\":\"https:\/\/hunaja.fi\/#organization\"},\"potentialAction\":[{\"@type\":\"SearchAction\",\"target\":{\"@type\":\"EntryPoint\",\"urlTemplate\":\"https:\/\/hunaja.fi\/?s={search_term_string}\"},\"query-input\":{\"@type\":\"PropertyValueSpecification\",\"valueRequired\":true,\"valueName\":\"search_term_string\"}}],\"inLanguage\":\"en-US\"},{\"@type\":\"Organization\",\"@id\":\"https:\/\/hunaja.fi\/#organization\",\"name\":\"Hunajayhtym\u00e4 Oy\",\"url\":\"https:\/\/hunaja.fi\/\",\"logo\":{\"@type\":\"ImageObject\",\"inLanguage\":\"en-US\",\"@id\":\"https:\/\/hunaja.fi\/#\/schema\/logo\/image\/\",\"url\":\"https:\/\/hunaja.fi\/wp-content\/uploads\/2021\/07\/Hunajayhtyma_Logo_VAAKA_slogan_cmyk-01.png\",\"contentUrl\":\"https:\/\/hunaja.fi\/wp-content\/uploads\/2021\/07\/Hunajayhtyma_Logo_VAAKA_slogan_cmyk-01.png\",\"width\":656,\"height\":242,\"caption\":\"Hunajayhtym\u00e4 Oy\"},\"image\":{\"@id\":\"https:\/\/hunaja.fi\/#\/schema\/logo\/image\/\"}}]}<\/script>\n<!-- \/ Yoast SEO plugin. -->","yoast_head_json":{"title":"Kirkas hunajat\u00f6lkki 450 g + kansi Laatikoittain - Hunajayhtym\u00e4 Oy","description":"Kirkas hunajat\u00f6lkki, johon mahtuu 450 g hunajaa. Hinta sis\u00e4lt\u00e4\u00e4 valkoisen kannen. Laatikossa 646 kpl  Hinta kpl 0,21","robots":{"index":"index","follow":"follow","max-snippet":"max-snippet:-1","max-image-preview":"max-image-preview:large","max-video-preview":"max-video-preview:-1"},"canonical":"https:\/\/hunaja.fi\/tuote\/kirkas-hunajatolkki-450-g-kansi-laatikoittain\/","og_locale":"en_US","og_type":"article","og_title":"Kirkas hunajat\u00f6lkki 450 g + kansi Laatikoittain - Hunajayhtym\u00e4 Oy","og_description":"Kirkas hunajat\u00f6lkki, johon mahtuu 450 g hunajaa. Hinta sis\u00e4lt\u00e4\u00e4 valkoisen kannen. Laatikossa 646 kpl  Hinta kpl 0,21","og_url":"https:\/\/hunaja.fi\/tuote\/kirkas-hunajatolkki-450-g-kansi-laatikoittain\/","og_site_name":"Hunajayhtym\u00e4 Oy","article_modified_time":"2025-06-02T08:21:15+00:00","og_image":[{"width":1708,"height":1688,"url":"https:\/\/hunaja.fi\/wp-content\/uploads\/2016\/05\/kirkastolkki450g.jpg","type":"image\/jpeg"}],"twitter_card":"summary_large_image","twitter_misc":{"Est. reading time":"1 minute"},"schema":{"@context":"https:\/\/schema.org","@graph":[{"@type":"WebPage","@id":"https:\/\/hunaja.fi\/tuote\/kirkas-hunajatolkki-450-g-kansi-laatikoittain\/","url":"https:\/\/hunaja.fi\/tuote\/kirkas-hunajatolkki-450-g-kansi-laatikoittain\/","name":"Kirkas hunajat\u00f6lkki 450 g + kansi Laatikoittain - Hunajayhtym\u00e4 Oy","isPartOf":{"@id":"https:\/\/hunaja.fi\/#website"},"primaryImageOfPage":{"@id":"https:\/\/hunaja.fi\/tuote\/kirkas-hunajatolkki-450-g-kansi-laatikoittain\/#primaryimage"},"image":{"@id":"https:\/\/hunaja.fi\/tuote\/kirkas-hunajatolkki-450-g-kansi-laatikoittain\/#primaryimage"},"thumbnailUrl":"https:\/\/hunaja.fi\/wp-content\/uploads\/2016\/05\/kirkastolkki450g.jpg","datePublished":"2020-10-30T07:01:57+00:00","dateModified":"2025-06-02T08:21:15+00:00","description":"Kirkas hunajat\u00f6lkki, johon mahtuu 450 g hunajaa. Hinta sis\u00e4lt\u00e4\u00e4 valkoisen kannen. Laatikossa 646 kpl Hinta kpl 0,21","breadcrumb":{"@id":"https:\/\/hunaja.fi\/tuote\/kirkas-hunajatolkki-450-g-kansi-laatikoittain\/#breadcrumb"},"inLanguage":"en-US","potentialAction":[{"@type":"ReadAction","target":["https:\/\/hunaja.fi\/tuote\/kirkas-hunajatolkki-450-g-kansi-laatikoittain\/"]}]},{"@type":"ImageObject","inLanguage":"en-US","@id":"https:\/\/hunaja.fi\/tuote\/kirkas-hunajatolkki-450-g-kansi-laatikoittain\/#primaryimage","url":"https:\/\/hunaja.fi\/wp-content\/uploads\/2016\/05\/kirkastolkki450g.jpg","contentUrl":"https:\/\/hunaja.fi\/wp-content\/uploads\/2016\/05\/kirkastolkki450g.jpg","width":1708,"height":1688},{"@type":"BreadcrumbList","@id":"https:\/\/hunaja.fi\/tuote\/kirkas-hunajatolkki-450-g-kansi-laatikoittain\/#breadcrumb","itemListElement":[{"@type":"ListItem","position":1,"name":"Etusivu","item":"https:\/\/hunaja.fi\/en\/"},{"@type":"ListItem","position":2,"name":"Tuotteet","item":"https:\/\/hunaja.fi\/kauppapaikka\/tuotteet\/"},{"@type":"ListItem","position":3,"name":"Pakkaustarvikkeet","item":"https:\/\/hunaja.fi\/tuote-osasto\/pakkaustarvikkeet\/"},{"@type":"ListItem","position":4,"name":"Muovit\u00f6lkit ja Pullot","item":"https:\/\/hunaja.fi\/tuote-osasto\/pakkaustarvikkeet\/muovitolkit\/"},{"@type":"ListItem","position":5,"name":"Kirkas hunajat\u00f6lkki 450 g + kansi Laatikoittain"}]},{"@type":"WebSite","@id":"https:\/\/hunaja.fi\/#website","url":"https:\/\/hunaja.fi\/","name":"Hunajayhtym\u00e4 Oy","description":"Nature Loves Finnish Floral Honey","publisher":{"@id":"https:\/\/hunaja.fi\/#organization"},"potentialAction":[{"@type":"SearchAction","target":{"@type":"EntryPoint","urlTemplate":"https:\/\/hunaja.fi\/?s={search_term_string}"},"query-input":{"@type":"PropertyValueSpecification","valueRequired":true,"valueName":"search_term_string"}}],"inLanguage":"en-US"},{"@type":"Organization","@id":"https:\/\/hunaja.fi\/#organization","name":"Hunajayhtym\u00e4 Oy","url":"https:\/\/hunaja.fi\/","logo":{"@type":"ImageObject","inLanguage":"en-US","@id":"https:\/\/hunaja.fi\/#\/schema\/logo\/image\/","url":"https:\/\/hunaja.fi\/wp-content\/uploads\/2021\/07\/Hunajayhtyma_Logo_VAAKA_slogan_cmyk-01.png","contentUrl":"https:\/\/hunaja.fi\/wp-content\/uploads\/2021\/07\/Hunajayhtyma_Logo_VAAKA_slogan_cmyk-01.png","width":656,"height":242,"caption":"Hunajayhtym\u00e4 Oy"},"image":{"@id":"https:\/\/hunaja.fi\/#\/schema\/logo\/image\/"}}]}},"_links":{"self":[{"href":"https:\/\/hunaja.fi\/en\/wp-json\/wp\/v2\/product\/25277","targetHints":{"allow":["GET"]}}],"collection":[{"href":"https:\/\/hunaja.fi\/en\/wp-json\/wp\/v2\/product"}],"about":[{"href":"https:\/\/hunaja.fi\/en\/wp-json\/wp\/v2\/types\/product"}],"wp:featuredmedia":[{"embeddable":true,"href":"https:\/\/hunaja.fi\/en\/wp-json\/wp\/v2\/media\/11220"}],"wp:attachment":[{"href":"https:\/\/hunaja.fi\/en\/wp-json\/wp\/v2\/media?parent=25277"}],"wp:term":[{"taxonomy":"product_brand","embeddable":true,"href":"https:\/\/hunaja.fi\/en\/wp-json\/wp\/v2\/product_brand?post=25277"},{"taxonomy":"product_cat","embeddable":true,"href":"https:\/\/hunaja.fi\/en\/wp-json\/wp\/v2\/product_cat?post=25277"},{"taxonomy":"product_tag","embeddable":true,"href":"https:\/\/hunaja.fi\/en\/wp-json\/wp\/v2\/product_tag?post=25277"}],"curies":[{"name":"wp","href":"https:\/\/api.w.org\/{rel}","templated":true}]}}