{"id":2417,"date":"2013-11-22T00:00:00","date_gmt":"2013-11-21T22:00:00","guid":{"rendered":"https:\/\/www.hunaja.fi\/tuote\/kuorimalaatikko\/"},"modified":"2025-08-18T13:22:07","modified_gmt":"2025-08-18T10:22:07","slug":"kuorimalaatikko","status":"publish","type":"product","link":"https:\/\/hunaja.fi\/en\/tuote\/kuorimalaatikko\/","title":{"rendered":"Kuorimalaatikko"},"content":{"rendered":"<p>P\u00f6yt\u00e4mallinen kuorimalaatikko.<\/p>\n<p>Laatikossa on metallinen tarjotin, jonka p\u00e4\u00e4lle j\u00e4\u00e4 kuorittu vaha ja siit\u00e4 irtoava hunaja valuu laatikon pohjalle.<\/p>\n<p>Laatikon p\u00e4\u00e4lle laitetaan teline kakuille. Kannen p\u00e4\u00e4lle laitettavan telineen avulla kuoritut kakun voidaan j\u00e4tt\u00e4\u00e4 odottamaan linkoon siirt\u00e4mist\u00e4.<\/p>\n<p>Sopii pieneen tilaan s\u00e4ilytykseen.<\/p>\n","protected":false},"excerpt":{"rendered":"<p>P\u00f6yt\u00e4mallinen kuorimalaatikko. Laatikossa on metallinen tarjotin, jonka p\u00e4\u00e4lle j\u00e4\u00e4 kuorittu vaha ja siit\u00e4 irtoava hunaja valuu laatikon pohjalle. Laatikon p\u00e4\u00e4lle laitetaan teline kakuille. Kannen p\u00e4\u00e4lle laitettavan telineen avulla kuoritut kakun voidaan j\u00e4tt\u00e4\u00e4 odottamaan linkoon siirt\u00e4mist\u00e4. Sopii pieneen tilaan s\u00e4ilytykseen.<\/p>\n","protected":false},"featured_media":11049,"template":"","meta":{"_acf_changed":false,"_improvement_type_select":"improve_an_existing","_thumb_yes_seoaic":false,"_frame_yes_seoaic":false,"seoaic_generate_description":"","seoaic_improve_instructions_prompt":"","seoaic_rollback_content_improvement":"","seoaic_idea_thumbnail_generator":"","thumbnail_generated":false,"thumbnail_generate_prompt":"","seoaic_article_description":"","site-sidebar-layout":"default","site-content-layout":"default","ast-site-content-layout":"default","site-content-style":"default","site-sidebar-style":"default","ast-global-header-display":"","ast-banner-title-visibility":"","ast-main-header-display":"","ast-hfb-above-header-display":"","ast-hfb-below-header-display":"","ast-hfb-mobile-header-display":"","site-post-title":"","ast-breadcrumbs-content":"","ast-featured-img":"","footer-sml-layout":"","ast-disable-related-posts":"","theme-transparent-header-meta":"default","adv-header-id-meta":"","stick-header-meta":"default","header-above-stick-meta":"","header-main-stick-meta":"","header-below-stick-meta":"","astra-migrate-meta-layouts":"set","ast-page-background-enabled":"default","ast-page-background-meta":{"desktop":{"background-color":"","background-image":"","background-repeat":"repeat","background-position":"center center","background-size":"auto","background-attachment":"scroll","background-type":"","background-media":"","overlay-type":"","overlay-color":"","overlay-opacity":"","overlay-gradient":""},"tablet":{"background-color":"","background-image":"","background-repeat":"repeat","background-position":"center center","background-size":"auto","background-attachment":"scroll","background-type":"","background-media":"","overlay-type":"","overlay-color":"","overlay-opacity":"","overlay-gradient":""},"mobile":{"background-color":"","background-image":"","background-repeat":"repeat","background-position":"center center","background-size":"auto","background-attachment":"scroll","background-type":"","background-media":"","overlay-type":"","overlay-color":"","overlay-opacity":"","overlay-gradient":""}},"ast-content-background-meta":{"desktop":{"background-color":"var(--ast-global-color-5)","background-image":"","background-repeat":"repeat","background-position":"center center","background-size":"auto","background-attachment":"scroll","background-type":"","background-media":"","overlay-type":"","overlay-color":"","overlay-opacity":"","overlay-gradient":""},"tablet":{"background-color":"var(--ast-global-color-5)","background-image":"","background-repeat":"repeat","background-position":"center center","background-size":"auto","background-attachment":"scroll","background-type":"","background-media":"","overlay-type":"","overlay-color":"","overlay-opacity":"","overlay-gradient":""},"mobile":{"background-color":"var(--ast-global-color-5)","background-image":"","background-repeat":"repeat","background-position":"center center","background-size":"auto","background-attachment":"scroll","background-type":"","background-media":"","overlay-type":"","overlay-color":"","overlay-opacity":"","overlay-gradient":""}}},"product_brand":[],"product_cat":[2049,555],"product_tag":[],"class_list":{"0":"post-2417","1":"product","2":"type-product","3":"status-publish","4":"has-post-thumbnail","6":"product_cat-kuorinta-altaat_ja_laatikot","7":"product_cat-kuorinta","8":"desktop-align-center","9":"tablet-align-center","10":"mobile-align-center","11":"ast-product-gallery-layout-horizontal","12":"ast-product-gallery-with-no-image","13":"ast-magnify-disabled","14":"ast-product-tabs-layout-horizontal","16":"first","17":"instock","18":"shipping-taxable","19":"purchasable","20":"product-type-simple"},"acf":[],"yoast_head":"<!-- This site is optimized with the Yoast SEO plugin v26.7 - https:\/\/yoast.com\/wordpress\/plugins\/seo\/ -->\n<title>Kuorimalaatikko - Hunajayhtym\u00e4 Oy<\/title>\n<meta name=\"description\" content=\"P\u00f6yt\u00e4mallinen kuorimalaatikko. Laatikossa on metallinen tarjotin, jonka p\u00e4\u00e4lle j\u00e4\u00e4 kuorittu vaha ja siit\u00e4 irtoava hunaja valuu laatikon pohjalle. Laatikon\" \/>\n<meta name=\"robots\" content=\"index, follow, max-snippet:-1, max-image-preview:large, max-video-preview:-1\" \/>\n<link rel=\"canonical\" href=\"https:\/\/hunaja.fi\/tuote\/kuorimalaatikko\/\" \/>\n<meta property=\"og:locale\" content=\"en_US\" \/>\n<meta property=\"og:type\" content=\"article\" \/>\n<meta property=\"og:title\" content=\"Kuorimalaatikko - Hunajayhtym\u00e4 Oy\" \/>\n<meta property=\"og:description\" content=\"P\u00f6yt\u00e4mallinen kuorimalaatikko. Laatikossa on metallinen tarjotin, jonka p\u00e4\u00e4lle j\u00e4\u00e4 kuorittu vaha ja siit\u00e4 irtoava hunaja valuu laatikon pohjalle. Laatikon\" \/>\n<meta property=\"og:url\" content=\"https:\/\/hunaja.fi\/tuote\/kuorimalaatikko\/\" \/>\n<meta property=\"og:site_name\" content=\"Hunajayhtym\u00e4 Oy\" \/>\n<meta property=\"article:modified_time\" content=\"2025-08-18T10:22:07+00:00\" \/>\n<meta property=\"og:image\" content=\"https:\/\/hunaja.fi\/wp-content\/uploads\/2016\/05\/kuorimalaatikko1.jpg\" \/>\n\t<meta property=\"og:image:width\" content=\"300\" \/>\n\t<meta property=\"og:image:height\" content=\"300\" \/>\n\t<meta property=\"og:image:type\" content=\"image\/jpeg\" \/>\n<meta name=\"twitter:card\" content=\"summary_large_image\" \/>\n<meta name=\"twitter:label1\" content=\"Est. reading time\" \/>\n\t<meta name=\"twitter:data1\" content=\"1 minute\" \/>\n<script type=\"application\/ld+json\" class=\"yoast-schema-graph\">{\"@context\":\"https:\/\/schema.org\",\"@graph\":[{\"@type\":\"WebPage\",\"@id\":\"https:\/\/hunaja.fi\/tuote\/kuorimalaatikko\/\",\"url\":\"https:\/\/hunaja.fi\/tuote\/kuorimalaatikko\/\",\"name\":\"Kuorimalaatikko - Hunajayhtym\u00e4 Oy\",\"isPartOf\":{\"@id\":\"https:\/\/hunaja.fi\/#website\"},\"primaryImageOfPage\":{\"@id\":\"https:\/\/hunaja.fi\/tuote\/kuorimalaatikko\/#primaryimage\"},\"image\":{\"@id\":\"https:\/\/hunaja.fi\/tuote\/kuorimalaatikko\/#primaryimage\"},\"thumbnailUrl\":\"https:\/\/hunaja.fi\/wp-content\/uploads\/2016\/05\/kuorimalaatikko1.jpg\",\"datePublished\":\"2013-11-21T22:00:00+00:00\",\"dateModified\":\"2025-08-18T10:22:07+00:00\",\"description\":\"P\u00f6yt\u00e4mallinen kuorimalaatikko. Laatikossa on metallinen tarjotin, jonka p\u00e4\u00e4lle j\u00e4\u00e4 kuorittu vaha ja siit\u00e4 irtoava hunaja valuu laatikon pohjalle. Laatikon\",\"breadcrumb\":{\"@id\":\"https:\/\/hunaja.fi\/tuote\/kuorimalaatikko\/#breadcrumb\"},\"inLanguage\":\"en-US\",\"potentialAction\":[{\"@type\":\"ReadAction\",\"target\":[\"https:\/\/hunaja.fi\/tuote\/kuorimalaatikko\/\"]}]},{\"@type\":\"ImageObject\",\"inLanguage\":\"en-US\",\"@id\":\"https:\/\/hunaja.fi\/tuote\/kuorimalaatikko\/#primaryimage\",\"url\":\"https:\/\/hunaja.fi\/wp-content\/uploads\/2016\/05\/kuorimalaatikko1.jpg\",\"contentUrl\":\"https:\/\/hunaja.fi\/wp-content\/uploads\/2016\/05\/kuorimalaatikko1.jpg\",\"width\":300,\"height\":300},{\"@type\":\"BreadcrumbList\",\"@id\":\"https:\/\/hunaja.fi\/tuote\/kuorimalaatikko\/#breadcrumb\",\"itemListElement\":[{\"@type\":\"ListItem\",\"position\":1,\"name\":\"Etusivu\",\"item\":\"https:\/\/hunaja.fi\/en\/\"},{\"@type\":\"ListItem\",\"position\":2,\"name\":\"Tuotteet\",\"item\":\"https:\/\/hunaja.fi\/kauppapaikka\/tuotteet\/\"},{\"@type\":\"ListItem\",\"position\":3,\"name\":\"Kuorinta\",\"item\":\"https:\/\/hunaja.fi\/tuote-osasto\/kuorinta\/\"},{\"@type\":\"ListItem\",\"position\":4,\"name\":\"Kuorinta-altaat ja laatikot\",\"item\":\"https:\/\/hunaja.fi\/tuote-osasto\/kuorinta\/kuorinta-altaat_ja_laatikot\/\"},{\"@type\":\"ListItem\",\"position\":5,\"name\":\"Kuorimalaatikko\"}]},{\"@type\":\"WebSite\",\"@id\":\"https:\/\/hunaja.fi\/#website\",\"url\":\"https:\/\/hunaja.fi\/\",\"name\":\"Hunajayhtym\u00e4 Oy\",\"description\":\"Nature Loves Finnish Floral Honey\",\"publisher\":{\"@id\":\"https:\/\/hunaja.fi\/#organization\"},\"potentialAction\":[{\"@type\":\"SearchAction\",\"target\":{\"@type\":\"EntryPoint\",\"urlTemplate\":\"https:\/\/hunaja.fi\/?s={search_term_string}\"},\"query-input\":{\"@type\":\"PropertyValueSpecification\",\"valueRequired\":true,\"valueName\":\"search_term_string\"}}],\"inLanguage\":\"en-US\"},{\"@type\":\"Organization\",\"@id\":\"https:\/\/hunaja.fi\/#organization\",\"name\":\"Hunajayhtym\u00e4 Oy\",\"url\":\"https:\/\/hunaja.fi\/\",\"logo\":{\"@type\":\"ImageObject\",\"inLanguage\":\"en-US\",\"@id\":\"https:\/\/hunaja.fi\/#\/schema\/logo\/image\/\",\"url\":\"https:\/\/hunaja.fi\/wp-content\/uploads\/2021\/07\/Hunajayhtyma_Logo_VAAKA_slogan_cmyk-01.png\",\"contentUrl\":\"https:\/\/hunaja.fi\/wp-content\/uploads\/2021\/07\/Hunajayhtyma_Logo_VAAKA_slogan_cmyk-01.png\",\"width\":656,\"height\":242,\"caption\":\"Hunajayhtym\u00e4 Oy\"},\"image\":{\"@id\":\"https:\/\/hunaja.fi\/#\/schema\/logo\/image\/\"}}]}<\/script>\n<!-- \/ Yoast SEO plugin. -->","yoast_head_json":{"title":"Kuorimalaatikko - Hunajayhtym\u00e4 Oy","description":"P\u00f6yt\u00e4mallinen kuorimalaatikko. Laatikossa on metallinen tarjotin, jonka p\u00e4\u00e4lle j\u00e4\u00e4 kuorittu vaha ja siit\u00e4 irtoava hunaja valuu laatikon pohjalle. Laatikon","robots":{"index":"index","follow":"follow","max-snippet":"max-snippet:-1","max-image-preview":"max-image-preview:large","max-video-preview":"max-video-preview:-1"},"canonical":"https:\/\/hunaja.fi\/tuote\/kuorimalaatikko\/","og_locale":"en_US","og_type":"article","og_title":"Kuorimalaatikko - Hunajayhtym\u00e4 Oy","og_description":"P\u00f6yt\u00e4mallinen kuorimalaatikko. Laatikossa on metallinen tarjotin, jonka p\u00e4\u00e4lle j\u00e4\u00e4 kuorittu vaha ja siit\u00e4 irtoava hunaja valuu laatikon pohjalle. Laatikon","og_url":"https:\/\/hunaja.fi\/tuote\/kuorimalaatikko\/","og_site_name":"Hunajayhtym\u00e4 Oy","article_modified_time":"2025-08-18T10:22:07+00:00","og_image":[{"width":300,"height":300,"url":"https:\/\/hunaja.fi\/wp-content\/uploads\/2016\/05\/kuorimalaatikko1.jpg","type":"image\/jpeg"}],"twitter_card":"summary_large_image","twitter_misc":{"Est. reading time":"1 minute"},"schema":{"@context":"https:\/\/schema.org","@graph":[{"@type":"WebPage","@id":"https:\/\/hunaja.fi\/tuote\/kuorimalaatikko\/","url":"https:\/\/hunaja.fi\/tuote\/kuorimalaatikko\/","name":"Kuorimalaatikko - Hunajayhtym\u00e4 Oy","isPartOf":{"@id":"https:\/\/hunaja.fi\/#website"},"primaryImageOfPage":{"@id":"https:\/\/hunaja.fi\/tuote\/kuorimalaatikko\/#primaryimage"},"image":{"@id":"https:\/\/hunaja.fi\/tuote\/kuorimalaatikko\/#primaryimage"},"thumbnailUrl":"https:\/\/hunaja.fi\/wp-content\/uploads\/2016\/05\/kuorimalaatikko1.jpg","datePublished":"2013-11-21T22:00:00+00:00","dateModified":"2025-08-18T10:22:07+00:00","description":"P\u00f6yt\u00e4mallinen kuorimalaatikko. Laatikossa on metallinen tarjotin, jonka p\u00e4\u00e4lle j\u00e4\u00e4 kuorittu vaha ja siit\u00e4 irtoava hunaja valuu laatikon pohjalle. Laatikon","breadcrumb":{"@id":"https:\/\/hunaja.fi\/tuote\/kuorimalaatikko\/#breadcrumb"},"inLanguage":"en-US","potentialAction":[{"@type":"ReadAction","target":["https:\/\/hunaja.fi\/tuote\/kuorimalaatikko\/"]}]},{"@type":"ImageObject","inLanguage":"en-US","@id":"https:\/\/hunaja.fi\/tuote\/kuorimalaatikko\/#primaryimage","url":"https:\/\/hunaja.fi\/wp-content\/uploads\/2016\/05\/kuorimalaatikko1.jpg","contentUrl":"https:\/\/hunaja.fi\/wp-content\/uploads\/2016\/05\/kuorimalaatikko1.jpg","width":300,"height":300},{"@type":"BreadcrumbList","@id":"https:\/\/hunaja.fi\/tuote\/kuorimalaatikko\/#breadcrumb","itemListElement":[{"@type":"ListItem","position":1,"name":"Etusivu","item":"https:\/\/hunaja.fi\/en\/"},{"@type":"ListItem","position":2,"name":"Tuotteet","item":"https:\/\/hunaja.fi\/kauppapaikka\/tuotteet\/"},{"@type":"ListItem","position":3,"name":"Kuorinta","item":"https:\/\/hunaja.fi\/tuote-osasto\/kuorinta\/"},{"@type":"ListItem","position":4,"name":"Kuorinta-altaat ja laatikot","item":"https:\/\/hunaja.fi\/tuote-osasto\/kuorinta\/kuorinta-altaat_ja_laatikot\/"},{"@type":"ListItem","position":5,"name":"Kuorimalaatikko"}]},{"@type":"WebSite","@id":"https:\/\/hunaja.fi\/#website","url":"https:\/\/hunaja.fi\/","name":"Hunajayhtym\u00e4 Oy","description":"Nature Loves Finnish Floral Honey","publisher":{"@id":"https:\/\/hunaja.fi\/#organization"},"potentialAction":[{"@type":"SearchAction","target":{"@type":"EntryPoint","urlTemplate":"https:\/\/hunaja.fi\/?s={search_term_string}"},"query-input":{"@type":"PropertyValueSpecification","valueRequired":true,"valueName":"search_term_string"}}],"inLanguage":"en-US"},{"@type":"Organization","@id":"https:\/\/hunaja.fi\/#organization","name":"Hunajayhtym\u00e4 Oy","url":"https:\/\/hunaja.fi\/","logo":{"@type":"ImageObject","inLanguage":"en-US","@id":"https:\/\/hunaja.fi\/#\/schema\/logo\/image\/","url":"https:\/\/hunaja.fi\/wp-content\/uploads\/2021\/07\/Hunajayhtyma_Logo_VAAKA_slogan_cmyk-01.png","contentUrl":"https:\/\/hunaja.fi\/wp-content\/uploads\/2021\/07\/Hunajayhtyma_Logo_VAAKA_slogan_cmyk-01.png","width":656,"height":242,"caption":"Hunajayhtym\u00e4 Oy"},"image":{"@id":"https:\/\/hunaja.fi\/#\/schema\/logo\/image\/"}}]}},"_links":{"self":[{"href":"https:\/\/hunaja.fi\/en\/wp-json\/wp\/v2\/product\/2417","targetHints":{"allow":["GET"]}}],"collection":[{"href":"https:\/\/hunaja.fi\/en\/wp-json\/wp\/v2\/product"}],"about":[{"href":"https:\/\/hunaja.fi\/en\/wp-json\/wp\/v2\/types\/product"}],"wp:featuredmedia":[{"embeddable":true,"href":"https:\/\/hunaja.fi\/en\/wp-json\/wp\/v2\/media\/11049"}],"wp:attachment":[{"href":"https:\/\/hunaja.fi\/en\/wp-json\/wp\/v2\/media?parent=2417"}],"wp:term":[{"taxonomy":"product_brand","embeddable":true,"href":"https:\/\/hunaja.fi\/en\/wp-json\/wp\/v2\/product_brand?post=2417"},{"taxonomy":"product_cat","embeddable":true,"href":"https:\/\/hunaja.fi\/en\/wp-json\/wp\/v2\/product_cat?post=2417"},{"taxonomy":"product_tag","embeddable":true,"href":"https:\/\/hunaja.fi\/en\/wp-json\/wp\/v2\/product_tag?post=2417"}],"curies":[{"name":"wp","href":"https:\/\/api.w.org\/{rel}","templated":true}]}}