{"id":2362,"date":"2013-11-22T00:00:00","date_gmt":"2013-11-21T22:00:00","guid":{"rendered":"https:\/\/www.hunaja.fi\/tuote\/suojahaalarit-malli-amerikkalainen\/"},"modified":"2025-11-10T11:05:01","modified_gmt":"2025-11-10T09:05:01","slug":"suojahaalarit-malli-amerikkalainen","status":"publish","type":"product","link":"https:\/\/hunaja.fi\/en\/tuote\/suojahaalarit-malli-amerikkalainen\/","title":{"rendered":"Suojahaalarit, malli amerikkalainen"},"content":{"rendered":"<p>Perinteinen ja paljon k\u00e4ytetty amerikkalainen haalari kovikekauluksella. Hinta ei sis\u00e4ll\u00e4 kuvan suojakyp\u00e4r\u00e4\u00e4 ja verkkoa.<\/p>\n<table width=\"734\">\n<tbody>\n<tr>\n<td width=\"238\">HAALARI AMERIKKALAINEN<\/td>\n<td width=\"69\">XS (40)<\/td>\n<td width=\"63\">S (46\/48)<\/td>\n<td width=\"64\">M (50\/52)<\/td>\n<td width=\"64\">L (54)<\/td>\n<td width=\"75\">XL (56)<\/td>\n<td width=\"83\">XXL (58)<\/td>\n<td width=\"78\">XXL (60)<\/td>\n<\/tr>\n<tr>\n<td>RINTA<\/td>\n<td>98<\/td>\n<td>112\/120<\/td>\n<td>128\/130<\/td>\n<td>136<\/td>\n<td>140<\/td>\n<td>144<\/td>\n<td>146<\/td>\n<\/tr>\n<tr>\n<td>HIHA<\/td>\n<td>58<\/td>\n<td>60\/60<\/td>\n<td>60\/62<\/td>\n<td>66<\/td>\n<td>64<\/td>\n<td>70<\/td>\n<td>66<\/td>\n<\/tr>\n<tr>\n<td>SELK\u00c4<\/td>\n<td>80<\/td>\n<td>90\/90<\/td>\n<td>90\/95<\/td>\n<td>95<\/td>\n<td>96<\/td>\n<td>100<\/td>\n<td>100<\/td>\n<\/tr>\n<tr>\n<td>HAARA<\/td>\n<td>70<\/td>\n<td>70\/75<\/td>\n<td>80\/83<\/td>\n<td>83<\/td>\n<td>80<\/td>\n<td>86<\/td>\n<td>90<\/td>\n<\/tr>\n<\/tbody>\n<\/table>\n","protected":false},"excerpt":{"rendered":"<p>Perinteinen ja paljon k\u00e4ytetty amerikkalainen haalari kovikekauluksella. Hinta ei sis\u00e4ll\u00e4 kuvan suojakyp\u00e4r\u00e4\u00e4 ja verkkoa. HAALARI AMERIKKALAINEN XS (40) S (46\/48) M (50\/52) L (54) XL (56) XXL (58) XXL (60) RINTA 98 112\/120 128\/130 136 140 144 146 HIHA 58 60\/60 60\/62 66 64 70 66 SELK\u00c4 80 90\/90 90\/95 95 96 100 100 HAARA [&hellip;]<\/p>\n","protected":false},"featured_media":9626,"template":"","meta":{"_acf_changed":false,"_improvement_type_select":"improve_an_existing","_thumb_yes_seoaic":false,"_frame_yes_seoaic":false,"seoaic_generate_description":"","seoaic_improve_instructions_prompt":"","seoaic_rollback_content_improvement":"","seoaic_idea_thumbnail_generator":"","thumbnail_generated":false,"thumbnail_generate_prompt":"","seoaic_article_description":"","site-sidebar-layout":"default","site-content-layout":"default","ast-site-content-layout":"default","site-content-style":"default","site-sidebar-style":"default","ast-global-header-display":"","ast-banner-title-visibility":"","ast-main-header-display":"","ast-hfb-above-header-display":"","ast-hfb-below-header-display":"","ast-hfb-mobile-header-display":"","site-post-title":"","ast-breadcrumbs-content":"","ast-featured-img":"","footer-sml-layout":"","ast-disable-related-posts":"","theme-transparent-header-meta":"default","adv-header-id-meta":"","stick-header-meta":"default","header-above-stick-meta":"","header-main-stick-meta":"","header-below-stick-meta":"","astra-migrate-meta-layouts":"set","ast-page-background-enabled":"default","ast-page-background-meta":{"desktop":{"background-color":"","background-image":"","background-repeat":"repeat","background-position":"center center","background-size":"auto","background-attachment":"scroll","background-type":"","background-media":"","overlay-type":"","overlay-color":"","overlay-opacity":"","overlay-gradient":""},"tablet":{"background-color":"","background-image":"","background-repeat":"repeat","background-position":"center center","background-size":"auto","background-attachment":"scroll","background-type":"","background-media":"","overlay-type":"","overlay-color":"","overlay-opacity":"","overlay-gradient":""},"mobile":{"background-color":"","background-image":"","background-repeat":"repeat","background-position":"center center","background-size":"auto","background-attachment":"scroll","background-type":"","background-media":"","overlay-type":"","overlay-color":"","overlay-opacity":"","overlay-gradient":""}},"ast-content-background-meta":{"desktop":{"background-color":"var(--ast-global-color-5)","background-image":"","background-repeat":"repeat","background-position":"center center","background-size":"auto","background-attachment":"scroll","background-type":"","background-media":"","overlay-type":"","overlay-color":"","overlay-opacity":"","overlay-gradient":""},"tablet":{"background-color":"var(--ast-global-color-5)","background-image":"","background-repeat":"repeat","background-position":"center center","background-size":"auto","background-attachment":"scroll","background-type":"","background-media":"","overlay-type":"","overlay-color":"","overlay-opacity":"","overlay-gradient":""},"mobile":{"background-color":"var(--ast-global-color-5)","background-image":"","background-repeat":"repeat","background-position":"center center","background-size":"auto","background-attachment":"scroll","background-type":"","background-media":"","overlay-type":"","overlay-color":"","overlay-opacity":"","overlay-gradient":""}}},"product_brand":[],"product_cat":[2033,15],"product_tag":[],"class_list":{"0":"post-2362","1":"product","2":"type-product","3":"status-publish","4":"has-post-thumbnail","6":"product_cat-suojahaalarit","7":"product_cat-suojaasut","8":"pa_koko-l","9":"pa_koko-m","10":"pa_koko-s","11":"pa_koko-xl","12":"pa_koko-xs","13":"pa_koko-xxl","14":"pa_koko-xxxl","15":"desktop-align-center","16":"tablet-align-center","17":"mobile-align-center","18":"ast-product-gallery-layout-horizontal","19":"ast-product-gallery-with-no-image","20":"ast-magnify-disabled","21":"ast-product-single-variable","22":"ast-product-tabs-layout-horizontal","24":"first","25":"instock","26":"shipping-taxable","27":"purchasable","28":"product-type-variable"},"acf":[],"yoast_head":"<!-- This site is optimized with the Yoast SEO plugin v26.7 - https:\/\/yoast.com\/wordpress\/plugins\/seo\/ -->\n<title>Suojahaalarit, malli amerikkalainen - Hunajayhtym\u00e4 Oy<\/title>\n<meta name=\"description\" content=\"Perinteinen ja paljon k\u00e4ytetty amerikkalainen haalari kovikekauluksella. Hinta ei sis\u00e4ll\u00e4 kuvan suojakyp\u00e4r\u00e4\u00e4 ja verkkoa. HAALARI AMERIKKALAINEN XS (40) S\" \/>\n<meta name=\"robots\" content=\"index, follow, max-snippet:-1, max-image-preview:large, max-video-preview:-1\" \/>\n<link rel=\"canonical\" href=\"https:\/\/hunaja.fi\/tuote\/suojahaalarit-malli-amerikkalainen\/\" \/>\n<meta property=\"og:locale\" content=\"en_US\" \/>\n<meta property=\"og:type\" content=\"article\" \/>\n<meta property=\"og:title\" content=\"Suojahaalarit, malli amerikkalainen - Hunajayhtym\u00e4 Oy\" \/>\n<meta property=\"og:description\" content=\"Perinteinen ja paljon k\u00e4ytetty amerikkalainen haalari kovikekauluksella. Hinta ei sis\u00e4ll\u00e4 kuvan suojakyp\u00e4r\u00e4\u00e4 ja verkkoa. HAALARI AMERIKKALAINEN XS (40) S\" \/>\n<meta property=\"og:url\" content=\"https:\/\/hunaja.fi\/tuote\/suojahaalarit-malli-amerikkalainen\/\" \/>\n<meta property=\"og:site_name\" content=\"Hunajayhtym\u00e4 Oy\" \/>\n<meta property=\"article:modified_time\" content=\"2025-11-10T09:05:01+00:00\" \/>\n<meta property=\"og:image\" content=\"https:\/\/hunaja.fi\/wp-content\/uploads\/2013\/11\/amerikkalainen_haalari.jpg\" \/>\n\t<meta property=\"og:image:width\" content=\"500\" \/>\n\t<meta property=\"og:image:height\" content=\"500\" \/>\n\t<meta property=\"og:image:type\" content=\"image\/jpeg\" \/>\n<meta name=\"twitter:card\" content=\"summary_large_image\" \/>\n<meta name=\"twitter:label1\" content=\"Est. reading time\" \/>\n\t<meta name=\"twitter:data1\" content=\"1 minute\" \/>\n<script type=\"application\/ld+json\" class=\"yoast-schema-graph\">{\"@context\":\"https:\/\/schema.org\",\"@graph\":[{\"@type\":\"WebPage\",\"@id\":\"https:\/\/hunaja.fi\/tuote\/suojahaalarit-malli-amerikkalainen\/\",\"url\":\"https:\/\/hunaja.fi\/tuote\/suojahaalarit-malli-amerikkalainen\/\",\"name\":\"Suojahaalarit, malli amerikkalainen - Hunajayhtym\u00e4 Oy\",\"isPartOf\":{\"@id\":\"https:\/\/hunaja.fi\/#website\"},\"primaryImageOfPage\":{\"@id\":\"https:\/\/hunaja.fi\/tuote\/suojahaalarit-malli-amerikkalainen\/#primaryimage\"},\"image\":{\"@id\":\"https:\/\/hunaja.fi\/tuote\/suojahaalarit-malli-amerikkalainen\/#primaryimage\"},\"thumbnailUrl\":\"https:\/\/hunaja.fi\/wp-content\/uploads\/2013\/11\/amerikkalainen_haalari.jpg\",\"datePublished\":\"2013-11-21T22:00:00+00:00\",\"dateModified\":\"2025-11-10T09:05:01+00:00\",\"description\":\"Perinteinen ja paljon k\u00e4ytetty amerikkalainen haalari kovikekauluksella. Hinta ei sis\u00e4ll\u00e4 kuvan suojakyp\u00e4r\u00e4\u00e4 ja verkkoa. HAALARI AMERIKKALAINEN XS (40) S\",\"breadcrumb\":{\"@id\":\"https:\/\/hunaja.fi\/tuote\/suojahaalarit-malli-amerikkalainen\/#breadcrumb\"},\"inLanguage\":\"en-US\",\"potentialAction\":[{\"@type\":\"ReadAction\",\"target\":[\"https:\/\/hunaja.fi\/tuote\/suojahaalarit-malli-amerikkalainen\/\"]}]},{\"@type\":\"ImageObject\",\"inLanguage\":\"en-US\",\"@id\":\"https:\/\/hunaja.fi\/tuote\/suojahaalarit-malli-amerikkalainen\/#primaryimage\",\"url\":\"https:\/\/hunaja.fi\/wp-content\/uploads\/2013\/11\/amerikkalainen_haalari.jpg\",\"contentUrl\":\"https:\/\/hunaja.fi\/wp-content\/uploads\/2013\/11\/amerikkalainen_haalari.jpg\",\"width\":500,\"height\":500},{\"@type\":\"BreadcrumbList\",\"@id\":\"https:\/\/hunaja.fi\/tuote\/suojahaalarit-malli-amerikkalainen\/#breadcrumb\",\"itemListElement\":[{\"@type\":\"ListItem\",\"position\":1,\"name\":\"Etusivu\",\"item\":\"https:\/\/hunaja.fi\/en\/\"},{\"@type\":\"ListItem\",\"position\":2,\"name\":\"Tuotteet\",\"item\":\"https:\/\/hunaja.fi\/kauppapaikka\/tuotteet\/\"},{\"@type\":\"ListItem\",\"position\":3,\"name\":\"Suoja-asut\",\"item\":\"https:\/\/hunaja.fi\/tuote-osasto\/suojaasut\/\"},{\"@type\":\"ListItem\",\"position\":4,\"name\":\"Suojahaalarit\",\"item\":\"https:\/\/hunaja.fi\/tuote-osasto\/suojaasut\/suojahaalarit\/\"},{\"@type\":\"ListItem\",\"position\":5,\"name\":\"Suojahaalarit, malli amerikkalainen\"}]},{\"@type\":\"WebSite\",\"@id\":\"https:\/\/hunaja.fi\/#website\",\"url\":\"https:\/\/hunaja.fi\/\",\"name\":\"Hunajayhtym\u00e4 Oy\",\"description\":\"Nature Loves Finnish Floral Honey\",\"publisher\":{\"@id\":\"https:\/\/hunaja.fi\/#organization\"},\"potentialAction\":[{\"@type\":\"SearchAction\",\"target\":{\"@type\":\"EntryPoint\",\"urlTemplate\":\"https:\/\/hunaja.fi\/?s={search_term_string}\"},\"query-input\":{\"@type\":\"PropertyValueSpecification\",\"valueRequired\":true,\"valueName\":\"search_term_string\"}}],\"inLanguage\":\"en-US\"},{\"@type\":\"Organization\",\"@id\":\"https:\/\/hunaja.fi\/#organization\",\"name\":\"Hunajayhtym\u00e4 Oy\",\"url\":\"https:\/\/hunaja.fi\/\",\"logo\":{\"@type\":\"ImageObject\",\"inLanguage\":\"en-US\",\"@id\":\"https:\/\/hunaja.fi\/#\/schema\/logo\/image\/\",\"url\":\"https:\/\/hunaja.fi\/wp-content\/uploads\/2021\/07\/Hunajayhtyma_Logo_VAAKA_slogan_cmyk-01.png\",\"contentUrl\":\"https:\/\/hunaja.fi\/wp-content\/uploads\/2021\/07\/Hunajayhtyma_Logo_VAAKA_slogan_cmyk-01.png\",\"width\":656,\"height\":242,\"caption\":\"Hunajayhtym\u00e4 Oy\"},\"image\":{\"@id\":\"https:\/\/hunaja.fi\/#\/schema\/logo\/image\/\"}}]}<\/script>\n<!-- \/ Yoast SEO plugin. -->","yoast_head_json":{"title":"Suojahaalarit, malli amerikkalainen - Hunajayhtym\u00e4 Oy","description":"Perinteinen ja paljon k\u00e4ytetty amerikkalainen haalari kovikekauluksella. Hinta ei sis\u00e4ll\u00e4 kuvan suojakyp\u00e4r\u00e4\u00e4 ja verkkoa. HAALARI AMERIKKALAINEN XS (40) S","robots":{"index":"index","follow":"follow","max-snippet":"max-snippet:-1","max-image-preview":"max-image-preview:large","max-video-preview":"max-video-preview:-1"},"canonical":"https:\/\/hunaja.fi\/tuote\/suojahaalarit-malli-amerikkalainen\/","og_locale":"en_US","og_type":"article","og_title":"Suojahaalarit, malli amerikkalainen - Hunajayhtym\u00e4 Oy","og_description":"Perinteinen ja paljon k\u00e4ytetty amerikkalainen haalari kovikekauluksella. Hinta ei sis\u00e4ll\u00e4 kuvan suojakyp\u00e4r\u00e4\u00e4 ja verkkoa. HAALARI AMERIKKALAINEN XS (40) S","og_url":"https:\/\/hunaja.fi\/tuote\/suojahaalarit-malli-amerikkalainen\/","og_site_name":"Hunajayhtym\u00e4 Oy","article_modified_time":"2025-11-10T09:05:01+00:00","og_image":[{"width":500,"height":500,"url":"https:\/\/hunaja.fi\/wp-content\/uploads\/2013\/11\/amerikkalainen_haalari.jpg","type":"image\/jpeg"}],"twitter_card":"summary_large_image","twitter_misc":{"Est. reading time":"1 minute"},"schema":{"@context":"https:\/\/schema.org","@graph":[{"@type":"WebPage","@id":"https:\/\/hunaja.fi\/tuote\/suojahaalarit-malli-amerikkalainen\/","url":"https:\/\/hunaja.fi\/tuote\/suojahaalarit-malli-amerikkalainen\/","name":"Suojahaalarit, malli amerikkalainen - Hunajayhtym\u00e4 Oy","isPartOf":{"@id":"https:\/\/hunaja.fi\/#website"},"primaryImageOfPage":{"@id":"https:\/\/hunaja.fi\/tuote\/suojahaalarit-malli-amerikkalainen\/#primaryimage"},"image":{"@id":"https:\/\/hunaja.fi\/tuote\/suojahaalarit-malli-amerikkalainen\/#primaryimage"},"thumbnailUrl":"https:\/\/hunaja.fi\/wp-content\/uploads\/2013\/11\/amerikkalainen_haalari.jpg","datePublished":"2013-11-21T22:00:00+00:00","dateModified":"2025-11-10T09:05:01+00:00","description":"Perinteinen ja paljon k\u00e4ytetty amerikkalainen haalari kovikekauluksella. Hinta ei sis\u00e4ll\u00e4 kuvan suojakyp\u00e4r\u00e4\u00e4 ja verkkoa. HAALARI AMERIKKALAINEN XS (40) S","breadcrumb":{"@id":"https:\/\/hunaja.fi\/tuote\/suojahaalarit-malli-amerikkalainen\/#breadcrumb"},"inLanguage":"en-US","potentialAction":[{"@type":"ReadAction","target":["https:\/\/hunaja.fi\/tuote\/suojahaalarit-malli-amerikkalainen\/"]}]},{"@type":"ImageObject","inLanguage":"en-US","@id":"https:\/\/hunaja.fi\/tuote\/suojahaalarit-malli-amerikkalainen\/#primaryimage","url":"https:\/\/hunaja.fi\/wp-content\/uploads\/2013\/11\/amerikkalainen_haalari.jpg","contentUrl":"https:\/\/hunaja.fi\/wp-content\/uploads\/2013\/11\/amerikkalainen_haalari.jpg","width":500,"height":500},{"@type":"BreadcrumbList","@id":"https:\/\/hunaja.fi\/tuote\/suojahaalarit-malli-amerikkalainen\/#breadcrumb","itemListElement":[{"@type":"ListItem","position":1,"name":"Etusivu","item":"https:\/\/hunaja.fi\/en\/"},{"@type":"ListItem","position":2,"name":"Tuotteet","item":"https:\/\/hunaja.fi\/kauppapaikka\/tuotteet\/"},{"@type":"ListItem","position":3,"name":"Suoja-asut","item":"https:\/\/hunaja.fi\/tuote-osasto\/suojaasut\/"},{"@type":"ListItem","position":4,"name":"Suojahaalarit","item":"https:\/\/hunaja.fi\/tuote-osasto\/suojaasut\/suojahaalarit\/"},{"@type":"ListItem","position":5,"name":"Suojahaalarit, malli amerikkalainen"}]},{"@type":"WebSite","@id":"https:\/\/hunaja.fi\/#website","url":"https:\/\/hunaja.fi\/","name":"Hunajayhtym\u00e4 Oy","description":"Nature Loves Finnish Floral Honey","publisher":{"@id":"https:\/\/hunaja.fi\/#organization"},"potentialAction":[{"@type":"SearchAction","target":{"@type":"EntryPoint","urlTemplate":"https:\/\/hunaja.fi\/?s={search_term_string}"},"query-input":{"@type":"PropertyValueSpecification","valueRequired":true,"valueName":"search_term_string"}}],"inLanguage":"en-US"},{"@type":"Organization","@id":"https:\/\/hunaja.fi\/#organization","name":"Hunajayhtym\u00e4 Oy","url":"https:\/\/hunaja.fi\/","logo":{"@type":"ImageObject","inLanguage":"en-US","@id":"https:\/\/hunaja.fi\/#\/schema\/logo\/image\/","url":"https:\/\/hunaja.fi\/wp-content\/uploads\/2021\/07\/Hunajayhtyma_Logo_VAAKA_slogan_cmyk-01.png","contentUrl":"https:\/\/hunaja.fi\/wp-content\/uploads\/2021\/07\/Hunajayhtyma_Logo_VAAKA_slogan_cmyk-01.png","width":656,"height":242,"caption":"Hunajayhtym\u00e4 Oy"},"image":{"@id":"https:\/\/hunaja.fi\/#\/schema\/logo\/image\/"}}]}},"_links":{"self":[{"href":"https:\/\/hunaja.fi\/en\/wp-json\/wp\/v2\/product\/2362","targetHints":{"allow":["GET"]}}],"collection":[{"href":"https:\/\/hunaja.fi\/en\/wp-json\/wp\/v2\/product"}],"about":[{"href":"https:\/\/hunaja.fi\/en\/wp-json\/wp\/v2\/types\/product"}],"wp:featuredmedia":[{"embeddable":true,"href":"https:\/\/hunaja.fi\/en\/wp-json\/wp\/v2\/media\/9626"}],"wp:attachment":[{"href":"https:\/\/hunaja.fi\/en\/wp-json\/wp\/v2\/media?parent=2362"}],"wp:term":[{"taxonomy":"product_brand","embeddable":true,"href":"https:\/\/hunaja.fi\/en\/wp-json\/wp\/v2\/product_brand?post=2362"},{"taxonomy":"product_cat","embeddable":true,"href":"https:\/\/hunaja.fi\/en\/wp-json\/wp\/v2\/product_cat?post=2362"},{"taxonomy":"product_tag","embeddable":true,"href":"https:\/\/hunaja.fi\/en\/wp-json\/wp\/v2\/product_tag?post=2362"}],"curies":[{"name":"wp","href":"https:\/\/api.w.org\/{rel}","templated":true}]}}