{"id":15635,"date":"2017-11-09T10:51:05","date_gmt":"2017-11-09T08:51:05","guid":{"rendered":"https:\/\/www.hunaja.fi\/?post_type=product&#038;p=15635"},"modified":"2026-01-12T09:27:52","modified_gmt":"2026-01-12T07:27:52","slug":"kynttilavahapohjuke-kpl","status":"publish","type":"product","link":"https:\/\/hunaja.fi\/en\/tuote\/kynttilavahapohjuke-kpl\/","title":{"rendered":"Kynttil\u00e4vahapohjuke \/ kpl"},"content":{"rendered":"<p>V\u00e4rillinen mehil\u00e4isvahapohjuke kynttil\u00f6iden tekoon. Pohjukkeesta voi tehd\u00e4 kynttil\u00f6it\u00e4 kieritt\u00e4en. Paljon eri v\u00e4rivaihtoehtoja! Tee tilaus kappaleittain.<\/p>\n<p>Levyn koko 38*22 cm<\/p>\n<p>&nbsp;<\/p>\n","protected":false},"excerpt":{"rendered":"<p>V\u00e4rillinen mehil\u00e4isvahapohjuke kynttil\u00f6iden tekoon. Pohjukkeesta voi tehd\u00e4 kynttil\u00f6it\u00e4 kieritt\u00e4en. Paljon eri v\u00e4rivaihtoehtoja! Tee tilaus kappaleittain. Levyn koko 38*22 cm &nbsp;<\/p>\n","protected":false},"featured_media":15634,"template":"","meta":{"_acf_changed":false,"_improvement_type_select":"improve_an_existing","_thumb_yes_seoaic":false,"_frame_yes_seoaic":false,"seoaic_generate_description":"","seoaic_improve_instructions_prompt":"","seoaic_rollback_content_improvement":"","seoaic_idea_thumbnail_generator":"","thumbnail_generated":false,"thumbnail_generate_prompt":"","seoaic_article_description":"","site-sidebar-layout":"default","site-content-layout":"default","ast-site-content-layout":"default","site-content-style":"default","site-sidebar-style":"default","ast-global-header-display":"","ast-banner-title-visibility":"","ast-main-header-display":"","ast-hfb-above-header-display":"","ast-hfb-below-header-display":"","ast-hfb-mobile-header-display":"","site-post-title":"","ast-breadcrumbs-content":"","ast-featured-img":"","footer-sml-layout":"","ast-disable-related-posts":"","theme-transparent-header-meta":"default","adv-header-id-meta":"","stick-header-meta":"default","header-above-stick-meta":"","header-main-stick-meta":"","header-below-stick-meta":"","astra-migrate-meta-layouts":"set","ast-page-background-enabled":"default","ast-page-background-meta":{"desktop":{"background-color":"","background-image":"","background-repeat":"repeat","background-position":"center center","background-size":"auto","background-attachment":"scroll","background-type":"","background-media":"","overlay-type":"","overlay-color":"","overlay-opacity":"","overlay-gradient":""},"tablet":{"background-color":"","background-image":"","background-repeat":"repeat","background-position":"center center","background-size":"auto","background-attachment":"scroll","background-type":"","background-media":"","overlay-type":"","overlay-color":"","overlay-opacity":"","overlay-gradient":""},"mobile":{"background-color":"","background-image":"","background-repeat":"repeat","background-position":"center center","background-size":"auto","background-attachment":"scroll","background-type":"","background-media":"","overlay-type":"","overlay-color":"","overlay-opacity":"","overlay-gradient":""}},"ast-content-background-meta":{"desktop":{"background-color":"var(--ast-global-color-5)","background-image":"","background-repeat":"repeat","background-position":"center center","background-size":"auto","background-attachment":"scroll","background-type":"","background-media":"","overlay-type":"","overlay-color":"","overlay-opacity":"","overlay-gradient":""},"tablet":{"background-color":"var(--ast-global-color-5)","background-image":"","background-repeat":"repeat","background-position":"center center","background-size":"auto","background-attachment":"scroll","background-type":"","background-media":"","overlay-type":"","overlay-color":"","overlay-opacity":"","overlay-gradient":""},"mobile":{"background-color":"var(--ast-global-color-5)","background-image":"","background-repeat":"repeat","background-position":"center center","background-size":"auto","background-attachment":"scroll","background-type":"","background-media":"","overlay-type":"","overlay-color":"","overlay-opacity":"","overlay-gradient":""}}},"product_brand":[],"product_cat":[2243,574],"product_tag":[1113],"class_list":{"0":"post-15635","1":"product","2":"type-product","3":"status-publish","4":"has-post-thumbnail","6":"product_cat-kynttilavahat","7":"product_cat-kynttilatarvikkeet","8":"product_tag-mehilaisvahakynttila","9":"pa_vari-yon-sininen","10":"pa_vari-harmaa","11":"pa_vari-joulunvihrea","12":"pa_vari-keltainen","13":"pa_vari-luonnonvalkoinen","14":"pa_vari-meripihka","15":"pa_vari-musta","16":"pa_vari-omenanvihrea","17":"pa_vari-oranssi","18":"pa_vari-petrooli","19":"pa_vari-punainen","20":"pa_vari-roosa","21":"pa_vari-sininen","22":"pa_vari-toffee","23":"pa_vari-tummanpunainen","24":"pa_vari-tummanvihrea","25":"pa_vari-vaalea-malva","26":"pa_vari-violetti","27":"desktop-align-center","28":"tablet-align-center","29":"mobile-align-center","30":"ast-product-gallery-layout-horizontal","31":"ast-product-gallery-with-no-image","32":"ast-magnify-disabled","33":"ast-product-single-variable","34":"ast-product-tabs-layout-horizontal","36":"first","37":"instock","38":"shipping-taxable","39":"purchasable","40":"product-type-variable","41":"has-default-attributes"},"acf":[],"yoast_head":"<!-- This site is optimized with the Yoast SEO plugin v26.7 - https:\/\/yoast.com\/wordpress\/plugins\/seo\/ -->\n<title>Kynttil\u00e4vahapohjuke \/ kpl - Hunajayhtym\u00e4 Oy<\/title>\n<meta name=\"description\" content=\"V\u00e4rillinen mehil\u00e4isvahapohjuke kynttil\u00f6iden tekoon. Pohjukkeesta voi tehd\u00e4 kynttil\u00f6it\u00e4 kieritt\u00e4en. Paljon eri v\u00e4rivaihtoehtoja! Tee tilaus kappaleittain.\" \/>\n<meta name=\"robots\" content=\"index, follow, max-snippet:-1, max-image-preview:large, max-video-preview:-1\" \/>\n<link rel=\"canonical\" href=\"https:\/\/hunaja.fi\/tuote\/kynttilavahapohjuke-kpl\/\" \/>\n<meta property=\"og:locale\" content=\"en_US\" \/>\n<meta property=\"og:type\" content=\"article\" \/>\n<meta property=\"og:title\" content=\"Kynttil\u00e4vahapohjuke \/ kpl - Hunajayhtym\u00e4 Oy\" \/>\n<meta property=\"og:description\" content=\"V\u00e4rillinen mehil\u00e4isvahapohjuke kynttil\u00f6iden tekoon. Pohjukkeesta voi tehd\u00e4 kynttil\u00f6it\u00e4 kieritt\u00e4en. Paljon eri v\u00e4rivaihtoehtoja! Tee tilaus kappaleittain.\" \/>\n<meta property=\"og:url\" content=\"https:\/\/hunaja.fi\/tuote\/kynttilavahapohjuke-kpl\/\" \/>\n<meta property=\"og:site_name\" content=\"Hunajayhtym\u00e4 Oy\" \/>\n<meta property=\"article:modified_time\" content=\"2026-01-12T07:27:52+00:00\" \/>\n<meta property=\"og:image\" content=\"https:\/\/hunaja.fi\/wp-content\/uploads\/2013\/11\/kyntilavahapohjuke.jpg\" \/>\n\t<meta property=\"og:image:width\" content=\"500\" \/>\n\t<meta property=\"og:image:height\" content=\"391\" \/>\n\t<meta property=\"og:image:type\" content=\"image\/jpeg\" \/>\n<meta name=\"twitter:card\" content=\"summary_large_image\" \/>\n<meta name=\"twitter:label1\" content=\"Est. reading time\" \/>\n\t<meta name=\"twitter:data1\" content=\"1 minute\" \/>\n<script type=\"application\/ld+json\" class=\"yoast-schema-graph\">{\"@context\":\"https:\/\/schema.org\",\"@graph\":[{\"@type\":\"WebPage\",\"@id\":\"https:\/\/hunaja.fi\/tuote\/kynttilavahapohjuke-kpl\/\",\"url\":\"https:\/\/hunaja.fi\/tuote\/kynttilavahapohjuke-kpl\/\",\"name\":\"Kynttil\u00e4vahapohjuke \/ kpl - Hunajayhtym\u00e4 Oy\",\"isPartOf\":{\"@id\":\"https:\/\/hunaja.fi\/#website\"},\"primaryImageOfPage\":{\"@id\":\"https:\/\/hunaja.fi\/tuote\/kynttilavahapohjuke-kpl\/#primaryimage\"},\"image\":{\"@id\":\"https:\/\/hunaja.fi\/tuote\/kynttilavahapohjuke-kpl\/#primaryimage\"},\"thumbnailUrl\":\"https:\/\/hunaja.fi\/wp-content\/uploads\/2013\/11\/kyntilavahapohjuke.jpg\",\"datePublished\":\"2017-11-09T08:51:05+00:00\",\"dateModified\":\"2026-01-12T07:27:52+00:00\",\"description\":\"V\u00e4rillinen mehil\u00e4isvahapohjuke kynttil\u00f6iden tekoon. Pohjukkeesta voi tehd\u00e4 kynttil\u00f6it\u00e4 kieritt\u00e4en. Paljon eri v\u00e4rivaihtoehtoja! Tee tilaus kappaleittain.\",\"breadcrumb\":{\"@id\":\"https:\/\/hunaja.fi\/tuote\/kynttilavahapohjuke-kpl\/#breadcrumb\"},\"inLanguage\":\"en-US\",\"potentialAction\":[{\"@type\":\"ReadAction\",\"target\":[\"https:\/\/hunaja.fi\/tuote\/kynttilavahapohjuke-kpl\/\"]}]},{\"@type\":\"ImageObject\",\"inLanguage\":\"en-US\",\"@id\":\"https:\/\/hunaja.fi\/tuote\/kynttilavahapohjuke-kpl\/#primaryimage\",\"url\":\"https:\/\/hunaja.fi\/wp-content\/uploads\/2013\/11\/kyntilavahapohjuke.jpg\",\"contentUrl\":\"https:\/\/hunaja.fi\/wp-content\/uploads\/2013\/11\/kyntilavahapohjuke.jpg\",\"width\":500,\"height\":391},{\"@type\":\"BreadcrumbList\",\"@id\":\"https:\/\/hunaja.fi\/tuote\/kynttilavahapohjuke-kpl\/#breadcrumb\",\"itemListElement\":[{\"@type\":\"ListItem\",\"position\":1,\"name\":\"Etusivu\",\"item\":\"https:\/\/hunaja.fi\/en\/\"},{\"@type\":\"ListItem\",\"position\":2,\"name\":\"Tuotteet\",\"item\":\"https:\/\/hunaja.fi\/kauppapaikka\/tuotteet\/\"},{\"@type\":\"ListItem\",\"position\":3,\"name\":\"Kynttil\u00e4tarvikkeet\",\"item\":\"https:\/\/hunaja.fi\/tuote-osasto\/kynttilatarvikkeet\/\"},{\"@type\":\"ListItem\",\"position\":4,\"name\":\"Kynttil\u00e4vahapohjuke \/ kpl\"}]},{\"@type\":\"WebSite\",\"@id\":\"https:\/\/hunaja.fi\/#website\",\"url\":\"https:\/\/hunaja.fi\/\",\"name\":\"Hunajayhtym\u00e4 Oy\",\"description\":\"Nature Loves Finnish Floral Honey\",\"publisher\":{\"@id\":\"https:\/\/hunaja.fi\/#organization\"},\"potentialAction\":[{\"@type\":\"SearchAction\",\"target\":{\"@type\":\"EntryPoint\",\"urlTemplate\":\"https:\/\/hunaja.fi\/?s={search_term_string}\"},\"query-input\":{\"@type\":\"PropertyValueSpecification\",\"valueRequired\":true,\"valueName\":\"search_term_string\"}}],\"inLanguage\":\"en-US\"},{\"@type\":\"Organization\",\"@id\":\"https:\/\/hunaja.fi\/#organization\",\"name\":\"Hunajayhtym\u00e4 Oy\",\"url\":\"https:\/\/hunaja.fi\/\",\"logo\":{\"@type\":\"ImageObject\",\"inLanguage\":\"en-US\",\"@id\":\"https:\/\/hunaja.fi\/#\/schema\/logo\/image\/\",\"url\":\"https:\/\/hunaja.fi\/wp-content\/uploads\/2021\/07\/Hunajayhtyma_Logo_VAAKA_slogan_cmyk-01.png\",\"contentUrl\":\"https:\/\/hunaja.fi\/wp-content\/uploads\/2021\/07\/Hunajayhtyma_Logo_VAAKA_slogan_cmyk-01.png\",\"width\":656,\"height\":242,\"caption\":\"Hunajayhtym\u00e4 Oy\"},\"image\":{\"@id\":\"https:\/\/hunaja.fi\/#\/schema\/logo\/image\/\"}}]}<\/script>\n<!-- \/ Yoast SEO plugin. -->","yoast_head_json":{"title":"Kynttil\u00e4vahapohjuke \/ kpl - Hunajayhtym\u00e4 Oy","description":"V\u00e4rillinen mehil\u00e4isvahapohjuke kynttil\u00f6iden tekoon. Pohjukkeesta voi tehd\u00e4 kynttil\u00f6it\u00e4 kieritt\u00e4en. Paljon eri v\u00e4rivaihtoehtoja! Tee tilaus kappaleittain.","robots":{"index":"index","follow":"follow","max-snippet":"max-snippet:-1","max-image-preview":"max-image-preview:large","max-video-preview":"max-video-preview:-1"},"canonical":"https:\/\/hunaja.fi\/tuote\/kynttilavahapohjuke-kpl\/","og_locale":"en_US","og_type":"article","og_title":"Kynttil\u00e4vahapohjuke \/ kpl - Hunajayhtym\u00e4 Oy","og_description":"V\u00e4rillinen mehil\u00e4isvahapohjuke kynttil\u00f6iden tekoon. Pohjukkeesta voi tehd\u00e4 kynttil\u00f6it\u00e4 kieritt\u00e4en. Paljon eri v\u00e4rivaihtoehtoja! Tee tilaus kappaleittain.","og_url":"https:\/\/hunaja.fi\/tuote\/kynttilavahapohjuke-kpl\/","og_site_name":"Hunajayhtym\u00e4 Oy","article_modified_time":"2026-01-12T07:27:52+00:00","og_image":[{"width":500,"height":391,"url":"https:\/\/hunaja.fi\/wp-content\/uploads\/2013\/11\/kyntilavahapohjuke.jpg","type":"image\/jpeg"}],"twitter_card":"summary_large_image","twitter_misc":{"Est. reading time":"1 minute"},"schema":{"@context":"https:\/\/schema.org","@graph":[{"@type":"WebPage","@id":"https:\/\/hunaja.fi\/tuote\/kynttilavahapohjuke-kpl\/","url":"https:\/\/hunaja.fi\/tuote\/kynttilavahapohjuke-kpl\/","name":"Kynttil\u00e4vahapohjuke \/ kpl - Hunajayhtym\u00e4 Oy","isPartOf":{"@id":"https:\/\/hunaja.fi\/#website"},"primaryImageOfPage":{"@id":"https:\/\/hunaja.fi\/tuote\/kynttilavahapohjuke-kpl\/#primaryimage"},"image":{"@id":"https:\/\/hunaja.fi\/tuote\/kynttilavahapohjuke-kpl\/#primaryimage"},"thumbnailUrl":"https:\/\/hunaja.fi\/wp-content\/uploads\/2013\/11\/kyntilavahapohjuke.jpg","datePublished":"2017-11-09T08:51:05+00:00","dateModified":"2026-01-12T07:27:52+00:00","description":"V\u00e4rillinen mehil\u00e4isvahapohjuke kynttil\u00f6iden tekoon. Pohjukkeesta voi tehd\u00e4 kynttil\u00f6it\u00e4 kieritt\u00e4en. Paljon eri v\u00e4rivaihtoehtoja! Tee tilaus kappaleittain.","breadcrumb":{"@id":"https:\/\/hunaja.fi\/tuote\/kynttilavahapohjuke-kpl\/#breadcrumb"},"inLanguage":"en-US","potentialAction":[{"@type":"ReadAction","target":["https:\/\/hunaja.fi\/tuote\/kynttilavahapohjuke-kpl\/"]}]},{"@type":"ImageObject","inLanguage":"en-US","@id":"https:\/\/hunaja.fi\/tuote\/kynttilavahapohjuke-kpl\/#primaryimage","url":"https:\/\/hunaja.fi\/wp-content\/uploads\/2013\/11\/kyntilavahapohjuke.jpg","contentUrl":"https:\/\/hunaja.fi\/wp-content\/uploads\/2013\/11\/kyntilavahapohjuke.jpg","width":500,"height":391},{"@type":"BreadcrumbList","@id":"https:\/\/hunaja.fi\/tuote\/kynttilavahapohjuke-kpl\/#breadcrumb","itemListElement":[{"@type":"ListItem","position":1,"name":"Etusivu","item":"https:\/\/hunaja.fi\/en\/"},{"@type":"ListItem","position":2,"name":"Tuotteet","item":"https:\/\/hunaja.fi\/kauppapaikka\/tuotteet\/"},{"@type":"ListItem","position":3,"name":"Kynttil\u00e4tarvikkeet","item":"https:\/\/hunaja.fi\/tuote-osasto\/kynttilatarvikkeet\/"},{"@type":"ListItem","position":4,"name":"Kynttil\u00e4vahapohjuke \/ kpl"}]},{"@type":"WebSite","@id":"https:\/\/hunaja.fi\/#website","url":"https:\/\/hunaja.fi\/","name":"Hunajayhtym\u00e4 Oy","description":"Nature Loves Finnish Floral Honey","publisher":{"@id":"https:\/\/hunaja.fi\/#organization"},"potentialAction":[{"@type":"SearchAction","target":{"@type":"EntryPoint","urlTemplate":"https:\/\/hunaja.fi\/?s={search_term_string}"},"query-input":{"@type":"PropertyValueSpecification","valueRequired":true,"valueName":"search_term_string"}}],"inLanguage":"en-US"},{"@type":"Organization","@id":"https:\/\/hunaja.fi\/#organization","name":"Hunajayhtym\u00e4 Oy","url":"https:\/\/hunaja.fi\/","logo":{"@type":"ImageObject","inLanguage":"en-US","@id":"https:\/\/hunaja.fi\/#\/schema\/logo\/image\/","url":"https:\/\/hunaja.fi\/wp-content\/uploads\/2021\/07\/Hunajayhtyma_Logo_VAAKA_slogan_cmyk-01.png","contentUrl":"https:\/\/hunaja.fi\/wp-content\/uploads\/2021\/07\/Hunajayhtyma_Logo_VAAKA_slogan_cmyk-01.png","width":656,"height":242,"caption":"Hunajayhtym\u00e4 Oy"},"image":{"@id":"https:\/\/hunaja.fi\/#\/schema\/logo\/image\/"}}]}},"_links":{"self":[{"href":"https:\/\/hunaja.fi\/en\/wp-json\/wp\/v2\/product\/15635","targetHints":{"allow":["GET"]}}],"collection":[{"href":"https:\/\/hunaja.fi\/en\/wp-json\/wp\/v2\/product"}],"about":[{"href":"https:\/\/hunaja.fi\/en\/wp-json\/wp\/v2\/types\/product"}],"wp:featuredmedia":[{"embeddable":true,"href":"https:\/\/hunaja.fi\/en\/wp-json\/wp\/v2\/media\/15634"}],"wp:attachment":[{"href":"https:\/\/hunaja.fi\/en\/wp-json\/wp\/v2\/media?parent=15635"}],"wp:term":[{"taxonomy":"product_brand","embeddable":true,"href":"https:\/\/hunaja.fi\/en\/wp-json\/wp\/v2\/product_brand?post=15635"},{"taxonomy":"product_cat","embeddable":true,"href":"https:\/\/hunaja.fi\/en\/wp-json\/wp\/v2\/product_cat?post=15635"},{"taxonomy":"product_tag","embeddable":true,"href":"https:\/\/hunaja.fi\/en\/wp-json\/wp\/v2\/product_tag?post=15635"}],"curies":[{"name":"wp","href":"https:\/\/api.w.org\/{rel}","templated":true}]}}