{"id":13809,"date":"2016-10-24T15:51:42","date_gmt":"2016-10-24T12:51:42","guid":{"rendered":"https:\/\/www.hunaja.fi\/?post_type=product&#038;p=13809"},"modified":"2024-09-18T14:51:55","modified_gmt":"2024-09-18T11:51:55","slug":"suojahaalari-bieno-valkoinen","status":"publish","type":"product","link":"https:\/\/hunaja.fi\/en\/tuote\/suojahaalari-bieno-valkoinen\/","title":{"rendered":"Suojahaalari Bieno, valkoinen"},"content":{"rendered":"<p>Suojahaalari mehil\u00e4ishoitajalle. Valkoista hengitt\u00e4v\u00e4\u00e4 kangasta. Hyv\u00e4 verkko kasvojen suojana: etuosa on mustaa, jolloin n\u00e4kyvyys on erinomainen. Isot vetoketjulliset taskut, joissa tavarat pysyv\u00e4t hyv\u00e4ss\u00e4 tallessa. Sek\u00e4 hihansuissa ett\u00e4 lahkeissa napakat kuminauhat.<\/p>\n<p>&nbsp;<\/p>\n<p><strong>XS mitat<\/strong><br \/>\nHiha 56cm<\/p>\n<p>Selk\u00e4 75cm<\/p>\n<p>Rinta 106cm<\/p>\n<p>Vy\u00f6t\u00e4r\u00f6 80cm<\/p>\n<p>Lahje 70 cm<\/p>\n","protected":false},"excerpt":{"rendered":"<p>Suojahaalari mehil\u00e4ishoitajalle. Valkoista hengitt\u00e4v\u00e4\u00e4 kangasta. Hyv\u00e4 verkko kasvojen suojana: etuosa on mustaa, jolloin n\u00e4kyvyys on erinomainen. Isot vetoketjulliset taskut, joissa tavarat pysyv\u00e4t hyv\u00e4ss\u00e4 tallessa. Sek\u00e4 hihansuissa ett\u00e4 lahkeissa napakat kuminauhat. &nbsp; XS mitat Hiha 56cm Selk\u00e4 75cm Rinta 106cm Vy\u00f6t\u00e4r\u00f6 80cm Lahje 70 cm<\/p>\n","protected":false},"featured_media":14192,"template":"","meta":{"_acf_changed":false,"_improvement_type_select":"improve_an_existing","_thumb_yes_seoaic":false,"_frame_yes_seoaic":false,"seoaic_generate_description":"","seoaic_improve_instructions_prompt":"","seoaic_rollback_content_improvement":"","seoaic_idea_thumbnail_generator":"","thumbnail_generated":false,"thumbnail_generate_prompt":"","seoaic_article_description":"","site-sidebar-layout":"default","site-content-layout":"default","ast-site-content-layout":"default","site-content-style":"default","site-sidebar-style":"default","ast-global-header-display":"","ast-banner-title-visibility":"","ast-main-header-display":"","ast-hfb-above-header-display":"","ast-hfb-below-header-display":"","ast-hfb-mobile-header-display":"","site-post-title":"","ast-breadcrumbs-content":"","ast-featured-img":"","footer-sml-layout":"","ast-disable-related-posts":"","theme-transparent-header-meta":"default","adv-header-id-meta":"","stick-header-meta":"default","header-above-stick-meta":"","header-main-stick-meta":"","header-below-stick-meta":"","astra-migrate-meta-layouts":"set","ast-page-background-enabled":"default","ast-page-background-meta":{"desktop":{"background-color":"","background-image":"","background-repeat":"repeat","background-position":"center center","background-size":"auto","background-attachment":"scroll","background-type":"","background-media":"","overlay-type":"","overlay-color":"","overlay-opacity":"","overlay-gradient":""},"tablet":{"background-color":"","background-image":"","background-repeat":"repeat","background-position":"center center","background-size":"auto","background-attachment":"scroll","background-type":"","background-media":"","overlay-type":"","overlay-color":"","overlay-opacity":"","overlay-gradient":""},"mobile":{"background-color":"","background-image":"","background-repeat":"repeat","background-position":"center center","background-size":"auto","background-attachment":"scroll","background-type":"","background-media":"","overlay-type":"","overlay-color":"","overlay-opacity":"","overlay-gradient":""}},"ast-content-background-meta":{"desktop":{"background-color":"var(--ast-global-color-5)","background-image":"","background-repeat":"repeat","background-position":"center center","background-size":"auto","background-attachment":"scroll","background-type":"","background-media":"","overlay-type":"","overlay-color":"","overlay-opacity":"","overlay-gradient":""},"tablet":{"background-color":"var(--ast-global-color-5)","background-image":"","background-repeat":"repeat","background-position":"center center","background-size":"auto","background-attachment":"scroll","background-type":"","background-media":"","overlay-type":"","overlay-color":"","overlay-opacity":"","overlay-gradient":""},"mobile":{"background-color":"var(--ast-global-color-5)","background-image":"","background-repeat":"repeat","background-position":"center center","background-size":"auto","background-attachment":"scroll","background-type":"","background-media":"","overlay-type":"","overlay-color":"","overlay-opacity":"","overlay-gradient":""}}},"product_brand":[],"product_cat":[2033,15],"product_tag":[],"class_list":{"0":"post-13809","1":"product","2":"type-product","3":"status-publish","4":"has-post-thumbnail","6":"product_cat-suojahaalarit","7":"product_cat-suojaasut","8":"pa_koko-l","9":"pa_koko-m","10":"pa_koko-s","11":"pa_koko-xl","12":"pa_koko-xs","13":"pa_koko-xxl","14":"pa_koko-xxs","15":"pa_koko-xxxl","16":"desktop-align-center","17":"tablet-align-center","18":"mobile-align-center","19":"ast-product-gallery-layout-horizontal","20":"ast-magnify-disabled","21":"ast-product-single-variable","22":"ast-product-tabs-layout-horizontal","24":"first","25":"instock","26":"shipping-taxable","27":"purchasable","28":"product-type-variable"},"acf":[],"yoast_head":"<!-- This site is optimized with the Yoast SEO plugin v26.7 - https:\/\/yoast.com\/wordpress\/plugins\/seo\/ -->\n<title>Suojahaalari Bieno, valkoinen - Hunajayhtym\u00e4 Oy<\/title>\n<meta name=\"description\" content=\"Suojahaalari mehil\u00e4ishoitajalle. Valkoista hengitt\u00e4v\u00e4\u00e4 kangasta. Hyv\u00e4 verkko kasvojen suojana: etuosa on mustaa, jolloin n\u00e4kyvyys on erinomainen. Isot\" \/>\n<meta name=\"robots\" content=\"index, follow, max-snippet:-1, max-image-preview:large, max-video-preview:-1\" \/>\n<link rel=\"canonical\" href=\"https:\/\/hunaja.fi\/tuote\/suojahaalari-bieno-valkoinen\/\" \/>\n<meta property=\"og:locale\" content=\"en_US\" \/>\n<meta property=\"og:type\" content=\"article\" \/>\n<meta property=\"og:title\" content=\"Suojahaalari Bieno, valkoinen - Hunajayhtym\u00e4 Oy\" \/>\n<meta property=\"og:description\" content=\"Suojahaalari mehil\u00e4ishoitajalle. Valkoista hengitt\u00e4v\u00e4\u00e4 kangasta. Hyv\u00e4 verkko kasvojen suojana: etuosa on mustaa, jolloin n\u00e4kyvyys on erinomainen. Isot\" \/>\n<meta property=\"og:url\" content=\"https:\/\/hunaja.fi\/tuote\/suojahaalari-bieno-valkoinen\/\" \/>\n<meta property=\"og:site_name\" content=\"Hunajayhtym\u00e4 Oy\" \/>\n<meta property=\"article:modified_time\" content=\"2024-09-18T11:51:55+00:00\" \/>\n<meta property=\"og:image\" content=\"https:\/\/hunaja.fi\/wp-content\/uploads\/2016\/10\/bienohaalari.jpg\" \/>\n\t<meta property=\"og:image:width\" content=\"500\" \/>\n\t<meta property=\"og:image:height\" content=\"500\" \/>\n\t<meta property=\"og:image:type\" content=\"image\/jpeg\" \/>\n<meta name=\"twitter:card\" content=\"summary_large_image\" \/>\n<meta name=\"twitter:label1\" content=\"Est. reading time\" \/>\n\t<meta name=\"twitter:data1\" content=\"1 minute\" \/>\n<script type=\"application\/ld+json\" class=\"yoast-schema-graph\">{\"@context\":\"https:\/\/schema.org\",\"@graph\":[{\"@type\":\"WebPage\",\"@id\":\"https:\/\/hunaja.fi\/tuote\/suojahaalari-bieno-valkoinen\/\",\"url\":\"https:\/\/hunaja.fi\/tuote\/suojahaalari-bieno-valkoinen\/\",\"name\":\"Suojahaalari Bieno, valkoinen - Hunajayhtym\u00e4 Oy\",\"isPartOf\":{\"@id\":\"https:\/\/hunaja.fi\/#website\"},\"primaryImageOfPage\":{\"@id\":\"https:\/\/hunaja.fi\/tuote\/suojahaalari-bieno-valkoinen\/#primaryimage\"},\"image\":{\"@id\":\"https:\/\/hunaja.fi\/tuote\/suojahaalari-bieno-valkoinen\/#primaryimage\"},\"thumbnailUrl\":\"https:\/\/hunaja.fi\/wp-content\/uploads\/2016\/10\/bienohaalari.jpg\",\"datePublished\":\"2016-10-24T12:51:42+00:00\",\"dateModified\":\"2024-09-18T11:51:55+00:00\",\"description\":\"Suojahaalari mehil\u00e4ishoitajalle. Valkoista hengitt\u00e4v\u00e4\u00e4 kangasta. Hyv\u00e4 verkko kasvojen suojana: etuosa on mustaa, jolloin n\u00e4kyvyys on erinomainen. Isot\",\"breadcrumb\":{\"@id\":\"https:\/\/hunaja.fi\/tuote\/suojahaalari-bieno-valkoinen\/#breadcrumb\"},\"inLanguage\":\"en-US\",\"potentialAction\":[{\"@type\":\"ReadAction\",\"target\":[\"https:\/\/hunaja.fi\/tuote\/suojahaalari-bieno-valkoinen\/\"]}]},{\"@type\":\"ImageObject\",\"inLanguage\":\"en-US\",\"@id\":\"https:\/\/hunaja.fi\/tuote\/suojahaalari-bieno-valkoinen\/#primaryimage\",\"url\":\"https:\/\/hunaja.fi\/wp-content\/uploads\/2016\/10\/bienohaalari.jpg\",\"contentUrl\":\"https:\/\/hunaja.fi\/wp-content\/uploads\/2016\/10\/bienohaalari.jpg\",\"width\":500,\"height\":500},{\"@type\":\"BreadcrumbList\",\"@id\":\"https:\/\/hunaja.fi\/tuote\/suojahaalari-bieno-valkoinen\/#breadcrumb\",\"itemListElement\":[{\"@type\":\"ListItem\",\"position\":1,\"name\":\"Etusivu\",\"item\":\"https:\/\/hunaja.fi\/en\/\"},{\"@type\":\"ListItem\",\"position\":2,\"name\":\"Tuotteet\",\"item\":\"https:\/\/hunaja.fi\/kauppapaikka\/tuotteet\/\"},{\"@type\":\"ListItem\",\"position\":3,\"name\":\"Suoja-asut\",\"item\":\"https:\/\/hunaja.fi\/tuote-osasto\/suojaasut\/\"},{\"@type\":\"ListItem\",\"position\":4,\"name\":\"Suojahaalari Bieno, valkoinen\"}]},{\"@type\":\"WebSite\",\"@id\":\"https:\/\/hunaja.fi\/#website\",\"url\":\"https:\/\/hunaja.fi\/\",\"name\":\"Hunajayhtym\u00e4 Oy\",\"description\":\"Nature Loves Finnish Floral Honey\",\"publisher\":{\"@id\":\"https:\/\/hunaja.fi\/#organization\"},\"potentialAction\":[{\"@type\":\"SearchAction\",\"target\":{\"@type\":\"EntryPoint\",\"urlTemplate\":\"https:\/\/hunaja.fi\/?s={search_term_string}\"},\"query-input\":{\"@type\":\"PropertyValueSpecification\",\"valueRequired\":true,\"valueName\":\"search_term_string\"}}],\"inLanguage\":\"en-US\"},{\"@type\":\"Organization\",\"@id\":\"https:\/\/hunaja.fi\/#organization\",\"name\":\"Hunajayhtym\u00e4 Oy\",\"url\":\"https:\/\/hunaja.fi\/\",\"logo\":{\"@type\":\"ImageObject\",\"inLanguage\":\"en-US\",\"@id\":\"https:\/\/hunaja.fi\/#\/schema\/logo\/image\/\",\"url\":\"https:\/\/hunaja.fi\/wp-content\/uploads\/2021\/07\/Hunajayhtyma_Logo_VAAKA_slogan_cmyk-01.png\",\"contentUrl\":\"https:\/\/hunaja.fi\/wp-content\/uploads\/2021\/07\/Hunajayhtyma_Logo_VAAKA_slogan_cmyk-01.png\",\"width\":656,\"height\":242,\"caption\":\"Hunajayhtym\u00e4 Oy\"},\"image\":{\"@id\":\"https:\/\/hunaja.fi\/#\/schema\/logo\/image\/\"}}]}<\/script>\n<!-- \/ Yoast SEO plugin. -->","yoast_head_json":{"title":"Suojahaalari Bieno, valkoinen - Hunajayhtym\u00e4 Oy","description":"Suojahaalari mehil\u00e4ishoitajalle. Valkoista hengitt\u00e4v\u00e4\u00e4 kangasta. Hyv\u00e4 verkko kasvojen suojana: etuosa on mustaa, jolloin n\u00e4kyvyys on erinomainen. Isot","robots":{"index":"index","follow":"follow","max-snippet":"max-snippet:-1","max-image-preview":"max-image-preview:large","max-video-preview":"max-video-preview:-1"},"canonical":"https:\/\/hunaja.fi\/tuote\/suojahaalari-bieno-valkoinen\/","og_locale":"en_US","og_type":"article","og_title":"Suojahaalari Bieno, valkoinen - Hunajayhtym\u00e4 Oy","og_description":"Suojahaalari mehil\u00e4ishoitajalle. Valkoista hengitt\u00e4v\u00e4\u00e4 kangasta. Hyv\u00e4 verkko kasvojen suojana: etuosa on mustaa, jolloin n\u00e4kyvyys on erinomainen. Isot","og_url":"https:\/\/hunaja.fi\/tuote\/suojahaalari-bieno-valkoinen\/","og_site_name":"Hunajayhtym\u00e4 Oy","article_modified_time":"2024-09-18T11:51:55+00:00","og_image":[{"width":500,"height":500,"url":"https:\/\/hunaja.fi\/wp-content\/uploads\/2016\/10\/bienohaalari.jpg","type":"image\/jpeg"}],"twitter_card":"summary_large_image","twitter_misc":{"Est. reading time":"1 minute"},"schema":{"@context":"https:\/\/schema.org","@graph":[{"@type":"WebPage","@id":"https:\/\/hunaja.fi\/tuote\/suojahaalari-bieno-valkoinen\/","url":"https:\/\/hunaja.fi\/tuote\/suojahaalari-bieno-valkoinen\/","name":"Suojahaalari Bieno, valkoinen - Hunajayhtym\u00e4 Oy","isPartOf":{"@id":"https:\/\/hunaja.fi\/#website"},"primaryImageOfPage":{"@id":"https:\/\/hunaja.fi\/tuote\/suojahaalari-bieno-valkoinen\/#primaryimage"},"image":{"@id":"https:\/\/hunaja.fi\/tuote\/suojahaalari-bieno-valkoinen\/#primaryimage"},"thumbnailUrl":"https:\/\/hunaja.fi\/wp-content\/uploads\/2016\/10\/bienohaalari.jpg","datePublished":"2016-10-24T12:51:42+00:00","dateModified":"2024-09-18T11:51:55+00:00","description":"Suojahaalari mehil\u00e4ishoitajalle. Valkoista hengitt\u00e4v\u00e4\u00e4 kangasta. Hyv\u00e4 verkko kasvojen suojana: etuosa on mustaa, jolloin n\u00e4kyvyys on erinomainen. Isot","breadcrumb":{"@id":"https:\/\/hunaja.fi\/tuote\/suojahaalari-bieno-valkoinen\/#breadcrumb"},"inLanguage":"en-US","potentialAction":[{"@type":"ReadAction","target":["https:\/\/hunaja.fi\/tuote\/suojahaalari-bieno-valkoinen\/"]}]},{"@type":"ImageObject","inLanguage":"en-US","@id":"https:\/\/hunaja.fi\/tuote\/suojahaalari-bieno-valkoinen\/#primaryimage","url":"https:\/\/hunaja.fi\/wp-content\/uploads\/2016\/10\/bienohaalari.jpg","contentUrl":"https:\/\/hunaja.fi\/wp-content\/uploads\/2016\/10\/bienohaalari.jpg","width":500,"height":500},{"@type":"BreadcrumbList","@id":"https:\/\/hunaja.fi\/tuote\/suojahaalari-bieno-valkoinen\/#breadcrumb","itemListElement":[{"@type":"ListItem","position":1,"name":"Etusivu","item":"https:\/\/hunaja.fi\/en\/"},{"@type":"ListItem","position":2,"name":"Tuotteet","item":"https:\/\/hunaja.fi\/kauppapaikka\/tuotteet\/"},{"@type":"ListItem","position":3,"name":"Suoja-asut","item":"https:\/\/hunaja.fi\/tuote-osasto\/suojaasut\/"},{"@type":"ListItem","position":4,"name":"Suojahaalari Bieno, valkoinen"}]},{"@type":"WebSite","@id":"https:\/\/hunaja.fi\/#website","url":"https:\/\/hunaja.fi\/","name":"Hunajayhtym\u00e4 Oy","description":"Nature Loves Finnish Floral Honey","publisher":{"@id":"https:\/\/hunaja.fi\/#organization"},"potentialAction":[{"@type":"SearchAction","target":{"@type":"EntryPoint","urlTemplate":"https:\/\/hunaja.fi\/?s={search_term_string}"},"query-input":{"@type":"PropertyValueSpecification","valueRequired":true,"valueName":"search_term_string"}}],"inLanguage":"en-US"},{"@type":"Organization","@id":"https:\/\/hunaja.fi\/#organization","name":"Hunajayhtym\u00e4 Oy","url":"https:\/\/hunaja.fi\/","logo":{"@type":"ImageObject","inLanguage":"en-US","@id":"https:\/\/hunaja.fi\/#\/schema\/logo\/image\/","url":"https:\/\/hunaja.fi\/wp-content\/uploads\/2021\/07\/Hunajayhtyma_Logo_VAAKA_slogan_cmyk-01.png","contentUrl":"https:\/\/hunaja.fi\/wp-content\/uploads\/2021\/07\/Hunajayhtyma_Logo_VAAKA_slogan_cmyk-01.png","width":656,"height":242,"caption":"Hunajayhtym\u00e4 Oy"},"image":{"@id":"https:\/\/hunaja.fi\/#\/schema\/logo\/image\/"}}]}},"_links":{"self":[{"href":"https:\/\/hunaja.fi\/en\/wp-json\/wp\/v2\/product\/13809","targetHints":{"allow":["GET"]}}],"collection":[{"href":"https:\/\/hunaja.fi\/en\/wp-json\/wp\/v2\/product"}],"about":[{"href":"https:\/\/hunaja.fi\/en\/wp-json\/wp\/v2\/types\/product"}],"wp:featuredmedia":[{"embeddable":true,"href":"https:\/\/hunaja.fi\/en\/wp-json\/wp\/v2\/media\/14192"}],"wp:attachment":[{"href":"https:\/\/hunaja.fi\/en\/wp-json\/wp\/v2\/media?parent=13809"}],"wp:term":[{"taxonomy":"product_brand","embeddable":true,"href":"https:\/\/hunaja.fi\/en\/wp-json\/wp\/v2\/product_brand?post=13809"},{"taxonomy":"product_cat","embeddable":true,"href":"https:\/\/hunaja.fi\/en\/wp-json\/wp\/v2\/product_cat?post=13809"},{"taxonomy":"product_tag","embeddable":true,"href":"https:\/\/hunaja.fi\/en\/wp-json\/wp\/v2\/product_tag?post=13809"}],"curies":[{"name":"wp","href":"https:\/\/api.w.org\/{rel}","templated":true}]}}