{"id":11253,"date":"2016-03-31T00:00:00","date_gmt":"2016-03-30T21:00:00","guid":{"rendered":"http:\/\/hunaja.wp.tri.haus\/tuote\/propolitipat-10-ml\/"},"modified":"2024-10-01T08:20:46","modified_gmt":"2024-10-01T05:20:46","slug":"propolistipat-10-ml","status":"publish","type":"product","link":"https:\/\/hunaja.fi\/en\/tuote\/propolistipat-10-ml\/","title":{"rendered":"Propolistipat 10 ml"},"content":{"rendered":"<p>Propolis sis\u00e4lt\u00e4\u00e4: 50-55 % pihkaa ja balsamia, 20-35% vahaa, 5-10 % eteerisi\u00e4 \u00f6ljyj\u00e4, 5 % siitep\u00f6ly\u00e4, flavonoideja, kasvihappoja, aromiaineita, hiven- ja kivenn\u00e4isaineita, vitamiineja. Propolistipat on valmistettu liuottamalla propolis etanoliin. Propolistippoja k\u00e4ytet\u00e4\u00e4n esim. haavojen, finnien ja huuliherpeksen hoitoon, k\u00e4nsien ja syylien hoitoon, ientulehduksiin ja aftoihin sek\u00e4 kurkkukipuun, nielutulehduksiin ja flunssaan. Ulkoisesti tippoja voi k\u00e4ytt\u00e4\u00e4 haavojen, palovammojen, finnien, ihovaurioiden ja hy\u00f6nteisten puremien hoitoon. Se\u00a0est\u00e4\u00e4 ja poistaa tulehdusta\u00a0ja\u00a0toimii\u00a0antibakteerisuutensa ansiosta\u00a0oivana ensiapuna erilaisiin ruhjeisiin<\/p>\n<p>Mehil\u00e4iset kr\u00e4\u00e4v\u00e4t\u00a0propoliksen raaka-aineita puiden ja pensaiden silmuista. Propoliksen v\u00e4ri vaihtelee sen mukaan, mist\u00e4 kasveista se on per\u00e4isin. Se voi olla v\u00e4rilt\u00e4\u00e4n keltaista, tummanruskeaa tai jopa v\u00e4rit\u00f6nt\u00e4. Mehil\u00e4isten valmistama propolis edist\u00e4\u00e4 mehil\u00e4isyhdyskuntien hyvinvointia. Se pit\u00e4\u00e4 bakteerit poissa ja mehil\u00e4iset terveen\u00e4. Kittivaha eli propolis on luonnon oma antibiootti, joka taistelee bakteereja, viruksia ja sienitauteja vastaan. Se est\u00e4\u00e4 tulehduksia ja voi lis\u00e4t\u00e4 vastustuskyky\u00e4!<\/p>\n<p>Propolistipat sopivat sek\u00e4 sis\u00e4isesti\u00a0ett\u00e4 ulkoisesti k\u00e4ytett\u00e4v\u00e4ksi. Sis\u00e4isesti nautittuna tippoja voi laimentaa keitettyyn veteen suhteessa 10-20 tippaa\/1 dl vett\u00e4. Voi aiheuttaa allergisia reaktioita, sill\u00e4 se sis\u00e4lt\u00e4\u00e4 siitep\u00f6ly\u00e4 ja hartsiaineita. S\u00e4ilyy avaamattomana vuosia, joten pakkauksissa ei ole parasta ennen -p\u00e4iv\u00e4yst\u00e4.<\/p>\n","protected":false},"excerpt":{"rendered":"<p>Propolis sis\u00e4lt\u00e4\u00e4: 50-55 % pihkaa ja balsamia, 20-35% vahaa, 5-10 % eteerisi\u00e4 \u00f6ljyj\u00e4, 5 % siitep\u00f6ly\u00e4, flavonoideja, kasvihappoja, aromiaineita, hiven- ja kivenn\u00e4isaineita, vitamiineja. Propolistipat on valmistettu liuottamalla propolis etanoliin. Propolistippoja k\u00e4ytet\u00e4\u00e4n esim. haavojen, finnien ja huuliherpeksen hoitoon, k\u00e4nsien ja syylien hoitoon, ientulehduksiin ja aftoihin sek\u00e4 kurkkukipuun, nielutulehduksiin ja flunssaan. Ulkoisesti tippoja voi k\u00e4ytt\u00e4\u00e4 haavojen, palovammojen, [&hellip;]<\/p>\n","protected":false},"featured_media":12409,"template":"","meta":{"_acf_changed":false,"_improvement_type_select":"improve_an_existing","_thumb_yes_seoaic":false,"_frame_yes_seoaic":false,"seoaic_generate_description":"","seoaic_improve_instructions_prompt":"","seoaic_rollback_content_improvement":"","seoaic_idea_thumbnail_generator":"","thumbnail_generated":false,"thumbnail_generate_prompt":"","seoaic_article_description":"","site-sidebar-layout":"default","site-content-layout":"default","ast-site-content-layout":"default","site-content-style":"default","site-sidebar-style":"default","ast-global-header-display":"","ast-banner-title-visibility":"","ast-main-header-display":"","ast-hfb-above-header-display":"","ast-hfb-below-header-display":"","ast-hfb-mobile-header-display":"","site-post-title":"","ast-breadcrumbs-content":"","ast-featured-img":"","footer-sml-layout":"","ast-disable-related-posts":"","theme-transparent-header-meta":"default","adv-header-id-meta":"","stick-header-meta":"default","header-above-stick-meta":"","header-main-stick-meta":"","header-below-stick-meta":"","astra-migrate-meta-layouts":"set","ast-page-background-enabled":"default","ast-page-background-meta":{"desktop":{"background-color":"","background-image":"","background-repeat":"repeat","background-position":"center center","background-size":"auto","background-attachment":"scroll","background-type":"","background-media":"","overlay-type":"","overlay-color":"","overlay-opacity":"","overlay-gradient":""},"tablet":{"background-color":"","background-image":"","background-repeat":"repeat","background-position":"center center","background-size":"auto","background-attachment":"scroll","background-type":"","background-media":"","overlay-type":"","overlay-color":"","overlay-opacity":"","overlay-gradient":""},"mobile":{"background-color":"","background-image":"","background-repeat":"repeat","background-position":"center center","background-size":"auto","background-attachment":"scroll","background-type":"","background-media":"","overlay-type":"","overlay-color":"","overlay-opacity":"","overlay-gradient":""}},"ast-content-background-meta":{"desktop":{"background-color":"var(--ast-global-color-5)","background-image":"","background-repeat":"repeat","background-position":"center center","background-size":"auto","background-attachment":"scroll","background-type":"","background-media":"","overlay-type":"","overlay-color":"","overlay-opacity":"","overlay-gradient":""},"tablet":{"background-color":"var(--ast-global-color-5)","background-image":"","background-repeat":"repeat","background-position":"center center","background-size":"auto","background-attachment":"scroll","background-type":"","background-media":"","overlay-type":"","overlay-color":"","overlay-opacity":"","overlay-gradient":""},"mobile":{"background-color":"var(--ast-global-color-5)","background-image":"","background-repeat":"repeat","background-position":"center center","background-size":"auto","background-attachment":"scroll","background-type":"","background-media":"","overlay-type":"","overlay-color":"","overlay-opacity":"","overlay-gradient":""}}},"product_brand":[],"product_cat":[568],"product_tag":[],"class_list":{"0":"post-11253","1":"product","2":"type-product","3":"status-publish","4":"has-post-thumbnail","6":"product_cat-kauneus-ja-puhtaus","7":"desktop-align-center","8":"tablet-align-center","9":"mobile-align-center","10":"ast-product-gallery-layout-horizontal","11":"ast-product-gallery-with-no-image","12":"ast-magnify-disabled","13":"ast-product-tabs-layout-horizontal","15":"first","16":"instock","17":"shipping-taxable","18":"purchasable","19":"product-type-simple"},"acf":[],"yoast_head":"<!-- This site is optimized with the Yoast SEO plugin v26.7 - https:\/\/yoast.com\/wordpress\/plugins\/seo\/ -->\n<title>Propolistipat edullisesti Hunajayhtym\u00e4n verkkokaupasta<\/title>\n<meta name=\"description\" content=\"Propolistipat ovat luonnon oma antibakteerinen aine. Sit\u00e4 k\u00e4ytet\u00e4\u00e4n mm. flunssan, nielutulehdusten, huuliherpeksen, finnien ja palohaavojen hoidossa.\" \/>\n<meta name=\"robots\" content=\"index, follow, max-snippet:-1, max-image-preview:large, max-video-preview:-1\" \/>\n<link rel=\"canonical\" href=\"https:\/\/hunaja.fi\/tuote\/propolistipat-10-ml\/\" \/>\n<meta property=\"og:locale\" content=\"en_US\" \/>\n<meta property=\"og:type\" content=\"article\" \/>\n<meta property=\"og:title\" content=\"Propolistipat edullisesti Hunajayhtym\u00e4n verkkokaupasta\" \/>\n<meta property=\"og:description\" content=\"Propolistipat ovat luonnon oma antibakteerinen aine. Sit\u00e4 k\u00e4ytet\u00e4\u00e4n mm. flunssan, nielutulehdusten, huuliherpeksen, finnien ja palohaavojen hoidossa.\" \/>\n<meta property=\"og:url\" content=\"https:\/\/hunaja.fi\/tuote\/propolistipat-10-ml\/\" \/>\n<meta property=\"og:site_name\" content=\"Hunajayhtym\u00e4 Oy\" \/>\n<meta property=\"article:modified_time\" content=\"2024-10-01T05:20:46+00:00\" \/>\n<meta property=\"og:image\" content=\"https:\/\/hunaja.fi\/wp-content\/uploads\/2016\/03\/propolistipat.jpg\" \/>\n\t<meta property=\"og:image:width\" content=\"500\" \/>\n\t<meta property=\"og:image:height\" content=\"500\" \/>\n\t<meta property=\"og:image:type\" content=\"image\/jpeg\" \/>\n<meta name=\"twitter:card\" content=\"summary_large_image\" \/>\n<meta name=\"twitter:label1\" content=\"Est. reading time\" \/>\n\t<meta name=\"twitter:data1\" content=\"2 minutes\" \/>\n<script type=\"application\/ld+json\" class=\"yoast-schema-graph\">{\"@context\":\"https:\/\/schema.org\",\"@graph\":[{\"@type\":\"WebPage\",\"@id\":\"https:\/\/hunaja.fi\/tuote\/propolistipat-10-ml\/\",\"url\":\"https:\/\/hunaja.fi\/tuote\/propolistipat-10-ml\/\",\"name\":\"Propolistipat edullisesti Hunajayhtym\u00e4n verkkokaupasta\",\"isPartOf\":{\"@id\":\"https:\/\/hunaja.fi\/#website\"},\"primaryImageOfPage\":{\"@id\":\"https:\/\/hunaja.fi\/tuote\/propolistipat-10-ml\/#primaryimage\"},\"image\":{\"@id\":\"https:\/\/hunaja.fi\/tuote\/propolistipat-10-ml\/#primaryimage\"},\"thumbnailUrl\":\"https:\/\/hunaja.fi\/wp-content\/uploads\/2016\/03\/propolistipat.jpg\",\"datePublished\":\"2016-03-30T21:00:00+00:00\",\"dateModified\":\"2024-10-01T05:20:46+00:00\",\"description\":\"Propolistipat ovat luonnon oma antibakteerinen aine. Sit\u00e4 k\u00e4ytet\u00e4\u00e4n mm. flunssan, nielutulehdusten, huuliherpeksen, finnien ja palohaavojen hoidossa.\",\"breadcrumb\":{\"@id\":\"https:\/\/hunaja.fi\/tuote\/propolistipat-10-ml\/#breadcrumb\"},\"inLanguage\":\"en-US\",\"potentialAction\":[{\"@type\":\"ReadAction\",\"target\":[\"https:\/\/hunaja.fi\/tuote\/propolistipat-10-ml\/\"]}]},{\"@type\":\"ImageObject\",\"inLanguage\":\"en-US\",\"@id\":\"https:\/\/hunaja.fi\/tuote\/propolistipat-10-ml\/#primaryimage\",\"url\":\"https:\/\/hunaja.fi\/wp-content\/uploads\/2016\/03\/propolistipat.jpg\",\"contentUrl\":\"https:\/\/hunaja.fi\/wp-content\/uploads\/2016\/03\/propolistipat.jpg\",\"width\":500,\"height\":500,\"caption\":\"propolistipat\"},{\"@type\":\"BreadcrumbList\",\"@id\":\"https:\/\/hunaja.fi\/tuote\/propolistipat-10-ml\/#breadcrumb\",\"itemListElement\":[{\"@type\":\"ListItem\",\"position\":1,\"name\":\"Etusivu\",\"item\":\"https:\/\/hunaja.fi\/en\/\"},{\"@type\":\"ListItem\",\"position\":2,\"name\":\"Tuotteet\",\"item\":\"https:\/\/hunaja.fi\/kauppapaikka\/tuotteet\/\"},{\"@type\":\"ListItem\",\"position\":3,\"name\":\"Kauneus ja puhtaus\",\"item\":\"https:\/\/hunaja.fi\/ja\/tuote-osasto\/kauneus-ja-puhtaus\/\"},{\"@type\":\"ListItem\",\"position\":4,\"name\":\"Propolistipat 10 ml\"}]},{\"@type\":\"WebSite\",\"@id\":\"https:\/\/hunaja.fi\/#website\",\"url\":\"https:\/\/hunaja.fi\/\",\"name\":\"Hunajayhtym\u00e4 Oy\",\"description\":\"Nature Loves Finnish Floral Honey\",\"publisher\":{\"@id\":\"https:\/\/hunaja.fi\/#organization\"},\"potentialAction\":[{\"@type\":\"SearchAction\",\"target\":{\"@type\":\"EntryPoint\",\"urlTemplate\":\"https:\/\/hunaja.fi\/?s={search_term_string}\"},\"query-input\":{\"@type\":\"PropertyValueSpecification\",\"valueRequired\":true,\"valueName\":\"search_term_string\"}}],\"inLanguage\":\"en-US\"},{\"@type\":\"Organization\",\"@id\":\"https:\/\/hunaja.fi\/#organization\",\"name\":\"Hunajayhtym\u00e4 Oy\",\"url\":\"https:\/\/hunaja.fi\/\",\"logo\":{\"@type\":\"ImageObject\",\"inLanguage\":\"en-US\",\"@id\":\"https:\/\/hunaja.fi\/#\/schema\/logo\/image\/\",\"url\":\"https:\/\/hunaja.fi\/wp-content\/uploads\/2021\/07\/Hunajayhtyma_Logo_VAAKA_slogan_cmyk-01.png\",\"contentUrl\":\"https:\/\/hunaja.fi\/wp-content\/uploads\/2021\/07\/Hunajayhtyma_Logo_VAAKA_slogan_cmyk-01.png\",\"width\":656,\"height\":242,\"caption\":\"Hunajayhtym\u00e4 Oy\"},\"image\":{\"@id\":\"https:\/\/hunaja.fi\/#\/schema\/logo\/image\/\"}}]}<\/script>\n<!-- \/ Yoast SEO plugin. -->","yoast_head_json":{"title":"Propolistipat edullisesti Hunajayhtym\u00e4n verkkokaupasta","description":"Propolistipat ovat luonnon oma antibakteerinen aine. Sit\u00e4 k\u00e4ytet\u00e4\u00e4n mm. flunssan, nielutulehdusten, huuliherpeksen, finnien ja palohaavojen hoidossa.","robots":{"index":"index","follow":"follow","max-snippet":"max-snippet:-1","max-image-preview":"max-image-preview:large","max-video-preview":"max-video-preview:-1"},"canonical":"https:\/\/hunaja.fi\/tuote\/propolistipat-10-ml\/","og_locale":"en_US","og_type":"article","og_title":"Propolistipat edullisesti Hunajayhtym\u00e4n verkkokaupasta","og_description":"Propolistipat ovat luonnon oma antibakteerinen aine. Sit\u00e4 k\u00e4ytet\u00e4\u00e4n mm. flunssan, nielutulehdusten, huuliherpeksen, finnien ja palohaavojen hoidossa.","og_url":"https:\/\/hunaja.fi\/tuote\/propolistipat-10-ml\/","og_site_name":"Hunajayhtym\u00e4 Oy","article_modified_time":"2024-10-01T05:20:46+00:00","og_image":[{"width":500,"height":500,"url":"https:\/\/hunaja.fi\/wp-content\/uploads\/2016\/03\/propolistipat.jpg","type":"image\/jpeg"}],"twitter_card":"summary_large_image","twitter_misc":{"Est. reading time":"2 minutes"},"schema":{"@context":"https:\/\/schema.org","@graph":[{"@type":"WebPage","@id":"https:\/\/hunaja.fi\/tuote\/propolistipat-10-ml\/","url":"https:\/\/hunaja.fi\/tuote\/propolistipat-10-ml\/","name":"Propolistipat edullisesti Hunajayhtym\u00e4n verkkokaupasta","isPartOf":{"@id":"https:\/\/hunaja.fi\/#website"},"primaryImageOfPage":{"@id":"https:\/\/hunaja.fi\/tuote\/propolistipat-10-ml\/#primaryimage"},"image":{"@id":"https:\/\/hunaja.fi\/tuote\/propolistipat-10-ml\/#primaryimage"},"thumbnailUrl":"https:\/\/hunaja.fi\/wp-content\/uploads\/2016\/03\/propolistipat.jpg","datePublished":"2016-03-30T21:00:00+00:00","dateModified":"2024-10-01T05:20:46+00:00","description":"Propolistipat ovat luonnon oma antibakteerinen aine. Sit\u00e4 k\u00e4ytet\u00e4\u00e4n mm. flunssan, nielutulehdusten, huuliherpeksen, finnien ja palohaavojen hoidossa.","breadcrumb":{"@id":"https:\/\/hunaja.fi\/tuote\/propolistipat-10-ml\/#breadcrumb"},"inLanguage":"en-US","potentialAction":[{"@type":"ReadAction","target":["https:\/\/hunaja.fi\/tuote\/propolistipat-10-ml\/"]}]},{"@type":"ImageObject","inLanguage":"en-US","@id":"https:\/\/hunaja.fi\/tuote\/propolistipat-10-ml\/#primaryimage","url":"https:\/\/hunaja.fi\/wp-content\/uploads\/2016\/03\/propolistipat.jpg","contentUrl":"https:\/\/hunaja.fi\/wp-content\/uploads\/2016\/03\/propolistipat.jpg","width":500,"height":500,"caption":"propolistipat"},{"@type":"BreadcrumbList","@id":"https:\/\/hunaja.fi\/tuote\/propolistipat-10-ml\/#breadcrumb","itemListElement":[{"@type":"ListItem","position":1,"name":"Etusivu","item":"https:\/\/hunaja.fi\/en\/"},{"@type":"ListItem","position":2,"name":"Tuotteet","item":"https:\/\/hunaja.fi\/kauppapaikka\/tuotteet\/"},{"@type":"ListItem","position":3,"name":"Kauneus ja puhtaus","item":"https:\/\/hunaja.fi\/ja\/tuote-osasto\/kauneus-ja-puhtaus\/"},{"@type":"ListItem","position":4,"name":"Propolistipat 10 ml"}]},{"@type":"WebSite","@id":"https:\/\/hunaja.fi\/#website","url":"https:\/\/hunaja.fi\/","name":"Hunajayhtym\u00e4 Oy","description":"Nature Loves Finnish Floral Honey","publisher":{"@id":"https:\/\/hunaja.fi\/#organization"},"potentialAction":[{"@type":"SearchAction","target":{"@type":"EntryPoint","urlTemplate":"https:\/\/hunaja.fi\/?s={search_term_string}"},"query-input":{"@type":"PropertyValueSpecification","valueRequired":true,"valueName":"search_term_string"}}],"inLanguage":"en-US"},{"@type":"Organization","@id":"https:\/\/hunaja.fi\/#organization","name":"Hunajayhtym\u00e4 Oy","url":"https:\/\/hunaja.fi\/","logo":{"@type":"ImageObject","inLanguage":"en-US","@id":"https:\/\/hunaja.fi\/#\/schema\/logo\/image\/","url":"https:\/\/hunaja.fi\/wp-content\/uploads\/2021\/07\/Hunajayhtyma_Logo_VAAKA_slogan_cmyk-01.png","contentUrl":"https:\/\/hunaja.fi\/wp-content\/uploads\/2021\/07\/Hunajayhtyma_Logo_VAAKA_slogan_cmyk-01.png","width":656,"height":242,"caption":"Hunajayhtym\u00e4 Oy"},"image":{"@id":"https:\/\/hunaja.fi\/#\/schema\/logo\/image\/"}}]}},"_links":{"self":[{"href":"https:\/\/hunaja.fi\/en\/wp-json\/wp\/v2\/product\/11253","targetHints":{"allow":["GET"]}}],"collection":[{"href":"https:\/\/hunaja.fi\/en\/wp-json\/wp\/v2\/product"}],"about":[{"href":"https:\/\/hunaja.fi\/en\/wp-json\/wp\/v2\/types\/product"}],"wp:featuredmedia":[{"embeddable":true,"href":"https:\/\/hunaja.fi\/en\/wp-json\/wp\/v2\/media\/12409"}],"wp:attachment":[{"href":"https:\/\/hunaja.fi\/en\/wp-json\/wp\/v2\/media?parent=11253"}],"wp:term":[{"taxonomy":"product_brand","embeddable":true,"href":"https:\/\/hunaja.fi\/en\/wp-json\/wp\/v2\/product_brand?post=11253"},{"taxonomy":"product_cat","embeddable":true,"href":"https:\/\/hunaja.fi\/en\/wp-json\/wp\/v2\/product_cat?post=11253"},{"taxonomy":"product_tag","embeddable":true,"href":"https:\/\/hunaja.fi\/en\/wp-json\/wp\/v2\/product_tag?post=11253"}],"curies":[{"name":"wp","href":"https:\/\/api.w.org\/{rel}","templated":true}]}}