{"id":5131,"date":"2019-06-05T17:00:46","date_gmt":"2019-06-05T14:00:46","guid":{"rendered":"https:\/\/www.hunaja.fi\/yhteystiedot-2\/"},"modified":"2025-08-19T13:59:43","modified_gmt":"2025-08-19T10:59:43","slug":"contact-information","status":"publish","type":"page","link":"https:\/\/hunaja.fi\/en\/honey-group-finland\/contact-information\/","title":{"rendered":"Contact information"},"content":{"rendered":"<p><strong>Hunajayhtym\u00e4 Oy<\/strong><\/p>\n<p>Postiosoite: PL 110, 32201 Loimaa<br \/>\nK\u00e4yntiosoite: Kojonper\u00e4ntie 13, 32250 Kojonkulma<\/p>\n<p>Puh. 0207 769 680<br \/>\nGSM 0400 193 941<\/p>\n<p>S\u00e4hk\u00f6posti: hunaja@hunaja.fi<br \/>\nFB: www.facebook.com\/hunajayhtyma<\/p>\n<p>Verkkolaskuosoite: 003702040452<br \/>\nV\u00e4litt\u00e4j\u00e4tunnus: BAWCFI22<\/p>\n<p><strong>Myym\u00e4l\u00e4 avoinna arkisin klo 8.00 &#8211; 17.00<\/strong><\/p>\n<p>&nbsp;<\/p>\n<p><strong>HALLINTO<\/strong><\/p>\n<div class=\"wp-block-media-text alignwide is-stacked-on-mobile\" style=\"grid-template-columns: 32% auto;\">\n<figure class=\"wp-block-media-text__media\"><img decoding=\"async\" width=\"506\" height=\"493\" class=\"wp-image-26197 size-full\" src=\"https:\/\/hunaja.fi\/wp-content\/uploads\/2021\/04\/aapo-pyorea.png\" alt=\"Aapo Savo\" srcset=\"https:\/\/hunaja.fi\/wp-content\/uploads\/2021\/04\/aapo-pyorea.png 506w, https:\/\/hunaja.fi\/wp-content\/uploads\/2021\/04\/aapo-pyorea-328x320.png 328w, https:\/\/hunaja.fi\/wp-content\/uploads\/2021\/04\/aapo-pyorea-500x487.png 500w\" sizes=\"(max-width: 506px) 100vw, 506px\" \/><\/figure>\n<div class=\"wp-block-media-text__content\">\n<p>Toimitusjohtaja<strong><br \/>\nAapo Savo<\/strong><br \/>\nPuh. 0207 769 681<br \/>\n050 330 8592<br \/>\n<a href=\"mailto:aapo.savo@hunaja.fi\">aapo.savo@hunaja.fi<\/a><\/p>\n<\/div>\n<\/div>\n<p>&nbsp;<\/p>\n<div class=\"wp-block-media-text alignwide is-stacked-on-mobile\" style=\"grid-template-columns: 32% auto;\">\n<figure class=\"wp-block-media-text__media\"><img decoding=\"async\" width=\"506\" height=\"493\" class=\"wp-image-26200 size-full\" src=\"https:\/\/hunaja.fi\/wp-content\/uploads\/2021\/04\/susannapyorea.png\" alt=\"Susanna Kulmala\" srcset=\"https:\/\/hunaja.fi\/wp-content\/uploads\/2021\/04\/susannapyorea.png 506w, https:\/\/hunaja.fi\/wp-content\/uploads\/2021\/04\/susannapyorea-328x320.png 328w, https:\/\/hunaja.fi\/wp-content\/uploads\/2021\/04\/susannapyorea-500x487.png 500w\" sizes=\"(max-width: 506px) 100vw, 506px\" \/><\/figure>\n<div class=\"wp-block-media-text__content\">\n<p>Toimistop\u00e4\u00e4llikk\u00f6<br \/>\n<strong>Susanna Kulmala<\/strong><br \/>\nPuh. 0207 769 682<br \/>\n0400 193 942<br \/>\n<a href=\"mailto:susanna.kulmala@hunaja.fi\">susanna.kulmala@hunaja.fi<\/a><\/p>\n<\/div>\n<\/div>\n<p>&nbsp;<\/p>\n<div class=\"wp-block-media-text alignwide is-stacked-on-mobile\" style=\"grid-template-columns: 32% auto;\">\n<figure class=\"wp-block-media-text__media\"><img decoding=\"async\" width=\"506\" height=\"493\" class=\"wp-image-26203 size-full\" src=\"https:\/\/hunaja.fi\/wp-content\/uploads\/2021\/04\/pyoreat-kuvat.png\" alt=\"Gidde L\u00f6nnmark\" srcset=\"https:\/\/hunaja.fi\/wp-content\/uploads\/2021\/04\/pyoreat-kuvat.png 506w, https:\/\/hunaja.fi\/wp-content\/uploads\/2021\/04\/pyoreat-kuvat-328x320.png 328w, https:\/\/hunaja.fi\/wp-content\/uploads\/2021\/04\/pyoreat-kuvat-500x487.png 500w\" sizes=\"(max-width: 506px) 100vw, 506px\" \/><\/figure>\n<div class=\"wp-block-media-text__content\">\n<p>Br\u00e4ndi- ja markkinointijohtaja<br \/>\n<strong>Kirsi &#8220;Gidde&#8221; L\u00f6nnmark<\/strong><\/p>\n<p>040 128 6565<br \/>\n<a href=\"mailto:kirsi.lonnmark@hunaja.fi\">kirsi.lonnmark@hunaja.fi<\/a><\/p>\n<\/div>\n<\/div>\n<p>&nbsp;<\/p>\n<p>&nbsp;<\/p>\n<p><strong>MYYM\u00c4L\u00c4<\/strong><\/p>\n<div class=\"wp-block-media-text alignwide is-stacked-on-mobile\" style=\"grid-template-columns: 32% auto;\">\n<figure class=\"wp-block-media-text__media\"><img decoding=\"async\" class=\"alignnone wp-image-26206 size-full\" src=\"https:\/\/hunaja.fi\/wp-content\/uploads\/2021\/04\/timo-pyorea.png\" alt=\"Timo Niemi\" width=\"506\" height=\"493\" srcset=\"https:\/\/hunaja.fi\/wp-content\/uploads\/2021\/04\/timo-pyorea.png 506w, https:\/\/hunaja.fi\/wp-content\/uploads\/2021\/04\/timo-pyorea-328x320.png 328w, https:\/\/hunaja.fi\/wp-content\/uploads\/2021\/04\/timo-pyorea-500x487.png 500w\" sizes=\"(max-width: 506px) 100vw, 506px\" \/><\/figure>\n<div class=\"wp-block-media-text__content\">Myym\u00e4l\u00e4p\u00e4\u00e4llikk\u00f6<br \/>\n<strong>Timo Niemi<\/strong><\/p>\n<div>040 820 9495<\/div>\n<p><a href=\"mailto:timo.niemi@hunaja.fi\">timo.niemi@hunaja.fi<\/a><\/p>\n<\/div>\n<\/div>\n<p>&nbsp;<\/p>\n<div class=\"wp-block-media-text alignwide is-stacked-on-mobile\" style=\"grid-template-columns: 32% auto;\">\n<figure class=\"wp-block-media-text__media\"><img decoding=\"async\" class=\"alignnone wp-image-48798 size-full\" src=\"https:\/\/hunaja.fi\/wp-content\/uploads\/2025\/08\/Laila-002.png\" alt=\"Laila Valme\" width=\"506\" height=\"493\" \/><\/figure>\n<div class=\"wp-block-media-text__content\">Varastomyym\u00e4l\u00e4n hoitaja<br \/>\n<strong>Laila Valme<\/strong><\/p>\n<div>040 120 4226<\/div>\n<p><a href=\"mailto:laila.valme@hunaja.fi\">laila.valme@hunaja.fi<\/a><\/p>\n<\/div>\n<\/div>\n<p>&nbsp;<\/p>\n<div class=\"wp-block-media-text alignwide is-stacked-on-mobile\" style=\"grid-template-columns: 32% auto;\">\n<figure class=\"wp-block-media-text__media\"><img decoding=\"async\" class=\"alignnone wp-image-26209 size-full\" src=\"https:\/\/hunaja.fi\/wp-content\/uploads\/2021\/04\/reima-pyorea.png\" alt=\"Reima Kulmala\" width=\"506\" height=\"493\" srcset=\"https:\/\/hunaja.fi\/wp-content\/uploads\/2021\/04\/reima-pyorea.png 506w, https:\/\/hunaja.fi\/wp-content\/uploads\/2021\/04\/reima-pyorea-328x320.png 328w, https:\/\/hunaja.fi\/wp-content\/uploads\/2021\/04\/reima-pyorea-500x487.png 500w\" sizes=\"(max-width: 506px) 100vw, 506px\" \/><\/figure>\n<div class=\"wp-block-media-text__content\">Vahamestari<br \/>\n<strong>Reima Kulmala<\/strong><\/p>\n<div>0207 769 686<\/div>\n<div>0400 193 947<\/div>\n<p><a href=\"mailto:reima.kulmala@hunaja.fi\">reima.kulmala@hunaja.fi<\/a><\/p>\n<\/div>\n<\/div>\n<p>&nbsp;<\/p>\n<h3><strong>Hunajayhtym\u00e4 Tuotanto Oy<\/strong><\/h3>\n<p>GSM 0400 330 471<br \/>\n<a href=\"mailto:mehilaishoitajat@hunaja.fi\">mehilaishoitajat@hunaja.fi<\/a><\/p>\n","protected":false},"excerpt":{"rendered":"<p>Hunajayhtym\u00e4 Oy Postiosoite: PL 110, 32201 Loimaa K\u00e4yntiosoite: Kojonper\u00e4ntie 13, 32250 Kojonkulma Puh. 0207 769 680 GSM 0400 193 941 S\u00e4hk\u00f6posti: hunaja@hunaja.fi FB: www.facebook.com\/hunajayhtyma Verkkolaskuosoite: 003702040452 V\u00e4litt\u00e4j\u00e4tunnus: BAWCFI22 Myym\u00e4l\u00e4 avoinna arkisin klo 8.00 &#8211; 17.00 &nbsp; HALLINTO Toimitusjohtaja Aapo Savo Puh. 0207 769 681 050 330 8592 aapo.savo@hunaja.fi &nbsp; Toimistop\u00e4\u00e4llikk\u00f6 Susanna Kulmala Puh. 0207 769 [&hellip;]<\/p>\n","protected":false},"author":4,"featured_media":26390,"parent":6184,"menu_order":99,"comment_status":"closed","ping_status":"closed","template":"","meta":{"_acf_changed":false,"_improvement_type_select":"improve_an_existing","_thumb_yes_seoaic":false,"_frame_yes_seoaic":false,"seoaic_generate_description":"","seoaic_improve_instructions_prompt":"","seoaic_rollback_content_improvement":"","seoaic_idea_thumbnail_generator":"","thumbnail_generated":false,"thumbnail_generate_prompt":"","seoaic_article_description":"","site-sidebar-layout":"default","site-content-layout":"default","ast-site-content-layout":"default","site-content-style":"default","site-sidebar-style":"default","ast-global-header-display":"","ast-banner-title-visibility":"","ast-main-header-display":"","ast-hfb-above-header-display":"","ast-hfb-below-header-display":"","ast-hfb-mobile-header-display":"","site-post-title":"","ast-breadcrumbs-content":"","ast-featured-img":"","footer-sml-layout":"","ast-disable-related-posts":"","theme-transparent-header-meta":"default","adv-header-id-meta":"","stick-header-meta":"default","header-above-stick-meta":"","header-main-stick-meta":"","header-below-stick-meta":"","astra-migrate-meta-layouts":"set","ast-page-background-enabled":"default","ast-page-background-meta":{"desktop":{"background-color":"","background-image":"","background-repeat":"repeat","background-position":"center center","background-size":"auto","background-attachment":"scroll","background-type":"","background-media":"","overlay-type":"","overlay-color":"","overlay-opacity":"","overlay-gradient":""},"tablet":{"background-color":"","background-image":"","background-repeat":"repeat","background-position":"center center","background-size":"auto","background-attachment":"scroll","background-type":"","background-media":"","overlay-type":"","overlay-color":"","overlay-opacity":"","overlay-gradient":""},"mobile":{"background-color":"","background-image":"","background-repeat":"repeat","background-position":"center center","background-size":"auto","background-attachment":"scroll","background-type":"","background-media":"","overlay-type":"","overlay-color":"","overlay-opacity":"","overlay-gradient":""}},"ast-content-background-meta":{"desktop":{"background-color":"var(--ast-global-color-5)","background-image":"","background-repeat":"repeat","background-position":"center center","background-size":"auto","background-attachment":"scroll","background-type":"","background-media":"","overlay-type":"","overlay-color":"","overlay-opacity":"","overlay-gradient":""},"tablet":{"background-color":"var(--ast-global-color-5)","background-image":"","background-repeat":"repeat","background-position":"center center","background-size":"auto","background-attachment":"scroll","background-type":"","background-media":"","overlay-type":"","overlay-color":"","overlay-opacity":"","overlay-gradient":""},"mobile":{"background-color":"var(--ast-global-color-5)","background-image":"","background-repeat":"repeat","background-position":"center center","background-size":"auto","background-attachment":"scroll","background-type":"","background-media":"","overlay-type":"","overlay-color":"","overlay-opacity":"","overlay-gradient":""}},"footnotes":""},"class_list":["post-5131","page","type-page","status-publish","has-post-thumbnail","hentry"],"acf":[],"yoast_head":"<!-- This site is optimized with the Yoast SEO plugin v26.7 - https:\/\/yoast.com\/wordpress\/plugins\/seo\/ -->\n<title>Contact information - Hunajayhtym\u00e4 Oy<\/title>\n<meta name=\"description\" content=\"Hunajayhtym\u00e4 Oy Postiosoite: PL 110, 32201 Loimaa K\u00e4yntiosoite: Kojonper\u00e4ntie 13, 32250 Kojonkulma Puh. 0207 769 680 GSM 0400 193 941 S\u00e4hk\u00f6posti:\" \/>\n<meta name=\"robots\" content=\"index, follow, max-snippet:-1, max-image-preview:large, max-video-preview:-1\" \/>\n<link rel=\"canonical\" href=\"https:\/\/hunaja.fi\/en\/honey-group-finland\/contact-information\/\" \/>\n<meta property=\"og:locale\" content=\"en_US\" \/>\n<meta property=\"og:type\" content=\"article\" \/>\n<meta property=\"og:title\" content=\"Contact information - Hunajayhtym\u00e4 Oy\" \/>\n<meta property=\"og:description\" content=\"Hunajayhtym\u00e4 Oy Postiosoite: PL 110, 32201 Loimaa K\u00e4yntiosoite: Kojonper\u00e4ntie 13, 32250 Kojonkulma Puh. 0207 769 680 GSM 0400 193 941 S\u00e4hk\u00f6posti:\" \/>\n<meta property=\"og:url\" content=\"https:\/\/hunaja.fi\/en\/honey-group-finland\/contact-information\/\" \/>\n<meta property=\"og:site_name\" content=\"Hunajayhtym\u00e4 Oy\" \/>\n<meta property=\"article:modified_time\" content=\"2025-08-19T10:59:43+00:00\" \/>\n<meta property=\"og:image\" content=\"https:\/\/hunaja.fi\/wp-content\/uploads\/2021\/04\/beehive-5026856_1920.jpg\" \/>\n\t<meta property=\"og:image:width\" content=\"1920\" \/>\n\t<meta property=\"og:image:height\" content=\"1280\" \/>\n\t<meta property=\"og:image:type\" content=\"image\/jpeg\" \/>\n<meta name=\"twitter:card\" content=\"summary_large_image\" \/>\n<meta name=\"twitter:label1\" content=\"Est. reading time\" \/>\n\t<meta name=\"twitter:data1\" content=\"3 minutes\" \/>\n<script type=\"application\/ld+json\" class=\"yoast-schema-graph\">{\"@context\":\"https:\/\/schema.org\",\"@graph\":[{\"@type\":\"WebPage\",\"@id\":\"https:\/\/hunaja.fi\/en\/honey-group-finland\/contact-information\/\",\"url\":\"https:\/\/hunaja.fi\/en\/honey-group-finland\/contact-information\/\",\"name\":\"Contact information - Hunajayhtym\u00e4 Oy\",\"isPartOf\":{\"@id\":\"https:\/\/hunaja.fi\/#website\"},\"primaryImageOfPage\":{\"@id\":\"https:\/\/hunaja.fi\/en\/honey-group-finland\/contact-information\/#primaryimage\"},\"image\":{\"@id\":\"https:\/\/hunaja.fi\/en\/honey-group-finland\/contact-information\/#primaryimage\"},\"thumbnailUrl\":\"https:\/\/hunaja.fi\/wp-content\/uploads\/2021\/04\/beehive-5026856_1920.jpg\",\"datePublished\":\"2019-06-05T14:00:46+00:00\",\"dateModified\":\"2025-08-19T10:59:43+00:00\",\"description\":\"Hunajayhtym\u00e4 Oy Postiosoite: PL 110, 32201 Loimaa K\u00e4yntiosoite: Kojonper\u00e4ntie 13, 32250 Kojonkulma Puh. 0207 769 680 GSM 0400 193 941 S\u00e4hk\u00f6posti:\",\"breadcrumb\":{\"@id\":\"https:\/\/hunaja.fi\/en\/honey-group-finland\/contact-information\/#breadcrumb\"},\"inLanguage\":\"en-US\",\"potentialAction\":[{\"@type\":\"ReadAction\",\"target\":[\"https:\/\/hunaja.fi\/en\/honey-group-finland\/contact-information\/\"]}]},{\"@type\":\"ImageObject\",\"inLanguage\":\"en-US\",\"@id\":\"https:\/\/hunaja.fi\/en\/honey-group-finland\/contact-information\/#primaryimage\",\"url\":\"https:\/\/hunaja.fi\/wp-content\/uploads\/2021\/04\/beehive-5026856_1920.jpg\",\"contentUrl\":\"https:\/\/hunaja.fi\/wp-content\/uploads\/2021\/04\/beehive-5026856_1920.jpg\",\"width\":1920,\"height\":1280,\"caption\":\"Hunajayhtym\u00e4n yhteystiedot\"},{\"@type\":\"BreadcrumbList\",\"@id\":\"https:\/\/hunaja.fi\/en\/honey-group-finland\/contact-information\/#breadcrumb\",\"itemListElement\":[{\"@type\":\"ListItem\",\"position\":1,\"name\":\"Etusivu\",\"item\":\"https:\/\/hunaja.fi\/en\/\"},{\"@type\":\"ListItem\",\"position\":2,\"name\":\"Honey Group Finland\",\"item\":\"https:\/\/hunaja.fi\/en\/honey-group-finland\/\"},{\"@type\":\"ListItem\",\"position\":3,\"name\":\"Contact information\"}]},{\"@type\":\"WebSite\",\"@id\":\"https:\/\/hunaja.fi\/#website\",\"url\":\"https:\/\/hunaja.fi\/\",\"name\":\"Hunajayhtym\u00e4 Oy\",\"description\":\"Nature Loves Finnish Floral Honey\",\"publisher\":{\"@id\":\"https:\/\/hunaja.fi\/#organization\"},\"potentialAction\":[{\"@type\":\"SearchAction\",\"target\":{\"@type\":\"EntryPoint\",\"urlTemplate\":\"https:\/\/hunaja.fi\/?s={search_term_string}\"},\"query-input\":{\"@type\":\"PropertyValueSpecification\",\"valueRequired\":true,\"valueName\":\"search_term_string\"}}],\"inLanguage\":\"en-US\"},{\"@type\":\"Organization\",\"@id\":\"https:\/\/hunaja.fi\/#organization\",\"name\":\"Hunajayhtym\u00e4 Oy\",\"url\":\"https:\/\/hunaja.fi\/\",\"logo\":{\"@type\":\"ImageObject\",\"inLanguage\":\"en-US\",\"@id\":\"https:\/\/hunaja.fi\/#\/schema\/logo\/image\/\",\"url\":\"https:\/\/hunaja.fi\/wp-content\/uploads\/2021\/07\/Hunajayhtyma_Logo_VAAKA_slogan_cmyk-01.png\",\"contentUrl\":\"https:\/\/hunaja.fi\/wp-content\/uploads\/2021\/07\/Hunajayhtyma_Logo_VAAKA_slogan_cmyk-01.png\",\"width\":656,\"height\":242,\"caption\":\"Hunajayhtym\u00e4 Oy\"},\"image\":{\"@id\":\"https:\/\/hunaja.fi\/#\/schema\/logo\/image\/\"}}]}<\/script>\n<!-- \/ Yoast SEO plugin. -->","yoast_head_json":{"title":"Contact information - Hunajayhtym\u00e4 Oy","description":"Hunajayhtym\u00e4 Oy Postiosoite: PL 110, 32201 Loimaa K\u00e4yntiosoite: Kojonper\u00e4ntie 13, 32250 Kojonkulma Puh. 0207 769 680 GSM 0400 193 941 S\u00e4hk\u00f6posti:","robots":{"index":"index","follow":"follow","max-snippet":"max-snippet:-1","max-image-preview":"max-image-preview:large","max-video-preview":"max-video-preview:-1"},"canonical":"https:\/\/hunaja.fi\/en\/honey-group-finland\/contact-information\/","og_locale":"en_US","og_type":"article","og_title":"Contact information - Hunajayhtym\u00e4 Oy","og_description":"Hunajayhtym\u00e4 Oy Postiosoite: PL 110, 32201 Loimaa K\u00e4yntiosoite: Kojonper\u00e4ntie 13, 32250 Kojonkulma Puh. 0207 769 680 GSM 0400 193 941 S\u00e4hk\u00f6posti:","og_url":"https:\/\/hunaja.fi\/en\/honey-group-finland\/contact-information\/","og_site_name":"Hunajayhtym\u00e4 Oy","article_modified_time":"2025-08-19T10:59:43+00:00","og_image":[{"width":1920,"height":1280,"url":"https:\/\/hunaja.fi\/wp-content\/uploads\/2021\/04\/beehive-5026856_1920.jpg","type":"image\/jpeg"}],"twitter_card":"summary_large_image","twitter_misc":{"Est. reading time":"3 minutes"},"schema":{"@context":"https:\/\/schema.org","@graph":[{"@type":"WebPage","@id":"https:\/\/hunaja.fi\/en\/honey-group-finland\/contact-information\/","url":"https:\/\/hunaja.fi\/en\/honey-group-finland\/contact-information\/","name":"Contact information - Hunajayhtym\u00e4 Oy","isPartOf":{"@id":"https:\/\/hunaja.fi\/#website"},"primaryImageOfPage":{"@id":"https:\/\/hunaja.fi\/en\/honey-group-finland\/contact-information\/#primaryimage"},"image":{"@id":"https:\/\/hunaja.fi\/en\/honey-group-finland\/contact-information\/#primaryimage"},"thumbnailUrl":"https:\/\/hunaja.fi\/wp-content\/uploads\/2021\/04\/beehive-5026856_1920.jpg","datePublished":"2019-06-05T14:00:46+00:00","dateModified":"2025-08-19T10:59:43+00:00","description":"Hunajayhtym\u00e4 Oy Postiosoite: PL 110, 32201 Loimaa K\u00e4yntiosoite: Kojonper\u00e4ntie 13, 32250 Kojonkulma Puh. 0207 769 680 GSM 0400 193 941 S\u00e4hk\u00f6posti:","breadcrumb":{"@id":"https:\/\/hunaja.fi\/en\/honey-group-finland\/contact-information\/#breadcrumb"},"inLanguage":"en-US","potentialAction":[{"@type":"ReadAction","target":["https:\/\/hunaja.fi\/en\/honey-group-finland\/contact-information\/"]}]},{"@type":"ImageObject","inLanguage":"en-US","@id":"https:\/\/hunaja.fi\/en\/honey-group-finland\/contact-information\/#primaryimage","url":"https:\/\/hunaja.fi\/wp-content\/uploads\/2021\/04\/beehive-5026856_1920.jpg","contentUrl":"https:\/\/hunaja.fi\/wp-content\/uploads\/2021\/04\/beehive-5026856_1920.jpg","width":1920,"height":1280,"caption":"Hunajayhtym\u00e4n yhteystiedot"},{"@type":"BreadcrumbList","@id":"https:\/\/hunaja.fi\/en\/honey-group-finland\/contact-information\/#breadcrumb","itemListElement":[{"@type":"ListItem","position":1,"name":"Etusivu","item":"https:\/\/hunaja.fi\/en\/"},{"@type":"ListItem","position":2,"name":"Honey Group Finland","item":"https:\/\/hunaja.fi\/en\/honey-group-finland\/"},{"@type":"ListItem","position":3,"name":"Contact information"}]},{"@type":"WebSite","@id":"https:\/\/hunaja.fi\/#website","url":"https:\/\/hunaja.fi\/","name":"Hunajayhtym\u00e4 Oy","description":"Nature Loves Finnish Floral Honey","publisher":{"@id":"https:\/\/hunaja.fi\/#organization"},"potentialAction":[{"@type":"SearchAction","target":{"@type":"EntryPoint","urlTemplate":"https:\/\/hunaja.fi\/?s={search_term_string}"},"query-input":{"@type":"PropertyValueSpecification","valueRequired":true,"valueName":"search_term_string"}}],"inLanguage":"en-US"},{"@type":"Organization","@id":"https:\/\/hunaja.fi\/#organization","name":"Hunajayhtym\u00e4 Oy","url":"https:\/\/hunaja.fi\/","logo":{"@type":"ImageObject","inLanguage":"en-US","@id":"https:\/\/hunaja.fi\/#\/schema\/logo\/image\/","url":"https:\/\/hunaja.fi\/wp-content\/uploads\/2021\/07\/Hunajayhtyma_Logo_VAAKA_slogan_cmyk-01.png","contentUrl":"https:\/\/hunaja.fi\/wp-content\/uploads\/2021\/07\/Hunajayhtyma_Logo_VAAKA_slogan_cmyk-01.png","width":656,"height":242,"caption":"Hunajayhtym\u00e4 Oy"},"image":{"@id":"https:\/\/hunaja.fi\/#\/schema\/logo\/image\/"}}]}},"_links":{"self":[{"href":"https:\/\/hunaja.fi\/en\/wp-json\/wp\/v2\/pages\/5131","targetHints":{"allow":["GET"]}}],"collection":[{"href":"https:\/\/hunaja.fi\/en\/wp-json\/wp\/v2\/pages"}],"about":[{"href":"https:\/\/hunaja.fi\/en\/wp-json\/wp\/v2\/types\/page"}],"author":[{"embeddable":true,"href":"https:\/\/hunaja.fi\/en\/wp-json\/wp\/v2\/users\/4"}],"replies":[{"embeddable":true,"href":"https:\/\/hunaja.fi\/en\/wp-json\/wp\/v2\/comments?post=5131"}],"version-history":[{"count":17,"href":"https:\/\/hunaja.fi\/en\/wp-json\/wp\/v2\/pages\/5131\/revisions"}],"predecessor-version":[{"id":48832,"href":"https:\/\/hunaja.fi\/en\/wp-json\/wp\/v2\/pages\/5131\/revisions\/48832"}],"up":[{"embeddable":true,"href":"https:\/\/hunaja.fi\/en\/wp-json\/wp\/v2\/pages\/6184"}],"wp:featuredmedia":[{"embeddable":true,"href":"https:\/\/hunaja.fi\/en\/wp-json\/wp\/v2\/media\/26390"}],"wp:attachment":[{"href":"https:\/\/hunaja.fi\/en\/wp-json\/wp\/v2\/media?parent=5131"}],"curies":[{"name":"wp","href":"https:\/\/api.w.org\/{rel}","templated":true}]}}